{"id":2256,"date":"2018-04-05T13:23:18","date_gmt":"2018-04-05T11:23:18","guid":{"rendered":"http:\/\/www.milar.pl\/new-site-milar-pl\/?page_id=2256"},"modified":"2025-03-18T09:31:35","modified_gmt":"2025-03-18T08:31:35","slug":"company-data","status":"publish","type":"page","link":"https:\/\/www.milar.pl\/en\/about-company\/company-data\/","title":{"rendered":"Company Details"},"content":{"rendered":"<h1>Company Data<\/h1>\n<table  class=\"mceItemTable table table-hover\"  border=\"0\" frame=\"VOID\" rules=\"NONE\" cellspacing=\"0\">\n<tbody>\n<tr>\n<td style=\"height: 56px;\" align=\"LEFT\" width=\"320\"><\/td>\n<td style=\"height: 56px;\" align=\"LEFT\" width=\"328\"><strong>Milar Sp. z o.o.<\/strong><\/td>\n<\/tr>\n<tr>\n<td align=\"LEFT\" height=\"18\"><b>The main office:<\/b><\/td>\n<td align=\"LEFT\">ul. Graniczna 47<\/td>\n<\/tr>\n<tr>\n<td align=\"LEFT\" height=\"18\"><\/td>\n<td align=\"LEFT\">05-825 Grodzisk Mazowiecki<\/td>\n<\/tr>\n<tr>\n<td align=\"LEFT\" height=\"18\"><b>NIP: <\/b><\/td>\n<td align=\"LEFT\">529-000-86-03<\/td>\n<\/tr>\n<tr>\n<td align=\"LEFT\" height=\"18\"><b>REGON: <\/b><\/td>\n<td align=\"LEFT\">012037324<\/td>\n<\/tr>\n<tr>\n<td align=\"LEFT\" height=\"18\"><b>KRS: <\/b><\/td>\n<td align=\"LEFT\">0000112603 XIV Wydzia\u0142 Gospodarczy<\/td>\n<\/tr>\n<tr>\n<td align=\"LEFT\" height=\"18\"><b>Nominal capital: <\/b><\/td>\n<td align=\"LEFT\">76 000 PLN<\/td>\n<\/tr>\n<tr>\n<td align=\"LEFT\" height=\"24\"><\/td>\n<td align=\"LEFT\">S\u0105d Rejonowy dla M. ST. Warszawy w Warszawie<\/td>\n<\/tr>\n<tr>\n<td align=\"LEFT\" height=\"18\"><b>Authorities:<\/b><\/td>\n<td align=\"LEFT\">Jacek Karpi\u0144ski &#8211; <b>General Manager<\/b><\/td>\n<\/tr>\n<tr>\n<td align=\"LEFT\" height=\"18\"><\/td>\n<td align=\"LEFT\">Jacek Polewski \u2013\u00a0<strong>Board Chairman<\/strong><\/td>\n<\/tr>\n<tr>\n<td align=\"LEFT\" height=\"18\"><b>Bank account: <\/b><\/td>\n<td align=\"LEFT\"><b>EUR<br \/>\n<\/b><\/td>\n<\/tr>\n<tr>\n<td align=\"LEFT\" height=\"18\"><\/td>\n<td align=\"LEFT\">Raiffeisen Bank Polska SA<\/td>\n<\/tr>\n<tr>\n<td align=\"LEFT\" height=\"18\"><\/td>\n<td align=\"LEFT\">91 1750 0009 0000 0000 0168 8294<\/td>\n<\/tr>\n<tr>\n<td align=\"LEFT\" height=\"18\"><\/td>\n<td align=\"LEFT\">SWIFT: RCBWPLPW<\/td>\n<\/tr>\n<\/tbody>\n<\/table>\n","protected":false},"excerpt":{"rendered":"<p>Company Data Milar Sp. z o.o. The main office: ul. Graniczna 47 05-825 Grodzisk Mazowiecki NIP: 529-000-86-03 REGON: 012037324 KRS: 0000112603 XIV Wydzia\u0142 Gospodarczy Nominal capital: 76 000 PLN S\u0105d Rejonowy dla M. ST. Warszawy w Warszawie Authorities: Jacek Karpi\u0144ski &#8211; General Manager Jacek Polewski \u2013\u00a0Board Chairman Bank account: EUR Raiffeisen Bank Polska SA 91<\/p>\n<div><a class=\"btn-filled btn\" href=\"https:\/\/www.milar.pl\/en\/about-company\/company-data\/\" title=\"Company Details\">Read More<\/a><\/div>\n","protected":false},"author":1,"featured_media":0,"parent":2246,"menu_order":0,"comment_status":"closed","ping_status":"closed","template":"page-templates\/full-width.php","meta":{"footnotes":""},"class_list":["post-2256","page","type-page","status-publish","hentry"],"aioseo_notices":[],"_links":{"self":[{"href":"https:\/\/www.milar.pl\/en\/wp-json\/wp\/v2\/pages\/2256","targetHints":{"allow":["GET"]}}],"collection":[{"href":"https:\/\/www.milar.pl\/en\/wp-json\/wp\/v2\/pages"}],"about":[{"href":"https:\/\/www.milar.pl\/en\/wp-json\/wp\/v2\/types\/page"}],"author":[{"embeddable":true,"href":"https:\/\/www.milar.pl\/en\/wp-json\/wp\/v2\/users\/1"}],"replies":[{"embeddable":true,"href":"https:\/\/www.milar.pl\/en\/wp-json\/wp\/v2\/comments?post=2256"}],"version-history":[{"count":6,"href":"https:\/\/www.milar.pl\/en\/wp-json\/wp\/v2\/pages\/2256\/revisions"}],"predecessor-version":[{"id":6231,"href":"https:\/\/www.milar.pl\/en\/wp-json\/wp\/v2\/pages\/2256\/revisions\/6231"}],"up":[{"embeddable":true,"href":"https:\/\/www.milar.pl\/en\/wp-json\/wp\/v2\/pages\/2246"}],"wp:attachment":[{"href":"https:\/\/www.milar.pl\/en\/wp-json\/wp\/v2\/media?parent=2256"}],"curies":[{"name":"wp","href":"https:\/\/api.w.org\/{rel}","templated":true}]}}