{"id":2509,"date":"2018-04-11T12:28:11","date_gmt":"2018-04-11T10:28:11","guid":{"rendered":"http:\/\/www.milar.pl\/new-site-milar-pl\/?page_id=2509"},"modified":"2025-03-18T09:06:11","modified_gmt":"2025-03-18T08:06:11","slug":"about-company","status":"publish","type":"page","link":"https:\/\/www.milar.pl\/et\/about-company\/","title":{"rendered":"\u00dcldinformatsioon"},"content":{"rendered":"<h1>\u00dcldinformatsioon<\/h1>\n<p class=\"Normalny1\">Milar on Euroopa juhtiva keemiatoodete turustaja. Ettev\u00f5te kuulub\u00a0 Biesterfeld\u00a0 gruppi mille peakontor asub Saksamaal.<\/p>\n<p class=\"Normalny1\">Tegutseme Poola turul, oma klientidele professionaalset n\u00f5ustamist ja k\u00f5rgkvaliteetsete eriotstarbeliste toodete laia sortimenti pakkudes 1990. aastast.<\/p>\n<p>Pakkumine h\u00f5lmab:<\/p>\n<ul>\n<li>Materjale komposiitide tootmiseks<\/li>\n<li>T\u00f6\u00f6materjale (mudelitele, vormidele, protot\u00fc\u00fcpidele)<\/li>\n<li>Materjale elektroonika, elektrotehnika ja energeetika tarbeks<\/li>\n<li>Liime, m\u00e4\u00e4rdeid, isolatsioonimasse<\/li>\n<li>Silikoonkummi, kummisegusid ja kummilisasid<\/li>\n<li>Lisatooteid<\/li>\n<\/ul>\n<p class=\"Normalny1\">T\u00f5hus koost\u00f6\u00f6 paljude tootjatega on v\u00f5imaldanud koostada laiaulatusliku pakkumise erinevatele tootmisvaldkondadele. Mainekad tarnijad tagavad\u00a0 tarnitava toorme k\u00f5rge kvaliteedi ja juurdep\u00e4\u00e4su uusimatele tehnoloogiatele.<\/p>\n<p class=\"Normalny1\">P\u00e4dev t\u00f6\u00f6meeskond aitab Teil valida toote v\u00f5i juurutada uue tehnoloogia.<\/p>\n<p class=\"Normalny1\">\n<p>&nbsp;<\/p>\n","protected":false},"excerpt":{"rendered":"<p>\u00dcldinformatsioon Milar on Euroopa juhtiva keemiatoodete turustaja. Ettev\u00f5te kuulub\u00a0 Biesterfeld\u00a0 gruppi mille peakontor asub Saksamaal. Tegutseme Poola turul, oma klientidele professionaalset n\u00f5ustamist ja k\u00f5rgkvaliteetsete eriotstarbeliste toodete laia sortimenti pakkudes 1990. aastast. Pakkumine h\u00f5lmab: Materjale komposiitide tootmiseks T\u00f6\u00f6materjale (mudelitele, vormidele, protot\u00fc\u00fcpidele) Materjale elektroonika, elektrotehnika ja energeetika tarbeks Liime, m\u00e4\u00e4rdeid, isolatsioonimasse Silikoonkummi, kummisegusid ja kummilisasid Lisatooteid T\u00f5hus<\/p>\n<div><a class=\"btn-filled btn\" href=\"https:\/\/www.milar.pl\/et\/about-company\/\" title=\"\u00dcldinformatsioon\">Read More<\/a><\/div>\n","protected":false},"author":1,"featured_media":0,"parent":0,"menu_order":0,"comment_status":"closed","ping_status":"closed","template":"page-templates\/full-width.php","meta":{"footnotes":""},"class_list":["post-2509","page","type-page","status-publish","hentry"],"aioseo_notices":[],"_links":{"self":[{"href":"https:\/\/www.milar.pl\/et\/wp-json\/wp\/v2\/pages\/2509","targetHints":{"allow":["GET"]}}],"collection":[{"href":"https:\/\/www.milar.pl\/et\/wp-json\/wp\/v2\/pages"}],"about":[{"href":"https:\/\/www.milar.pl\/et\/wp-json\/wp\/v2\/types\/page"}],"author":[{"embeddable":true,"href":"https:\/\/www.milar.pl\/et\/wp-json\/wp\/v2\/users\/1"}],"replies":[{"embeddable":true,"href":"https:\/\/www.milar.pl\/et\/wp-json\/wp\/v2\/comments?post=2509"}],"version-history":[{"count":4,"href":"https:\/\/www.milar.pl\/et\/wp-json\/wp\/v2\/pages\/2509\/revisions"}],"predecessor-version":[{"id":6221,"href":"https:\/\/www.milar.pl\/et\/wp-json\/wp\/v2\/pages\/2509\/revisions\/6221"}],"wp:attachment":[{"href":"https:\/\/www.milar.pl\/et\/wp-json\/wp\/v2\/media?parent=2509"}],"curies":[{"name":"wp","href":"https:\/\/api.w.org\/{rel}","templated":true}]}}