{"id":2516,"date":"2018-04-11T12:33:39","date_gmt":"2018-04-11T10:33:39","guid":{"rendered":"http:\/\/www.milar.pl\/new-site-milar-pl\/?page_id=2516"},"modified":"2018-04-11T12:34:58","modified_gmt":"2018-04-11T10:34:58","slug":"additional-materials-and-equipment","status":"publish","type":"page","link":"https:\/\/www.milar.pl\/et\/additional-materials-and-equipment\/","title":{"rendered":"Lisamaterjalid ja masinad"},"content":{"rendered":"<h1>Lisamaterjalid ja masinad<\/h1>\n<p>Teeme koost\u00f6\u00f6d masinate tootjatega, kellega saame \u00fchiselt T\u00c4IELIKKU TOOTMISTEHNOLOOGIAT juurutada.<\/p>\n<p>Meie poolt pakutavaid materjale kasutades juurutame tehnoloogiaid, mis tuginevad:<\/p>\n<p>&#8211; vaakummeetodil vaigusegude valmistamiseks m\u00f5eldud masinatele ja tehnoloogilistele liinidele<\/p>\n<p>&#8211; vaikude sissepritse masinatele ja tehnoloogilistele liinidele<\/p>\n<p>&#8211; vaakumvalu masinatele ja tehnoloogilistele liinidele<\/p>\n<p>&#8211; ADG, APG, RADG tehnika masinatele ja tehnoloogilistele liinidele<\/p>\n<p>&#8211; transformaatorite vaakumkuivatuseks m\u00f5eldud masinatele ja tehnoloogilistele liinidele<\/p>\n<p>&#8211; vaakumimmutuse masinatele ja tehnoloogilistele liinidele<\/p>\n<p>&#8211; m\u00e4histe impregneerimise masinatele ja tehnoloogilistele liinidele<\/p>\n<p>&#8211; infusioonitehnika ja vaakumkoti masinatele ning tehnoloogilistele liinidele<\/p>\n<p>&#8211; m\u00e4rgkerimiseks m\u00f5eldud masinatele ja tehnoloogilistele liinidele<\/p>\n<p>&#8211; trafo\u00f5li valmistamiseks ja taastamiseks m\u00f5eldud masinatele ning tehnoloogilistele liinidele<\/p>\n<p>&#8211; pultrusiooni masinatele ja tehnoloogilistele liinidele<\/p>\n<p>&#8211; RTM masinatele ja tehnoloogilistele liinidele<\/p>\n<p>&#8211; kummi ja silikoonide pressimise masinatele ning tehnoloogilistele liinidele<\/p>\n<p>&#8211; silikoonide ja muude elastomeeride sissepritse masinatele ning tehnoloogilistele liinidele<\/p>\n<p>&#8211; Prepregmaterjalide t\u00f6\u00f6tlemise masinatele ja tehnoloogilistele liinidele<\/p>\n<p>&#8211; elektroonikavalu masinatele ja tehnoloogilistele liinidele<\/p>\n<p>&#8211; kattekihtide (coating) masinatele ja tehnoloogilistele liinidele<\/p>\n<p>&#8211; rapid prototyping masinatele ja tehnoloogilistele liinidele<\/p>\n<p>&#8211; liimimise masinatele ja tehnoloogilistele liinidele<\/p>\n<p>&#8211; liimide ja vaikude UV tahkestamise (UV kiirgus) masinatele ja tehnoloogilistele liinidele<\/p>\n<p>&#8211; pindpaigalduse masinatele ja tehnoloogilistele liinidele<\/p>\n<p>&#8211; jootemasinatele ja tehnoloogilistele liinidele<\/p>\n<p>&#8211; doseerimismasinatele ja tehnoloogilistele liinidele<\/p>\n<p>&#8211; vaikude segamise masinatele ja tehnoloogilistele liinidele<\/p>\n<p>&#8211; rapid prototyping masinatele ja tehnoloogilistele liinidele<\/p>\n<p>&nbsp;<\/p>\n","protected":false},"excerpt":{"rendered":"<p>Lisamaterjalid ja masinad Teeme koost\u00f6\u00f6d masinate tootjatega, kellega saame \u00fchiselt T\u00c4IELIKKU TOOTMISTEHNOLOOGIAT juurutada. Meie poolt pakutavaid materjale kasutades juurutame tehnoloogiaid, mis tuginevad: &#8211; vaakummeetodil vaigusegude valmistamiseks m\u00f5eldud masinatele ja tehnoloogilistele liinidele &#8211; vaikude sissepritse masinatele ja tehnoloogilistele liinidele &#8211; vaakumvalu masinatele ja tehnoloogilistele liinidele &#8211; ADG, APG, RADG tehnika masinatele ja tehnoloogilistele liinidele &#8211; transformaatorite<\/p>\n<div><a class=\"btn-filled btn\" href=\"https:\/\/www.milar.pl\/et\/additional-materials-and-equipment\/\" title=\"Lisamaterjalid ja masinad\">Read More<\/a><\/div>\n","protected":false},"author":1,"featured_media":0,"parent":0,"menu_order":0,"comment_status":"closed","ping_status":"closed","template":"page-templates\/sidebar-right.php","meta":{"footnotes":""},"class_list":["post-2516","page","type-page","status-publish","hentry"],"aioseo_notices":[],"_links":{"self":[{"href":"https:\/\/www.milar.pl\/et\/wp-json\/wp\/v2\/pages\/2516","targetHints":{"allow":["GET"]}}],"collection":[{"href":"https:\/\/www.milar.pl\/et\/wp-json\/wp\/v2\/pages"}],"about":[{"href":"https:\/\/www.milar.pl\/et\/wp-json\/wp\/v2\/types\/page"}],"author":[{"embeddable":true,"href":"https:\/\/www.milar.pl\/et\/wp-json\/wp\/v2\/users\/1"}],"replies":[{"embeddable":true,"href":"https:\/\/www.milar.pl\/et\/wp-json\/wp\/v2\/comments?post=2516"}],"version-history":[{"count":3,"href":"https:\/\/www.milar.pl\/et\/wp-json\/wp\/v2\/pages\/2516\/revisions"}],"predecessor-version":[{"id":2519,"href":"https:\/\/www.milar.pl\/et\/wp-json\/wp\/v2\/pages\/2516\/revisions\/2519"}],"wp:attachment":[{"href":"https:\/\/www.milar.pl\/et\/wp-json\/wp\/v2\/media?parent=2516"}],"curies":[{"name":"wp","href":"https:\/\/api.w.org\/{rel}","templated":true}]}}