{"id":2520,"date":"2018-04-11T12:36:31","date_gmt":"2018-04-11T10:36:31","guid":{"rendered":"http:\/\/www.milar.pl\/new-site-milar-pl\/?page_id=2520"},"modified":"2018-04-11T12:37:19","modified_gmt":"2018-04-11T10:37:19","slug":"adhesives-lubricants-and-release-agents","status":"publish","type":"page","link":"https:\/\/www.milar.pl\/et\/adhesives-lubricants-and-release-agents\/","title":{"rendered":"Liimid ja m\u00e4\u00e4rded"},"content":{"rendered":"<div class=\"wpb-content-wrapper\"><p>[vc_row][vc_column][vc_column_text]<\/p>\n<h1>Liimid ja m\u00e4\u00e4rded<\/h1>\n<h2>Pakume j\u00e4rgnevaid materjale:<\/h2>\n<p>Liimid ja tihendid<\/p>\n<ul>\n<li>Epoks\u00fc\u00fcd<\/li>\n<li>Metakr\u00fc\u00fcl<\/li>\n<li>Pol\u00fcuretaan<\/li>\n<li>Silikoon<\/li>\n<li>Ts\u00fcaanakr\u00fc\u00fcl<\/li>\n<li>Anaeroobsed<\/li>\n<li>UV kiirgusega tahkestatavad<\/li>\n<li>MS Pol\u00fcmeerid<\/li>\n<\/ul>\n<p>MOLYKOTE eriotstarbelised m\u00e4\u00e4rdevahendid<\/p>\n<ul>\n<li>Pastad<\/li>\n<li>M\u00e4\u00e4rded<\/li>\n<li>AFC liuglakid<\/li>\n<li>Dispersioonid<\/li>\n<li>\u00d5lid<\/li>\n<li>T\u00e4iendavad tooted<\/li>\n<\/ul>\n<p>Eraldid ja tehismaterjalide t\u00f6\u00f6tlemise tooted<\/p>\n<ul>\n<li>Eraldid vormidele\n<ul>\n<li>silikoon<\/li>\n<li>silikoonivabad<\/li>\n<li>eriotstarbelised<\/li>\n<\/ul>\n<\/li>\n<li>Puhastus- ja roostevastased vahendid<\/li>\n<\/ul>\n<p>&nbsp;<\/p>\n<h2>Peamised kasutusvaldkonnad (turud\/t\u00f6\u00f6stus):<\/h2>\n<ul>\n<li>Autondus<\/li>\n<li>Lennundus<\/li>\n<li>Meditsiin<\/li>\n<li>Energeetika ja elektroonika<\/li>\n<li>Reklaam<\/li>\n<li>Valgustus<\/li>\n<li>Kodutehnika<\/li>\n<li>Kaevandamine<\/li>\n<li>Metallurgia<\/li>\n<li>Ehitus<\/li>\n<li>M\u00f6\u00f6blit\u00f6\u00f6stus<\/li>\n<li>Tehismaterjalide t\u00f6\u00f6tlemine<\/li>\n<\/ul>\n<p>&nbsp;<\/p>\n<p>[\/vc_column_text][\/vc_column][\/vc_row]<\/p>\n<\/div>","protected":false},"excerpt":{"rendered":"<p>[vc_row][vc_column][vc_column_text] Liimid ja m\u00e4\u00e4rded Pakume j\u00e4rgnevaid materjale: Liimid ja tihendid Epoks\u00fc\u00fcd Metakr\u00fc\u00fcl Pol\u00fcuretaan Silikoon Ts\u00fcaanakr\u00fc\u00fcl Anaeroobsed UV kiirgusega tahkestatavad MS Pol\u00fcmeerid MOLYKOTE eriotstarbelised m\u00e4\u00e4rdevahendid Pastad M\u00e4\u00e4rded AFC liuglakid Dispersioonid \u00d5lid T\u00e4iendavad tooted Eraldid ja tehismaterjalide t\u00f6\u00f6tlemise tooted Eraldid vormidele silikoon silikoonivabad eriotstarbelised Puhastus- ja roostevastased vahendid &nbsp; Peamised kasutusvaldkonnad (turud\/t\u00f6\u00f6stus): Autondus Lennundus Meditsiin Energeetika ja<\/p>\n<div><a class=\"btn-filled btn\" href=\"https:\/\/www.milar.pl\/et\/adhesives-lubricants-and-release-agents\/\" title=\"Liimid ja m\u00e4\u00e4rded\">Read More<\/a><\/div>\n","protected":false},"author":1,"featured_media":0,"parent":0,"menu_order":0,"comment_status":"closed","ping_status":"closed","template":"page-templates\/sidebar-right.php","meta":{"footnotes":""},"class_list":["post-2520","page","type-page","status-publish","hentry"],"aioseo_notices":[],"_links":{"self":[{"href":"https:\/\/www.milar.pl\/et\/wp-json\/wp\/v2\/pages\/2520","targetHints":{"allow":["GET"]}}],"collection":[{"href":"https:\/\/www.milar.pl\/et\/wp-json\/wp\/v2\/pages"}],"about":[{"href":"https:\/\/www.milar.pl\/et\/wp-json\/wp\/v2\/types\/page"}],"author":[{"embeddable":true,"href":"https:\/\/www.milar.pl\/et\/wp-json\/wp\/v2\/users\/1"}],"replies":[{"embeddable":true,"href":"https:\/\/www.milar.pl\/et\/wp-json\/wp\/v2\/comments?post=2520"}],"version-history":[{"count":2,"href":"https:\/\/www.milar.pl\/et\/wp-json\/wp\/v2\/pages\/2520\/revisions"}],"predecessor-version":[{"id":2522,"href":"https:\/\/www.milar.pl\/et\/wp-json\/wp\/v2\/pages\/2520\/revisions\/2522"}],"wp:attachment":[{"href":"https:\/\/www.milar.pl\/et\/wp-json\/wp\/v2\/media?parent=2520"}],"curies":[{"name":"wp","href":"https:\/\/api.w.org\/{rel}","templated":true}]}}