{"id":2523,"date":"2018-04-11T12:37:49","date_gmt":"2018-04-11T10:37:49","guid":{"rendered":"http:\/\/www.milar.pl\/new-site-milar-pl\/?page_id=2523"},"modified":"2018-04-11T12:38:06","modified_gmt":"2018-04-11T10:38:06","slug":"career","status":"publish","type":"page","link":"https:\/\/www.milar.pl\/et\/about-company\/career\/","title":{"rendered":"Karj\u00e4\u00e4r"},"content":{"rendered":"<h1>Karj\u00e4\u00e4r<\/h1>\n<p>K\u00e4esoleval ajal me t\u00f6\u00f6tajaid ei otsi.<\/p>\n<p>&nbsp;<\/p>\n","protected":false},"excerpt":{"rendered":"<p>Karj\u00e4\u00e4r K\u00e4esoleval ajal me t\u00f6\u00f6tajaid ei otsi. &nbsp;<\/p>\n","protected":false},"author":1,"featured_media":0,"parent":2509,"menu_order":0,"comment_status":"closed","ping_status":"closed","template":"page-templates\/full-width.php","meta":{"footnotes":""},"class_list":["post-2523","page","type-page","status-publish","hentry"],"aioseo_notices":[],"_links":{"self":[{"href":"https:\/\/www.milar.pl\/et\/wp-json\/wp\/v2\/pages\/2523","targetHints":{"allow":["GET"]}}],"collection":[{"href":"https:\/\/www.milar.pl\/et\/wp-json\/wp\/v2\/pages"}],"about":[{"href":"https:\/\/www.milar.pl\/et\/wp-json\/wp\/v2\/types\/page"}],"author":[{"embeddable":true,"href":"https:\/\/www.milar.pl\/et\/wp-json\/wp\/v2\/users\/1"}],"replies":[{"embeddable":true,"href":"https:\/\/www.milar.pl\/et\/wp-json\/wp\/v2\/comments?post=2523"}],"version-history":[{"count":3,"href":"https:\/\/www.milar.pl\/et\/wp-json\/wp\/v2\/pages\/2523\/revisions"}],"predecessor-version":[{"id":2526,"href":"https:\/\/www.milar.pl\/et\/wp-json\/wp\/v2\/pages\/2523\/revisions\/2526"}],"up":[{"embeddable":true,"href":"https:\/\/www.milar.pl\/et\/wp-json\/wp\/v2\/pages\/2509"}],"wp:attachment":[{"href":"https:\/\/www.milar.pl\/et\/wp-json\/wp\/v2\/media?parent=2523"}],"curies":[{"name":"wp","href":"https:\/\/api.w.org\/{rel}","templated":true}]}}