{"id":2544,"date":"2018-04-12T08:04:40","date_gmt":"2018-04-12T06:04:40","guid":{"rendered":"http:\/\/www.milar.pl\/new-site-milar-pl\/?page_id=2544"},"modified":"2018-04-12T08:05:20","modified_gmt":"2018-04-12T06:05:20","slug":"materials-for-composites-production","status":"publish","type":"page","link":"https:\/\/www.milar.pl\/et\/materials-for-composites-production\/","title":{"rendered":"Materjalid komposiitide tootmiseks"},"content":{"rendered":"<h1>Materjalid komposiitide tootmiseks<\/h1>\n<h2>Pakume j\u00e4rgnevaid materjale:<\/h2>\n<ul>\n<li>Armatuurid\n<ul>\n<li>klaasmatid<\/li>\n<li>kootud klaaskiud kangad<\/li>\n<li>\u00f5mmeldud klaaskiud kangad<\/li>\n<li>klaasmati kangad<\/li>\n<li>kangad RTM tarvis<\/li>\n<li>s\u00fcsinikriie<\/li>\n<li>aramiid kangad<\/li>\n<li>h\u00fcbriidid<\/li>\n<\/ul>\n<\/li>\n<li>Rovingud\n<ul>\n<li>klaaskiud roving<\/li>\n<li>aramiid roving<\/li>\n<li>s\u00fcsinik roving<\/li>\n<\/ul>\n<\/li>\n<li>Prepregmaterjalid<\/li>\n<li>Vahematerjalid (kerge sisu)\n<ul>\n<li>k\u00e4rjed<\/li>\n<li>PP baasil k\u00e4rjed<\/li>\n<li>balsa<\/li>\n<li>PVC vahtmaterjalid<\/li>\n<li>PET vahtmaterjalid<\/li>\n<li>PU vahtmaterjalid<\/li>\n<li>klaastugevdusega vahtmaterjalid<\/li>\n<\/ul>\n<\/li>\n<li>Vaigud\n<ul>\n<li>pol\u00fcestervaigud<\/li>\n<li>vin\u00fc\u00fclestervaigud<\/li>\n<li>epoks\u00fcvaigud<\/li>\n<\/ul>\n<\/li>\n<li>Geelkatted\n<ul>\n<li>ortoftaal geelkatted<\/li>\n<li>isoftaal geelkatted<\/li>\n<li>iso-npg geelkatted<\/li>\n<li>vin\u00fc\u00fclester geelkatted<\/li>\n<li>spetsiaalsed geelkatted<\/li>\n<li>pol\u00fcesterliimid<\/li>\n<\/ul>\n<\/li>\n<li>Eraldid\n<ul>\n<li>seesmised eraldid<\/li>\n<li>semipermanentsed eraldid<\/li>\n<li>eraldid vaha baasil<\/li>\n<li>eraldid vee baasil<\/li>\n<li>eraldid pol\u00fcmeerbetoonile<\/li>\n<li>puhastusvahendid<\/li>\n<\/ul>\n<\/li>\n<li>Abimaterjalid\n<ul>\n<li>infusioonimaterjalid<\/li>\n<li>vaakumkoti materjalid<\/li>\n<li>autoklaavi materjalid<\/li>\n<\/ul>\n<\/li>\n<\/ul>\n<h2>Peamised kasutusvaldkonnad (turud\/t\u00f6\u00f6stus):<\/h2>\n<ul>\n<li>Transport<\/li>\n<li>Jahid<\/li>\n<li>Lennukid<\/li>\n<li>S\u00f5jav\u00e4gi<\/li>\n<li>T\u00f6\u00f6stus<\/li>\n<li>Autondus<\/li>\n<li>Telekommunikatsioon<\/li>\n<\/ul>\n<p>&nbsp;<\/p>\n","protected":false},"excerpt":{"rendered":"<p>Materjalid komposiitide tootmiseks Pakume j\u00e4rgnevaid materjale: Armatuurid klaasmatid kootud klaaskiud kangad \u00f5mmeldud klaaskiud kangad klaasmati kangad kangad RTM tarvis s\u00fcsinikriie aramiid kangad h\u00fcbriidid Rovingud klaaskiud roving aramiid roving s\u00fcsinik roving Prepregmaterjalid Vahematerjalid (kerge sisu) k\u00e4rjed PP baasil k\u00e4rjed balsa PVC vahtmaterjalid PET vahtmaterjalid PU vahtmaterjalid klaastugevdusega vahtmaterjalid Vaigud pol\u00fcestervaigud vin\u00fc\u00fclestervaigud epoks\u00fcvaigud Geelkatted ortoftaal geelkatted isoftaal<\/p>\n<div><a class=\"btn-filled btn\" href=\"https:\/\/www.milar.pl\/et\/materials-for-composites-production\/\" title=\"Materjalid komposiitide tootmiseks\">Read More<\/a><\/div>\n","protected":false},"author":1,"featured_media":0,"parent":0,"menu_order":0,"comment_status":"closed","ping_status":"closed","template":"page-templates\/sidebar-right.php","meta":{"footnotes":""},"class_list":["post-2544","page","type-page","status-publish","hentry"],"aioseo_notices":[],"_links":{"self":[{"href":"https:\/\/www.milar.pl\/et\/wp-json\/wp\/v2\/pages\/2544","targetHints":{"allow":["GET"]}}],"collection":[{"href":"https:\/\/www.milar.pl\/et\/wp-json\/wp\/v2\/pages"}],"about":[{"href":"https:\/\/www.milar.pl\/et\/wp-json\/wp\/v2\/types\/page"}],"author":[{"embeddable":true,"href":"https:\/\/www.milar.pl\/et\/wp-json\/wp\/v2\/users\/1"}],"replies":[{"embeddable":true,"href":"https:\/\/www.milar.pl\/et\/wp-json\/wp\/v2\/comments?post=2544"}],"version-history":[{"count":2,"href":"https:\/\/www.milar.pl\/et\/wp-json\/wp\/v2\/pages\/2544\/revisions"}],"predecessor-version":[{"id":2546,"href":"https:\/\/www.milar.pl\/et\/wp-json\/wp\/v2\/pages\/2544\/revisions\/2546"}],"wp:attachment":[{"href":"https:\/\/www.milar.pl\/et\/wp-json\/wp\/v2\/media?parent=2544"}],"curies":[{"name":"wp","href":"https:\/\/api.w.org\/{rel}","templated":true}]}}