{"id":2547,"date":"2018-04-12T08:05:47","date_gmt":"2018-04-12T06:05:47","guid":{"rendered":"http:\/\/www.milar.pl\/new-site-milar-pl\/?page_id=2547"},"modified":"2018-04-12T08:08:28","modified_gmt":"2018-04-12T06:08:28","slug":"materials-for-construction-buildings","status":"publish","type":"page","link":"https:\/\/www.milar.pl\/et\/materials-for-construction-buildings\/","title":{"rendered":"Ehitusmaterjalid"},"content":{"rendered":"<h1>Ehitusmaterjalid<\/h1>\n<p><strong><u>KRYSTALFLEX &#8211; TPU kiled<\/u><\/strong><\/p>\n<p>KRYSTALFLEX (R) on lamineeritud turvaklaasi tootmise materjalide sektoris \u00fcheks tehnoloogiliselt k\u00f5ige laiemalt tuntud kaubam\u00e4rgiks.<\/p>\n<p>Lai valik enam kui 30 aasta jooksul edendatud ja arendatud termoplastilisi pol\u00fcuretaan-elastomeere (TPU), optilise, alifaatse kile kujul, vastab, autonduses, lennunduses, s\u00f5jav\u00e4e ning raudtee valdkonnas ja ehitusrakendustes, turva- ning kuulikindlate p\u00fcsilahenduste loomist soovivate lamineeritud klaaside tootjate k\u00f5ige rangematele n\u00f5udmistele.<\/p>\n<p>Pol\u00fcuretaankilet KRYSTALFLEX (R) kasutatakse klaasi ja k\u00f5rgkvaliteetse, suure l\u00f6\u00f6gikindlusega, tehismaterjali &#8211; nt pol\u00fckarbonaadi, liitmiseks, luues sellega mehhaanilistele kahjustustele ning kuulitabamustele v\u00e4ga hea vastupidavusega komposiitklaasi.<\/p>\n<p>Need kiled projekteeriti liitmaks klaasi ja tehismaterjali, so pol\u00fckarbonaadi ja akr\u00fc\u00fcli, lamineerimist puudutavat erinevat tootlikkust ja tooten\u00f5udmisi.<\/p>\n<p>Enama teabe hankimiseks palume tutvuda:<\/p>\n<p>Toote\u00fclevaade<u><\/u><\/p>\n<p><strong><u>ROMEX MB &#8211; epoks\u00fc\u00fcdvalud<\/u><\/strong><\/p>\n<p>ROMEX MB on betoonikaitsele (epoks\u00fcp\u00f5randad) m\u00f5eldud epoks\u00fc\u00fcdvalude tootmisele spetsialiseeruv pereettev\u00f5te. T\u00e4nu keskmisele tooteskaalale ja aastatepikkuse kogemusega spetsialistidele v\u00f5ib ettev\u00f5te pakkuda k\u00f5rgeima kvaliteediga toodet &#8220;Made in Germany&#8221;. Lisaks sellele pakume me, peale materjali, eriotstarbelise meeskonna poolt l\u00e4bi viidavat n\u00f5ustamist ja t\u00f6\u00f6j\u00e4relvalvet. \u00dcks algallikas (n\u00f5ustamine-tootmine-rakendus) tagab t\u00f6\u00f6protsessi \u00fcle t\u00e4ieliku kontrolli ja minimaliseerib vigade tekke ohu. N\u00e4dalavahetustel (laup\u00e4ev, p\u00fchap\u00e4ev) valude teostamise v\u00f5imalus tagab t\u00f6\u00f6seisakute v\u00e4ltimiseks t\u00e4iendava paindlikkuse. Kiireltnakkuvad eris\u00fcsteemid v\u00f5imaldavad v\u00e4iket\u00f6\u00f6de v\u00f5i paranduste teostamist ka \u00f6\u00f6sel.<\/p>\n<p>Samuti pakume ka toiduainetet\u00f6\u00f6stusele ja parklatele m\u00f5eldud ning k\u00f5rge kasutuskoormusega pindasid ja meie antistaatilise ESD valu spetsialiteeti.<\/p>\n<p>Pinnakatete t\u00fc\u00fcps\u00fcsteemid:<\/p>\n<p class=\"Normalny1\">Rompox 1005 &#8211; standardtooted, lao- ja tootmispinnad<\/p>\n<p class=\"Normalny1\">Rompox 1009 &#8211; pinnakate toiduainetet\u00f6\u00f6stusele, samuti ka niisketele ruumidele<\/p>\n<p class=\"Normalny1\">Rompox 1507 &#8211; pinnakate toiduainetet\u00f6\u00f6stusele, vastupidav keemiliselt ja niiskusele<\/p>\n<p class=\"Normalny1\">Rompox 1107 &#8211; ESD pinnakate, ATEX alad<\/p>\n<p class=\"Normalny1\">Rompox 1080 &#8211; elastne pinnakate, vastupidav d\u00fcnaamilisele koormusele ja l\u00f6\u00f6kidele<\/p>\n<p class=\"Normalny1\">Rompox 1204 &#8211; keemiliselt vastupidav tihendi, toiduainete valdkond, puhtad ruumid<\/p>\n<p class=\"Normalny1\">Rompox 1505 &#8211; standardne krunt, erinevad kasutusalad<\/p>\n<p><b><u>ROMEX PFM &#8211; pol\u00fcmeervuuk<\/u><\/b><\/p>\n<p>ROMEX PFM kuulub ROMEX AG alla ja on epoks\u00fc\u00fcd vuugit\u00e4idete tootmisele spetsialiseerunud tarnijaks. Romex on pol\u00fcmeersegude tootmise rajaleidja ja pakkudes t\u00e4naseni pidevalt aina uusi lahendusi, selle valdkonna liidriks.<\/p>\n<p>Unikaalne pol\u00fcmeerkoostis v\u00f5imaldab lihtsat, puhast ja kiiret pealekandmist, mis standardsete vuukide teostamisel paraku v\u00f5imalik ei ole.<\/p>\n<p><b><u>COREX &#8211; alumiiniumist k\u00e4rgstruktuurplaadid (k\u00e4rjed, honeycomb)<\/u><\/b><\/p>\n<p>Paisutatavad \/laialit\u00f5mmatavad alumiiniumk\u00e4rjed on hoonete p\u00f5randate kergpaneelide, m\u00fc\u00fcgipunktide ja vahekorruste konstruktsioonide ehituses vahtmaterjalidele p\u00f5nevaks alternatiiviks.<\/p>\n<p><strong><u>THERMHEX &#8211; pol\u00fcprop\u00fcleen k\u00e4rgplaadid<\/u><\/strong><\/p>\n<p>Pol\u00fcprop\u00fcleenist k\u00e4rgsisuga paneelid on paneelpaigalduse kergmaterjaliks. T\u00e4nu lihtsale k\u00e4rgkonstruktsioonile, leiavad nad kasutust seal, kus on oluline toote massi ja j\u00e4ikuse kooslus. Honeycomb-PP plaadid on m\u00f5eldud eelk\u00f5ige isotermiliste ja kergseinte, kergete m\u00fc\u00fcgiehitiste ning reklaamide p\u00fcstitamiseks.<\/p>\n","protected":false},"excerpt":{"rendered":"<p>Ehitusmaterjalid KRYSTALFLEX &#8211; TPU kiled KRYSTALFLEX (R) on lamineeritud turvaklaasi tootmise materjalide sektoris \u00fcheks tehnoloogiliselt k\u00f5ige laiemalt tuntud kaubam\u00e4rgiks. Lai valik enam kui 30 aasta jooksul edendatud ja arendatud termoplastilisi pol\u00fcuretaan-elastomeere (TPU), optilise, alifaatse kile kujul, vastab, autonduses, lennunduses, s\u00f5jav\u00e4e ning raudtee valdkonnas ja ehitusrakendustes, turva- ning kuulikindlate p\u00fcsilahenduste loomist soovivate lamineeritud klaaside tootjate k\u00f5ige<\/p>\n<div><a class=\"btn-filled btn\" href=\"https:\/\/www.milar.pl\/et\/materials-for-construction-buildings\/\" title=\"Ehitusmaterjalid\">Read More<\/a><\/div>\n","protected":false},"author":1,"featured_media":0,"parent":0,"menu_order":0,"comment_status":"closed","ping_status":"closed","template":"page-templates\/sidebar-right.php","meta":{"footnotes":""},"class_list":["post-2547","page","type-page","status-publish","hentry"],"aioseo_notices":[],"_links":{"self":[{"href":"https:\/\/www.milar.pl\/et\/wp-json\/wp\/v2\/pages\/2547","targetHints":{"allow":["GET"]}}],"collection":[{"href":"https:\/\/www.milar.pl\/et\/wp-json\/wp\/v2\/pages"}],"about":[{"href":"https:\/\/www.milar.pl\/et\/wp-json\/wp\/v2\/types\/page"}],"author":[{"embeddable":true,"href":"https:\/\/www.milar.pl\/et\/wp-json\/wp\/v2\/users\/1"}],"replies":[{"embeddable":true,"href":"https:\/\/www.milar.pl\/et\/wp-json\/wp\/v2\/comments?post=2547"}],"version-history":[{"count":3,"href":"https:\/\/www.milar.pl\/et\/wp-json\/wp\/v2\/pages\/2547\/revisions"}],"predecessor-version":[{"id":2551,"href":"https:\/\/www.milar.pl\/et\/wp-json\/wp\/v2\/pages\/2547\/revisions\/2551"}],"wp:attachment":[{"href":"https:\/\/www.milar.pl\/et\/wp-json\/wp\/v2\/media?parent=2547"}],"curies":[{"name":"wp","href":"https:\/\/api.w.org\/{rel}","templated":true}]}}