{"id":2554,"date":"2018-04-12T08:09:55","date_gmt":"2018-04-12T06:09:55","guid":{"rendered":"http:\/\/www.milar.pl\/new-site-milar-pl\/?page_id=2554"},"modified":"2018-04-12T08:10:32","modified_gmt":"2018-04-12T06:10:32","slug":"materials-for-the-power-industry-and-electrical-engineering","status":"publish","type":"page","link":"https:\/\/www.milar.pl\/et\/materials-for-the-power-industry-and-electrical-engineering\/","title":{"rendered":"Materjalid energeetikale ja elektrotehnikale"},"content":{"rendered":"<h1>Materjalid energeetikale ja elektrotehnikale<\/h1>\n<h2>Pakume j\u00e4rgnevaid materjale:<\/h2>\n<ul>\n<li>Epoks\u00fcvaigud valudeks<\/li>\n<li>Epoks\u00fc- ja pol\u00fcuretaanvaigud valuks ja hermetiseerimiseks<\/li>\n<li>Lakid ja vaigud impregneerimiseks<\/li>\n<li>Silikoonid\n<ul>\n<li>RTV silikoonid<\/li>\n<li>HTV, LSR silikoonid<\/li>\n<\/ul>\n<\/li>\n<li>Epoks\u00fc-, pol\u00fcester- ja fenoolpresspulbrid<\/li>\n<li>Krepp- ja anorgaaniline paber<\/li>\n<\/ul>\n<h2>Peamised kasutusvaldkonnad (turud\/t\u00f6\u00f6stus):<\/h2>\n<ul>\n<li>Mootorid ja generaatorid<\/li>\n<li>Isolaatorid<\/li>\n<li>Muundurid<\/li>\n<li>Elektriisolatsiooni laminaadid<\/li>\n<li>Transformaatorid<\/li>\n<li>Kaablimuhvid<\/li>\n<li>Isoleeritud korpused, karbikud ja \u00fchendused<\/li>\n<\/ul>\n<p>&nbsp;<\/p>\n","protected":false},"excerpt":{"rendered":"<p>Materjalid energeetikale ja elektrotehnikale Pakume j\u00e4rgnevaid materjale: Epoks\u00fcvaigud valudeks Epoks\u00fc- ja pol\u00fcuretaanvaigud valuks ja hermetiseerimiseks Lakid ja vaigud impregneerimiseks Silikoonid RTV silikoonid HTV, LSR silikoonid Epoks\u00fc-, pol\u00fcester- ja fenoolpresspulbrid Krepp- ja anorgaaniline paber Peamised kasutusvaldkonnad (turud\/t\u00f6\u00f6stus): Mootorid ja generaatorid Isolaatorid Muundurid Elektriisolatsiooni laminaadid Transformaatorid Kaablimuhvid Isoleeritud korpused, karbikud ja \u00fchendused &nbsp;<\/p>\n","protected":false},"author":1,"featured_media":0,"parent":0,"menu_order":0,"comment_status":"closed","ping_status":"closed","template":"page-templates\/sidebar-right.php","meta":{"footnotes":""},"class_list":["post-2554","page","type-page","status-publish","hentry"],"aioseo_notices":[],"_links":{"self":[{"href":"https:\/\/www.milar.pl\/et\/wp-json\/wp\/v2\/pages\/2554","targetHints":{"allow":["GET"]}}],"collection":[{"href":"https:\/\/www.milar.pl\/et\/wp-json\/wp\/v2\/pages"}],"about":[{"href":"https:\/\/www.milar.pl\/et\/wp-json\/wp\/v2\/types\/page"}],"author":[{"embeddable":true,"href":"https:\/\/www.milar.pl\/et\/wp-json\/wp\/v2\/users\/1"}],"replies":[{"embeddable":true,"href":"https:\/\/www.milar.pl\/et\/wp-json\/wp\/v2\/comments?post=2554"}],"version-history":[{"count":2,"href":"https:\/\/www.milar.pl\/et\/wp-json\/wp\/v2\/pages\/2554\/revisions"}],"predecessor-version":[{"id":2556,"href":"https:\/\/www.milar.pl\/et\/wp-json\/wp\/v2\/pages\/2554\/revisions\/2556"}],"wp:attachment":[{"href":"https:\/\/www.milar.pl\/et\/wp-json\/wp\/v2\/media?parent=2554"}],"curies":[{"name":"wp","href":"https:\/\/api.w.org\/{rel}","templated":true}]}}