{"id":2557,"date":"2018-04-12T08:10:55","date_gmt":"2018-04-12T06:10:55","guid":{"rendered":"http:\/\/www.milar.pl\/new-site-milar-pl\/?page_id=2557"},"modified":"2018-04-12T08:11:29","modified_gmt":"2018-04-12T06:11:29","slug":"tooling-materials","status":"publish","type":"page","link":"https:\/\/www.milar.pl\/et\/tooling-materials\/","title":{"rendered":"T\u00f6\u00f6materjalid"},"content":{"rendered":"<div class=\"wpb-content-wrapper\"><p>[vc_row][vc_column][vc_column_text]<\/p>\n<h1>T\u00f6\u00f6materjalid<\/h1>\n<h2>Tooted vormidele, t\u00f6\u00f6riistadele, mudelitele ja protot\u00fc\u00fcpidele<\/h2>\n<h2>Pakume j\u00e4rgnevaid materjale:<\/h2>\n<ul>\n<li>Plaadid ja pastad mudelitele ning t\u00f6\u00f6riistadele\n<ul>\n<li>Mudelplaadid<\/li>\n<li>T\u00f6\u00f6riistaalused<\/li>\n<li>Valuplokid ja -detailid<\/li>\n<li>Pastad ja pahtlid k\u00e4sitsi ning masinaga t\u00f6\u00f6deks<\/li>\n<\/ul>\n<\/li>\n<li>Geelid ja vaigud lamineerimiseks\n<ul>\n<li>Epoks\u00fc ja pol\u00fcuretaan geelkatted<\/li>\n<li>Epoks\u00fcvaigud lamineerimiseks<\/li>\n<li>Epoks\u00fcpastad lamineerimiseks<\/li>\n<\/ul>\n<\/li>\n<li>Valuvaigud\n<ul>\n<li>Epoks\u00fcvaigud<\/li>\n<li>Kiirelt tahkuvad pol\u00fcuretaanid<\/li>\n<li>MassCasting &#8211; vaik suure gabariidiga valudele<\/li>\n<li>Elastsed pol\u00fcuretaanid<\/li>\n<\/ul>\n<\/li>\n<li>Vaigud protot\u00fc\u00fcpidele ja l\u00fchikestele tooteseeriatele\n<ul>\n<li>Vaigud protot\u00fc\u00fcpidele &#8211; madalr\u00f5hk sissepritse (RIM)<\/li>\n<li>Vaigud protot\u00fc\u00fcpidele &#8211; vaakumvalu (Vacuum Casting)<\/li>\n<\/ul>\n<\/li>\n<li>Vormisilikoonid\n<ul>\n<li>Aduktsioon silikoonid<\/li>\n<li>Kondenseeruvad silikoonid<\/li>\n<li>Spetsiaalsed silikoonid<\/li>\n<\/ul>\n<\/li>\n<li>Pol\u00fcester ja vin\u00fc\u00fclester vormis\u00fcsteemid\n<ul>\n<li>Mudeli viimistlusmaterjalid<\/li>\n<li>Kiired, mittekokkut\u00f5mbuvad vormis\u00fcsteemid<\/li>\n<\/ul>\n<\/li>\n<li>Akr\u00fc\u00fclvaigud\n<ul>\n<li>P\u00f5his\u00fcsteemid<\/li>\n<li>Eris\u00fcsteemid<\/li>\n<li>T\u00e4iendavad tooted<\/li>\n<\/ul>\n<\/li>\n<li>Abitooted\n<ul>\n<li>Eraldid<\/li>\n<li>T\u00e4itematerjalid<\/li>\n<li>Kalibreeritavad vahapoognad<\/li>\n<li>V\u00e4rvained<\/li>\n<\/ul>\n<\/li>\n<\/ul>\n<h2>Peamised kasutusvaldkonnad (turud\/t\u00f6\u00f6stus):<\/h2>\n<ul>\n<li>Kodutehnika<\/li>\n<li>Ehitus<\/li>\n<li>Keraamika<\/li>\n<li>Energeetika ja elektroonika<\/li>\n<li>Tuuleenergia<\/li>\n<li>Kaevandamine<\/li>\n<li>Jahid ja paadid<\/li>\n<li>Hooldamine<\/li>\n<li>Lennundus<\/li>\n<li>Masinad ja seadmed<\/li>\n<li>Meditsiin<\/li>\n<li>Autondus<\/li>\n<li>Valut\u00f6\u00f6d<\/li>\n<li>Tehismaterjalide t\u00f6\u00f6tlemine<\/li>\n<li>Reklaam<\/li>\n<li>Sport ja vaba aeg<\/li>\n<li>Kunst<\/li>\n<li>Teater ja kino<\/li>\n<li>Telekommunikatsioon<\/li>\n<li>Raudteetransport<\/li>\n<li>Relvastus<\/li>\n<\/ul>\n<p>[\/vc_column_text][\/vc_column][\/vc_row]<\/p>\n<\/div>","protected":false},"excerpt":{"rendered":"<p>[vc_row][vc_column][vc_column_text] T\u00f6\u00f6materjalid Tooted vormidele, t\u00f6\u00f6riistadele, mudelitele ja protot\u00fc\u00fcpidele Pakume j\u00e4rgnevaid materjale: Plaadid ja pastad mudelitele ning t\u00f6\u00f6riistadele Mudelplaadid T\u00f6\u00f6riistaalused Valuplokid ja -detailid Pastad ja pahtlid k\u00e4sitsi ning masinaga t\u00f6\u00f6deks Geelid ja vaigud lamineerimiseks Epoks\u00fc ja pol\u00fcuretaan geelkatted Epoks\u00fcvaigud lamineerimiseks Epoks\u00fcpastad lamineerimiseks Valuvaigud Epoks\u00fcvaigud Kiirelt tahkuvad pol\u00fcuretaanid MassCasting &#8211; vaik suure gabariidiga valudele Elastsed pol\u00fcuretaanid Vaigud<\/p>\n<div><a class=\"btn-filled btn\" href=\"https:\/\/www.milar.pl\/et\/tooling-materials\/\" title=\"T\u00f6\u00f6materjalid\">Read More<\/a><\/div>\n","protected":false},"author":1,"featured_media":0,"parent":0,"menu_order":0,"comment_status":"closed","ping_status":"closed","template":"page-templates\/sidebar-right.php","meta":{"footnotes":""},"class_list":["post-2557","page","type-page","status-publish","hentry"],"aioseo_notices":[],"_links":{"self":[{"href":"https:\/\/www.milar.pl\/et\/wp-json\/wp\/v2\/pages\/2557","targetHints":{"allow":["GET"]}}],"collection":[{"href":"https:\/\/www.milar.pl\/et\/wp-json\/wp\/v2\/pages"}],"about":[{"href":"https:\/\/www.milar.pl\/et\/wp-json\/wp\/v2\/types\/page"}],"author":[{"embeddable":true,"href":"https:\/\/www.milar.pl\/et\/wp-json\/wp\/v2\/users\/1"}],"replies":[{"embeddable":true,"href":"https:\/\/www.milar.pl\/et\/wp-json\/wp\/v2\/comments?post=2557"}],"version-history":[{"count":2,"href":"https:\/\/www.milar.pl\/et\/wp-json\/wp\/v2\/pages\/2557\/revisions"}],"predecessor-version":[{"id":2559,"href":"https:\/\/www.milar.pl\/et\/wp-json\/wp\/v2\/pages\/2557\/revisions\/2559"}],"wp:attachment":[{"href":"https:\/\/www.milar.pl\/et\/wp-json\/wp\/v2\/media?parent=2557"}],"curies":[{"name":"wp","href":"https:\/\/api.w.org\/{rel}","templated":true}]}}