{"id":2435,"date":"2018-04-11T10:02:58","date_gmt":"2018-04-11T08:02:58","guid":{"rendered":"http:\/\/www.milar.pl\/new-site-milar-pl\/?page_id=2435"},"modified":"2025-03-18T09:08:07","modified_gmt":"2025-03-18T08:08:07","slug":"general-information","status":"publish","type":"page","link":"https:\/\/www.milar.pl\/lt\/general-information\/","title":{"rendered":"Bendroji informacija"},"content":{"rendered":"<h1>Bendroji informacija<\/h1>\n<p class=\"Normalny1\">\u201eMilar\u201c \u2013 tai Vokietijos grupei \u201eBiesterfeld\u201c \u2013 pirmaujan\u010diam chemini\u0173 produkt\u0173 platintojui Europoje \u2013 priklausanti \u012fmon\u0117.<\/p>\n<p class=\"Normalny1\">Lenkijos rinkoje dirbame nuo 1990 met\u0173 ir si\u016blome savo klientams profesionalias technines konsultacijas bei plat\u0173 auk\u0161tos kokyb\u0117s specializuot\u0173 produkt\u0173 asortiment\u0105.<\/p>\n<p class=\"Normalny1\">M\u016bs\u0173 pasi\u016blymas apima:<\/p>\n<p class=\"Normalny1\">&#8211; kompozit\u0173 gamybai skirtas med\u017eiagas,<br \/>\n&#8211; modeliams, formoms ir prototipams gaminti skirtos dervos ir kitos med\u017eiagos,<br \/>\n&#8211; elektronikos, elektrotechnikos ir energetikos gamini\u0173 impregnavimo med\u017eiagas,<br \/>\n&#8211; klijus, tepalus, lubrikantus,<br \/>\n&#8211; silikono gumas, gumos mi\u0161inius ir gumos priedus,<br \/>\n&#8211; papildomus produktus.<\/p>\n<p class=\"Normalny1\">Tinkamas bendradarbiavimas su daugeliu gamintoj\u0173 suteik\u0117 mums galimyb\u0119 parengti plat\u0173 \u012fvairioms gamybos sritims skirt\u0173 \u017ealiav\u0173 asortiment\u0105. \u017dinomi tiek\u0117jai u\u017etikrina auk\u0161t\u0105 tiekiam\u0173 \u017ealiav\u0173 kokyb\u0119 ir prieig\u0105 prie naujausi\u0173 technologij\u0173.<\/p>\n<p class=\"Normalny1\">Kompetenting\u0173 darbuotoj\u0173 komanda pad\u0117s Jums pasirinkti produkt\u0105 arba \u012fdiegti nauj\u0105 technologij\u0105.<\/p>\n<p class=\"Normalny1\">\n<p>&nbsp;<\/p>\n","protected":false},"excerpt":{"rendered":"<p>Bendroji informacija \u201eMilar\u201c \u2013 tai Vokietijos grupei \u201eBiesterfeld\u201c \u2013 pirmaujan\u010diam chemini\u0173 produkt\u0173 platintojui Europoje \u2013 priklausanti \u012fmon\u0117. Lenkijos rinkoje dirbame nuo 1990 met\u0173 ir si\u016blome savo klientams profesionalias technines konsultacijas bei plat\u0173 auk\u0161tos kokyb\u0117s specializuot\u0173 produkt\u0173 asortiment\u0105. M\u016bs\u0173 pasi\u016blymas apima: &#8211; kompozit\u0173 gamybai skirtas med\u017eiagas, &#8211; modeliams, formoms ir prototipams gaminti skirtos dervos ir kitos<\/p>\n<div><a class=\"btn-filled btn\" href=\"https:\/\/www.milar.pl\/lt\/general-information\/\" title=\"Bendroji informacija\">Read More<\/a><\/div>\n","protected":false},"author":1,"featured_media":0,"parent":0,"menu_order":0,"comment_status":"closed","ping_status":"closed","template":"page-templates\/full-width.php","meta":{"footnotes":""},"class_list":["post-2435","page","type-page","status-publish","hentry"],"aioseo_notices":[],"_links":{"self":[{"href":"https:\/\/www.milar.pl\/lt\/wp-json\/wp\/v2\/pages\/2435","targetHints":{"allow":["GET"]}}],"collection":[{"href":"https:\/\/www.milar.pl\/lt\/wp-json\/wp\/v2\/pages"}],"about":[{"href":"https:\/\/www.milar.pl\/lt\/wp-json\/wp\/v2\/types\/page"}],"author":[{"embeddable":true,"href":"https:\/\/www.milar.pl\/lt\/wp-json\/wp\/v2\/users\/1"}],"replies":[{"embeddable":true,"href":"https:\/\/www.milar.pl\/lt\/wp-json\/wp\/v2\/comments?post=2435"}],"version-history":[{"count":3,"href":"https:\/\/www.milar.pl\/lt\/wp-json\/wp\/v2\/pages\/2435\/revisions"}],"predecessor-version":[{"id":6223,"href":"https:\/\/www.milar.pl\/lt\/wp-json\/wp\/v2\/pages\/2435\/revisions\/6223"}],"wp:attachment":[{"href":"https:\/\/www.milar.pl\/lt\/wp-json\/wp\/v2\/media?parent=2435"}],"curies":[{"name":"wp","href":"https:\/\/api.w.org\/{rel}","templated":true}]}}