{"id":2438,"date":"2018-04-11T10:08:37","date_gmt":"2018-04-11T08:08:37","guid":{"rendered":"http:\/\/www.milar.pl\/new-site-milar-pl\/?page_id=2438"},"modified":"2018-04-26T16:40:03","modified_gmt":"2018-04-26T14:40:03","slug":"quality","status":"publish","type":"page","link":"https:\/\/www.milar.pl\/lt\/general-information\/quality\/","title":{"rendered":"Kokyb\u0117"},"content":{"rendered":"<div class=\"wpb-content-wrapper\"><p>[vc_row][vc_column][vc_column_text]<\/p>\n<h1>Kokyb\u0117<\/h1>\n<p class=\"NormalnyWeb1\">Atstovaujame stiprias pozicijas rinkoje u\u017eiman\u010dius tiek\u0117jus. M\u016bs\u0173 si\u016blomi produktai atitinka \u012fvairius grie\u017etus standartus \u2013 tai patvirtina daugyb\u0117 m\u016bs\u0173 tiek\u0117j\u0173 interneto svetain\u0117se pateikt\u0173 sertifikat\u0173.<\/p>\n<p class=\"NormalnyWeb1\">Taip pat ir \u201eBiesterfeld\u201c bei \u201eMilar\u201c, kaip partneriai Europoje, turi pa\u017eym\u0117jimus ir sertifikatus, skirtus atstovaujam\u0173 gamintoj\u0173 produkt\u0173 aptarnavimui ir prekybai.<\/p>\n<ul>\n<li><a href=\"http:\/\/www.biesterfeld-spezialchemie.com\/index.php?id=152\">\u201eBiesterfeld\u201c kokyb\u0117<\/a><\/li>\n<\/ul>\n<p>[\/vc_column_text][\/vc_column][\/vc_row][vc_row][vc_column width=&#8221;1\/3&#8243;][vc_single_image image=&#8221;2016&#8243; img_size=&#8221;100&#215;142&#8243; onclick=&#8221;custom_link&#8221; link=&#8221;http:\/\/www.milar.pl\/wp-content\/uploads\/2018\/02\/1-ISO-MILAR-Biesterfeld.pdf&#8221;][\/vc_column][vc_column width=&#8221;1\/3&#8243;][vc_single_image image=&#8221;2015&#8243; img_size=&#8221;100&#215;142&#8243; onclick=&#8221;custom_link&#8221; img_link_target=&#8221;_blank&#8221; link=&#8221;http:\/\/www.milar.pl\/wp-content\/uploads\/2018\/02\/2-certyfikat-iso.jpg&#8221;][\/vc_column][vc_column width=&#8221;1\/3&#8243;][vc_single_image image=&#8221;2014&#8243; img_size=&#8221;100&#215;142&#8243; onclick=&#8221;custom_link&#8221; link=&#8221;http:\/\/www.milar.pl\/wp-content\/uploads\/2018\/02\/3-certyfikat-iso-eng.jpg&#8221;][\/vc_column][\/vc_row]<\/p>\n<\/div>","protected":false},"excerpt":{"rendered":"<p>[vc_row][vc_column][vc_column_text] Kokyb\u0117 Atstovaujame stiprias pozicijas rinkoje u\u017eiman\u010dius tiek\u0117jus. M\u016bs\u0173 si\u016blomi produktai atitinka \u012fvairius grie\u017etus standartus \u2013 tai patvirtina daugyb\u0117 m\u016bs\u0173 tiek\u0117j\u0173 interneto svetain\u0117se pateikt\u0173 sertifikat\u0173. Taip pat ir \u201eBiesterfeld\u201c bei \u201eMilar\u201c, kaip partneriai Europoje, turi pa\u017eym\u0117jimus ir sertifikatus, skirtus atstovaujam\u0173 gamintoj\u0173 produkt\u0173 aptarnavimui ir prekybai. \u201eBiesterfeld\u201c kokyb\u0117 [\/vc_column_text][\/vc_column][\/vc_row][vc_row][vc_column width=&#8221;1\/3&#8243;][vc_single_image image=&#8221;2016&#8243; img_size=&#8221;100&#215;142&#8243; onclick=&#8221;custom_link&#8221; link=&#8221;http:\/\/www.milar.pl\/wp-content\/uploads\/2018\/02\/1-ISO-MILAR-Biesterfeld.pdf&#8221;][\/vc_column][vc_column width=&#8221;1\/3&#8243;][vc_single_image image=&#8221;2015&#8243;<\/p>\n<div><a class=\"btn-filled btn\" href=\"https:\/\/www.milar.pl\/lt\/general-information\/quality\/\" title=\"Kokyb\u0117\">Read More<\/a><\/div>\n","protected":false},"author":1,"featured_media":0,"parent":2435,"menu_order":0,"comment_status":"closed","ping_status":"closed","template":"page-templates\/full-width.php","meta":{"footnotes":""},"class_list":["post-2438","page","type-page","status-publish","hentry"],"aioseo_notices":[],"_links":{"self":[{"href":"https:\/\/www.milar.pl\/lt\/wp-json\/wp\/v2\/pages\/2438","targetHints":{"allow":["GET"]}}],"collection":[{"href":"https:\/\/www.milar.pl\/lt\/wp-json\/wp\/v2\/pages"}],"about":[{"href":"https:\/\/www.milar.pl\/lt\/wp-json\/wp\/v2\/types\/page"}],"author":[{"embeddable":true,"href":"https:\/\/www.milar.pl\/lt\/wp-json\/wp\/v2\/users\/1"}],"replies":[{"embeddable":true,"href":"https:\/\/www.milar.pl\/lt\/wp-json\/wp\/v2\/comments?post=2438"}],"version-history":[{"count":3,"href":"https:\/\/www.milar.pl\/lt\/wp-json\/wp\/v2\/pages\/2438\/revisions"}],"predecessor-version":[{"id":2686,"href":"https:\/\/www.milar.pl\/lt\/wp-json\/wp\/v2\/pages\/2438\/revisions\/2686"}],"up":[{"embeddable":true,"href":"https:\/\/www.milar.pl\/lt\/wp-json\/wp\/v2\/pages\/2435"}],"wp:attachment":[{"href":"https:\/\/www.milar.pl\/lt\/wp-json\/wp\/v2\/media?parent=2438"}],"curies":[{"name":"wp","href":"https:\/\/api.w.org\/{rel}","templated":true}]}}