{"id":2441,"date":"2018-04-11T10:23:49","date_gmt":"2018-04-11T08:23:49","guid":{"rendered":"http:\/\/www.milar.pl\/new-site-milar-pl\/?page_id=2441"},"modified":"2018-04-11T11:33:13","modified_gmt":"2018-04-11T09:33:13","slug":"additional-materials-and-equipment","status":"publish","type":"page","link":"https:\/\/www.milar.pl\/lt\/additional-materials-and-equipment\/","title":{"rendered":"Papildomos med\u017eiagos ir ma\u0161inos"},"content":{"rendered":"<h1>Papildomos med\u017eiagos ir ma\u0161inos<\/h1>\n<p class=\"NormalnyWeb1\">Bendradarbiaujame su ma\u0161in\u0173 gamintojais, tod\u0117l bendrai galime \u012fdiegti VIS\u0104 TECHNOLOGIN\u012e PROCES\u0104.<\/p>\n<p class=\"NormalnyWeb1\">Naudodami m\u016bs\u0173 si\u016blomas med\u017eiagas, diegiame tokias technologijas:<\/p>\n<p class=\"NormalnyWeb1\">&#8211; dervos mi\u0161ini\u0173 vakuuminio ruo\u0161imo ma\u0161inos ir technologin\u0117s linijos<br \/>\n&#8211; derv\u0173 \u012fpur\u0161kimo ma\u0161inos ir technologin\u0117s linijos<br \/>\n&#8211; vakuuminio liejimo ma\u0161inos ir technologin\u0117s linijos<br \/>\n&#8211; ADG, APG, RADG technologij\u0173 ma\u0161inos ir technologin\u0117s linijos<br \/>\n&#8211; vakuuminio transformatori\u0173 d\u017eiovinimo ma\u0161inos ir technologin\u0117s linijos<br \/>\n&#8211; vakuuminio prisotinimo ma\u0161inos ir technologin\u0117s linijos<br \/>\n&#8211; vij\u0173 impregnavimo ma\u0161inos ir technologin\u0117s linijos<br \/>\n&#8211; infuzijos ir vakuuminio mai\u0161o technologij\u0173 ma\u0161inos ir technologin\u0117s linijos<br \/>\n-\u0161lapio vyniojimo ma\u0161inos ir technologin\u0117s linijos<br \/>\n&#8211; transformatori\u0173 alyvos ruo\u0161imo ir regeneravimo ma\u0161inos ir technologin\u0117s linijos<br \/>\n&#8211; pultruzijos ma\u0161inos ir technologin\u0117s linijos<br \/>\n&#8211; RTM ma\u0161inos ir technologin\u0117s linijos<br \/>\n&#8211; gumos ir silikono presavimo ma\u0161inos ir technologin\u0117s linijos<br \/>\n&#8211; silikon\u0173 ir kit\u0173 elastomer\u0173 \u012fpur\u0161kimo ma\u0161inos ir technologin\u0117s linijos<br \/>\n&#8211; prepreg\u0173 apdorojimo ma\u0161inos ir technologin\u0117s linijos<br \/>\n&#8211; elektronikos hermetizavimo ma\u0161inos ir technologin\u0117s linijos<br \/>\n&#8211; dengimo ma\u0161inos ir technologin\u0117s linijos<br \/>\n&#8211; prototip\u0173 gamybos ma\u0161inos ir technologin\u0117s linijos<br \/>\n&#8211; klijavimo proceso ma\u0161inos ir technologin\u0117s linijos<br \/>\n&#8211; klij\u0173 ir derv\u0173 kietinimo UV spinduliais ma\u0161inos ir technologin\u0117s linijos<br \/>\n&#8211; pavir\u0161inio montavimo ma\u0161inos ir technologin\u0117s linijos<br \/>\n&#8211; litavimo ma\u0161inos ir technologin\u0117s linijos<br \/>\n&#8211; dozavimo ma\u0161inos ir technologin\u0117s linijos<br \/>\n&#8211; derv\u0173 mai\u0161ymo ma\u0161inos ir technologin\u0117s linijos<br \/>\n&#8211; prototip\u0173 gamybos ma\u0161inos ir technologin\u0117s linijos<\/p>\n","protected":false},"excerpt":{"rendered":"<p>Papildomos med\u017eiagos ir ma\u0161inos Bendradarbiaujame su ma\u0161in\u0173 gamintojais, tod\u0117l bendrai galime \u012fdiegti VIS\u0104 TECHNOLOGIN\u012e PROCES\u0104. Naudodami m\u016bs\u0173 si\u016blomas med\u017eiagas, diegiame tokias technologijas: &#8211; dervos mi\u0161ini\u0173 vakuuminio ruo\u0161imo ma\u0161inos ir technologin\u0117s linijos &#8211; derv\u0173 \u012fpur\u0161kimo ma\u0161inos ir technologin\u0117s linijos &#8211; vakuuminio liejimo ma\u0161inos ir technologin\u0117s linijos &#8211; ADG, APG, RADG technologij\u0173 ma\u0161inos ir technologin\u0117s linijos &#8211;<\/p>\n<div><a class=\"btn-filled btn\" href=\"https:\/\/www.milar.pl\/lt\/additional-materials-and-equipment\/\" title=\"Papildomos med\u017eiagos ir ma\u0161inos\">Read More<\/a><\/div>\n","protected":false},"author":1,"featured_media":0,"parent":0,"menu_order":0,"comment_status":"closed","ping_status":"closed","template":"page-templates\/sidebar-right.php","meta":{"footnotes":""},"class_list":["post-2441","page","type-page","status-publish","hentry"],"aioseo_notices":[],"_links":{"self":[{"href":"https:\/\/www.milar.pl\/lt\/wp-json\/wp\/v2\/pages\/2441","targetHints":{"allow":["GET"]}}],"collection":[{"href":"https:\/\/www.milar.pl\/lt\/wp-json\/wp\/v2\/pages"}],"about":[{"href":"https:\/\/www.milar.pl\/lt\/wp-json\/wp\/v2\/types\/page"}],"author":[{"embeddable":true,"href":"https:\/\/www.milar.pl\/lt\/wp-json\/wp\/v2\/users\/1"}],"replies":[{"embeddable":true,"href":"https:\/\/www.milar.pl\/lt\/wp-json\/wp\/v2\/comments?post=2441"}],"version-history":[{"count":4,"href":"https:\/\/www.milar.pl\/lt\/wp-json\/wp\/v2\/pages\/2441\/revisions"}],"predecessor-version":[{"id":2508,"href":"https:\/\/www.milar.pl\/lt\/wp-json\/wp\/v2\/pages\/2441\/revisions\/2508"}],"wp:attachment":[{"href":"https:\/\/www.milar.pl\/lt\/wp-json\/wp\/v2\/media?parent=2441"}],"curies":[{"name":"wp","href":"https:\/\/api.w.org\/{rel}","templated":true}]}}