{"id":2446,"date":"2018-04-11T10:26:40","date_gmt":"2018-04-11T08:26:40","guid":{"rendered":"http:\/\/www.milar.pl\/new-site-milar-pl\/?page_id=2446"},"modified":"2018-04-11T10:27:03","modified_gmt":"2018-04-11T08:27:03","slug":"career","status":"publish","type":"page","link":"https:\/\/www.milar.pl\/lt\/general-information\/career\/","title":{"rendered":"Karjera"},"content":{"rendered":"<h1>Karjera<\/h1>\n<p>\u0160iuo metu ie\u0161kome darbuotoj\u0173.<\/p>\n<p>&nbsp;<\/p>\n","protected":false},"excerpt":{"rendered":"<p>Karjera \u0160iuo metu ie\u0161kome darbuotoj\u0173. &nbsp;<\/p>\n","protected":false},"author":1,"featured_media":0,"parent":2435,"menu_order":0,"comment_status":"closed","ping_status":"closed","template":"page-templates\/full-width.php","meta":{"footnotes":""},"class_list":["post-2446","page","type-page","status-publish","hentry"],"aioseo_notices":[],"_links":{"self":[{"href":"https:\/\/www.milar.pl\/lt\/wp-json\/wp\/v2\/pages\/2446","targetHints":{"allow":["GET"]}}],"collection":[{"href":"https:\/\/www.milar.pl\/lt\/wp-json\/wp\/v2\/pages"}],"about":[{"href":"https:\/\/www.milar.pl\/lt\/wp-json\/wp\/v2\/types\/page"}],"author":[{"embeddable":true,"href":"https:\/\/www.milar.pl\/lt\/wp-json\/wp\/v2\/users\/1"}],"replies":[{"embeddable":true,"href":"https:\/\/www.milar.pl\/lt\/wp-json\/wp\/v2\/comments?post=2446"}],"version-history":[{"count":2,"href":"https:\/\/www.milar.pl\/lt\/wp-json\/wp\/v2\/pages\/2446\/revisions"}],"predecessor-version":[{"id":2448,"href":"https:\/\/www.milar.pl\/lt\/wp-json\/wp\/v2\/pages\/2446\/revisions\/2448"}],"up":[{"embeddable":true,"href":"https:\/\/www.milar.pl\/lt\/wp-json\/wp\/v2\/pages\/2435"}],"wp:attachment":[{"href":"https:\/\/www.milar.pl\/lt\/wp-json\/wp\/v2\/media?parent=2446"}],"curies":[{"name":"wp","href":"https:\/\/api.w.org\/{rel}","templated":true}]}}