{"id":2449,"date":"2018-04-11T10:27:27","date_gmt":"2018-04-11T08:27:27","guid":{"rendered":"http:\/\/www.milar.pl\/new-site-milar-pl\/?page_id=2449"},"modified":"2018-04-11T10:28:10","modified_gmt":"2018-04-11T08:28:10","slug":"adhesives-lubricants-and-release-agents","status":"publish","type":"page","link":"https:\/\/www.milar.pl\/lt\/adhesives-lubricants-and-release-agents\/","title":{"rendered":"Klijai ir tepalai"},"content":{"rendered":"<div class=\"wpb-content-wrapper\"><p>[vc_row][vc_column][vc_column_text]<\/p>\n<h1>Klijai ir tepalai<\/h1>\n<h2>Si\u016blomos med\u017eiagos:<\/h2>\n<p class=\"NormalnyWeb1\">Klijai ir hermetikai<\/p>\n<ul>\n<li style=\"list-style-type: none\">\n<ul>\n<li>Epoksidiniai<\/li>\n<li>Metakriliniai<\/li>\n<li>Poliuretano<\/li>\n<li>Silikono<\/li>\n<li>Cianoakrilato<\/li>\n<li>Anaerobiniai<\/li>\n<li>Kietinami UV spinduliais<\/li>\n<li>MS polimerai<\/li>\n<\/ul>\n<\/li>\n<\/ul>\n<p class=\"NormalnyWeb1\">Specializuotos tepimo priemon\u0117s \u201eMOLYKOTE\u201c<\/p>\n<ul>\n<li>Pastos<\/li>\n<li>Tepalai<\/li>\n<li>AFC dangos<\/li>\n<li>Dispersijos<\/li>\n<li>Alyvos<\/li>\n<li>Papildomi produktai<\/li>\n<\/ul>\n<p class=\"NormalnyWeb1\">Plastik\u0173 atskyrikliai ir perdirbimo produktai<\/p>\n<ul>\n<li>Form\u0173 atskyrikliai\n<ul>\n<li>silikono<\/li>\n<\/ul>\n<\/li>\n<li style=\"list-style-type: none;\">\n<ul>\n<li>be silikono<\/li>\n<\/ul>\n<\/li>\n<li style=\"list-style-type: none;\">\n<ul>\n<li>specializuoti<\/li>\n<\/ul>\n<\/li>\n<li>Valymo ir antikorozin\u0117s priemon\u0117s<\/li>\n<\/ul>\n<h2>Pagrindin\u0117s naudojimo sritys (rinkos, pramon\u0117s \u0161akos):<\/h2>\n<ul>\n<li>Automobiliai<\/li>\n<li>Aviacija<\/li>\n<li>Medicina<\/li>\n<li>Energetika ir elektronika<\/li>\n<li>Reklama<\/li>\n<li>Ap\u0161vietimas<\/li>\n<li>Nam\u0173 apyvokos prietaisai<\/li>\n<li>Kalnakasyba<\/li>\n<li>Metalurgija<\/li>\n<li>Statyba<\/li>\n<li>Bald\u0173 pramon\u0117<\/li>\n<li>Plastik\u0173 perdirbimas<\/li>\n<\/ul>\n<p>[\/vc_column_text][\/vc_column][\/vc_row]<\/p>\n<\/div>","protected":false},"excerpt":{"rendered":"<p>[vc_row][vc_column][vc_column_text] Klijai ir tepalai Si\u016blomos med\u017eiagos: Klijai ir hermetikai Epoksidiniai Metakriliniai Poliuretano Silikono Cianoakrilato Anaerobiniai Kietinami UV spinduliais MS polimerai Specializuotos tepimo priemon\u0117s \u201eMOLYKOTE\u201c Pastos Tepalai AFC dangos Dispersijos Alyvos Papildomi produktai Plastik\u0173 atskyrikliai ir perdirbimo produktai Form\u0173 atskyrikliai silikono be silikono specializuoti Valymo ir antikorozin\u0117s priemon\u0117s Pagrindin\u0117s naudojimo sritys (rinkos, pramon\u0117s \u0161akos): Automobiliai Aviacija<\/p>\n<div><a class=\"btn-filled btn\" href=\"https:\/\/www.milar.pl\/lt\/adhesives-lubricants-and-release-agents\/\" title=\"Klijai ir tepalai\">Read More<\/a><\/div>\n","protected":false},"author":1,"featured_media":0,"parent":0,"menu_order":0,"comment_status":"closed","ping_status":"closed","template":"page-templates\/sidebar-right.php","meta":{"footnotes":""},"class_list":["post-2449","page","type-page","status-publish","hentry"],"aioseo_notices":[],"_links":{"self":[{"href":"https:\/\/www.milar.pl\/lt\/wp-json\/wp\/v2\/pages\/2449","targetHints":{"allow":["GET"]}}],"collection":[{"href":"https:\/\/www.milar.pl\/lt\/wp-json\/wp\/v2\/pages"}],"about":[{"href":"https:\/\/www.milar.pl\/lt\/wp-json\/wp\/v2\/types\/page"}],"author":[{"embeddable":true,"href":"https:\/\/www.milar.pl\/lt\/wp-json\/wp\/v2\/users\/1"}],"replies":[{"embeddable":true,"href":"https:\/\/www.milar.pl\/lt\/wp-json\/wp\/v2\/comments?post=2449"}],"version-history":[{"count":2,"href":"https:\/\/www.milar.pl\/lt\/wp-json\/wp\/v2\/pages\/2449\/revisions"}],"predecessor-version":[{"id":2451,"href":"https:\/\/www.milar.pl\/lt\/wp-json\/wp\/v2\/pages\/2449\/revisions\/2451"}],"wp:attachment":[{"href":"https:\/\/www.milar.pl\/lt\/wp-json\/wp\/v2\/media?parent=2449"}],"curies":[{"name":"wp","href":"https:\/\/api.w.org\/{rel}","templated":true}]}}