{"id":2460,"date":"2018-04-11T10:38:43","date_gmt":"2018-04-11T08:38:43","guid":{"rendered":"http:\/\/www.milar.pl\/new-site-milar-pl\/?page_id=2460"},"modified":"2025-02-06T12:36:42","modified_gmt":"2025-02-06T11:36:42","slug":"home-page","status":"publish","type":"page","link":"https:\/\/www.milar.pl\/lt\/","title":{"rendered":"Home Page"},"content":{"rendered":"<div class=\"wpb-content-wrapper\"><p>[vc_row][vc_column][vc_column_text]<\/p>\n<h1>Apie mus<\/h1>\n<p class=\"Normalny1\">\u201eMilar\u201c \u2013 tai Vokietijos grupei \u201e<strong>Biesterfeld<\/strong>\u201c \u2013 pirmaujan\u010diam chemini\u0173 produkt\u0173 platintojui Europoje \u2013 priklausanti \u012fmon\u0117.<\/p>\n<p class=\"Normalny1\">Lenkijos rinkoje dirbame nuo 1990 met\u0173 ir si\u016blome savo klientams profesionalias technines konsultacijas bei plat\u0173 auk\u0161tos kokyb\u0117s specializuot\u0173 produkt\u0173 asortiment\u0105.<\/p>\n<p>[\/vc_column_text][\/vc_column][\/vc_row][vc_row full_width=&#8221;stretch_row&#8221;][vc_column][vc_raw_html]JTNDaHIlMjBjbGFzcyUzRCUyMmNlLWRpdiUyMiUyMHN0eWxlJTNEJTIyY3Vyc29yJTNBJTIwcG9pbnRlciUzQiUyMiUzRSUzQyUyRmhyJTNF[\/vc_raw_html][vc_column_text]<\/p>\n<h3>Produktai<\/h3>\n<p>[\/vc_column_text][vc_row_inner][vc_column_inner width=&#8221;1\/4&#8243;][vc_column_text]<\/p>\n<p style=\"text-align: center;\"><a href=\"http:\/\/www.milar.pl\/en\/materials-for-composites-production\/\"><img loading=\"lazy\" decoding=\"async\" class=\"aligncenter\" src=\"http:\/\/milar.home.pl\/new-site-milar-pl\/wp-content\/themes\/milar\/inc\/img\/kompozyty.svg\" alt=\"\" width=\"135\" height=\"135\" \/>Kompozit\u0173 gamybai skirtos med\u017eiagos<\/a><\/p>\n<p>[\/vc_column_text][\/vc_column_inner][vc_column_inner width=&#8221;1\/4&#8243;][vc_column_text]<\/p>\n<p style=\"text-align: center;\"><a href=\"http:\/\/www.milar.pl\/en\/tooling-materials\/\"><img loading=\"lazy\" decoding=\"async\" class=\"aligncenter\" src=\"http:\/\/milar.home.pl\/new-site-milar-pl\/wp-content\/themes\/milar\/inc\/img\/materialy-uzupelniajace-i-maszyny.svg\" alt=\"\" width=\"135\" height=\"135\" \/>Form\u0173 ir prototip\u0173 gamyba<\/a><\/p>\n<p>[\/vc_column_text][\/vc_column_inner][vc_column_inner width=&#8221;1\/4&#8243;][vc_column_text]<\/p>\n<p style=\"text-align: center;\"><a href=\"http:\/\/www.milar.pl\/en\/materials-for-electronics\/\"><img loading=\"lazy\" decoding=\"async\" class=\"aligncenter\" src=\"http:\/\/milar.home.pl\/new-site-milar-pl\/wp-content\/themes\/milar\/inc\/img\/elektronika.svg\" alt=\"\" width=\"135\" height=\"135\" \/>Elektronikos med\u017eiagos<\/a><\/p>\n<p>[\/vc_column_text][\/vc_column_inner][vc_column_inner width=&#8221;1\/4&#8243;][vc_column_text]<\/p>\n<p style=\"text-align: center;\"><a href=\"http:\/\/www.milar.pl\/en\/materials-for-the-power-industry-and-electrical-engineering\/\"><img loading=\"lazy\" decoding=\"async\" class=\"aligncenter\" src=\"http:\/\/milar.home.pl\/new-site-milar-pl\/wp-content\/themes\/milar\/inc\/img\/materialy-dla-energetyki.svg\" alt=\"\" width=\"135\" height=\"135\" \/>Energetiko ir elektrotechnikos med\u017eiagos<\/a><\/p>\n<p>[\/vc_column_text][\/vc_column_inner][\/vc_row_inner][vc_row_inner][vc_column_inner width=&#8221;1\/4&#8243;][vc_column_text]<\/p>\n<p style=\"text-align: center;\"><a href=\"http:\/\/www.milar.pl\/en\/adhesives-lubricants-and-release-agents\/\"><img loading=\"lazy\" decoding=\"async\" class=\"aligncenter\" src=\"http:\/\/milar.home.pl\/new-site-milar-pl\/wp-content\/themes\/milar\/inc\/img\/kleje.svg \" alt=\"\" width=\"135\" height=\"135\" \/>Klijai ir tepalai<\/a><\/p>\n<p>[\/vc_column_text][\/vc_column_inner][vc_column_inner el_class=&#8221;ukryte&#8221; width=&#8221;1\/4&#8243; el_id=&#8221;ukryte&#8221;][vc_column_text]<\/p>\n<p style=\"text-align: center;\"><a href=\"http:\/\/www.milar.pl\/gumy-i-dodatki\"><img loading=\"lazy\" decoding=\"async\" class=\"aligncenter\" src=\"http:\/\/milar.home.pl\/new-site-milar-pl\/wp-content\/themes\/milar\/inc\/img\/gumyidodatki.svg\" alt=\"\" width=\"135\" height=\"135\" \/>Gumy i dodatki<\/a><\/p>\n<p>[\/vc_column_text][\/vc_column_inner][vc_column_inner width=&#8221;1\/4&#8243;][vc_column_text]<\/p>\n<p style=\"text-align: center;\"><a href=\"http:\/\/www.milar.pl\/en\/materials-for-construction-buildings\/\"><img loading=\"lazy\" decoding=\"async\" class=\"aligncenter\" src=\"http:\/\/milar.home.pl\/new-site-milar-pl\/wp-content\/themes\/milar\/inc\/img\/materialy-dla-budownictwa.svg\" alt=\"\" width=\"135\" height=\"135\" \/>Statybin\u0117s med\u017eiagos<\/a><\/p>\n<p>[\/vc_column_text][\/vc_column_inner][vc_column_inner width=&#8221;1\/4&#8243;][vc_column_text]<\/p>\n<p style=\"text-align: center;\"><a href=\"http:\/\/www.milar.pl\/en\/additional-materials-and-equipment\/\"><img loading=\"lazy\" decoding=\"async\" class=\"aligncenter\" src=\"http:\/\/milar.home.pl\/new-site-milar-pl\/wp-content\/themes\/milar\/inc\/img\/uzupelniajace.svg\" alt=\"\" width=\"135\" height=\"135\" \/>Papildomos med\u017eiagos ir ma\u0161inos<\/a><\/p>\n<p>[\/vc_column_text][\/vc_column_inner][\/vc_row_inner][vc_raw_html]JTNDaHIlMjBjbGFzcyUzRCUyMmNlLWRpdiUyMiUyMHN0eWxlJTNEJTIyY3Vyc29yJTNBJTIwcG9pbnRlciUzQiUyMiUzRSUzQyUyRmhyJTNF[\/vc_raw_html][\/vc_column][\/vc_row][vc_row][vc_column width=&#8221;1\/3&#8243;][vc_column_text]<\/p>\n<h3>Kontaktas<\/h3>\n<p><span style=\"color: #cb3f1d;\">Milar Sp. z o.o.<\/span><\/p>\n<p>Graniczna 47<br \/>\n05-825 Grodzisk Mazowiecki<br \/>\nPoland<br \/>\nPhone: +48 &#8211; 22 &#8211; 75 58 52 1<br \/>\n<a href=\"mailto:milar@milar.pl\">milar@milar.pl<\/a><br \/>\n<a href=\"http:\/\/www.milar.pl\">www.milar.pl<\/a>[\/vc_column_text][\/vc_column][vc_column width=&#8221;2\/3&#8243;][vc_gmaps link=&#8221;#E-8_JTNDaWZyYW1lJTIwc3JjJTNEJTIyaHR0cHMlM0ElMkYlMkZ3d3cuZ29vZ2xlLmNvbSUyRm1hcHMlMkZlbWJlZCUzRnBiJTNEJTIxMW0xOCUyMTFtMTIlMjExbTMlMjExZDI0NTAuMDgxMjI1MTIzNzQ1JTIxMmQyMC42MDMzNzI1MTUxMjI3NDYlMjEzZDUyLjExNDY1MDg3OTczOTQ5JTIxMm0zJTIxMWYwJTIxMmYwJTIxM2YwJTIxM20yJTIxMWkxMDI0JTIxMmk3NjglMjE0ZjEzLjElMjEzbTMlMjExbTIlMjExczB4NDcxOTQ4Y2FiNTVlNWVkYiUyNTNBMHg3ZDcxNzk0YTQzNTIxNTI0JTIxMnNNaWxhciUyQlNwLiUyQnolMkJvLm8uJTIxNWUwJTIxM20yJTIxMXNwbCUyMTJzcGwlMjE0djE1MTkyNDMzNzIwODAlMjIlMjB3aWR0aCUzRCUyMjYwMCUyMiUyMGhlaWdodCUzRCUyMjM1MCUyMiUyMGZyYW1lYm9yZGVyJTNEJTIyMCUyMiUyMHN0eWxlJTNEJTIyYm9yZGVyJTNBMCUyMiUyMGFsbG93ZnVsbHNjcmVlbiUzRSUzQyUyRmlmcmFtZSUzRQ==&#8221; size=&#8221;&#8221;][\/vc_column][\/vc_row][vc_row full_width=&#8221;stretch_row&#8221;][vc_column][vc_raw_html]JTNDaHIlMjBjbGFzcyUzRCUyMmNlLWRpdiUyMiUyMHN0eWxlJTNEJTIyY3Vyc29yJTNBJTIwcG9pbnRlciUzQiUyMiUzRSUzQyUyRmhyJTNF[\/vc_raw_html][vc_column_text]<\/p>\n<h3><span id=\"result_box\" class=\"short_text\" lang=\"lt\"><span class=\"\">M\u016bs\u0173 tiek\u0117jai<\/span><\/span><\/h3>\n<p>[\/vc_column_text][vc_images_carousel images=&#8221;1812,2934,1815,2128,1816,1817,2742,2935,2118,1818,1819,1820,1822,1823,1824,1825,1826,2117,2130,1830,1827,2125,1833,1834,1835,1837,1838,2131,2122,1840,1841,1845,1846,1847,2116,2120,2121&#8243; img_size=&#8221;&#8221; onclick=&#8221;custom_link&#8221; slides_per_view=&#8221;4&#8243; autoplay=&#8221;yes&#8221; hide_pagination_control=&#8221;yes&#8221; wrap=&#8221;yes&#8221; custom_links=&#8221;#E-8_aHR0cCUzQSUyRiUyRnd3dy5taWxhci5wbCUyRnBhcnRuZXJ6eSUyRmFjcnlzdGFsJTJGJTJDaHR0cCUzQSUyRiUyRnd3dy5taWxhci5wbCUyRnBhcnRuZXJ6eSUyRmFpcnRlY2glMkYlMkNodHRwJTNBJTJGJTJGd3d3Lm1pbGFyLnBsJTJGcGFydG5lcnp5JTJGYW1iZXJzaWwlMkYlMkNodHRwJTNBJTJGJTJGd3d3Lm1pbGFyLnBsJTJGcGFydG5lcnp5JTJGYWlyZXglMkYlMkNodHRwJTNBJTJGJTJGd3d3Lm1pbGFyLnBsJTJGcGFydG5lcnp5JTJGYXRnJTJGJTJDaHR0cCUzQSUyRiUyRnd3dy5taWxhci5wbCUyRnBhcnRuZXJ6eSUyRmNhcnRpZXJhLWRpby1uZWJiaXVubyUyRiUyQ2h0dHAlM0ElMkYlMkZ3d3cubWlsYXIucGwlMkZwYXJ0bmVyenklMkZjaHQtZ3JvdXAlMkYlMkNodHRwJTNBJTJGJTJGd3d3Lm1pbGFyLnBsJTJGcGFydG5lcnp5JTJGZHVwb250JTJGJTJDaHR0cCUzQSUyRiUyRnd3dy5taWxhci5wbCUyRnBhcnRuZXJ6eSUyRmR5bWF4JTJGJTJDaHR0cCUzQSUyRiUyRnd3dy5taWxhci5wbCUyRnBhcnRuZXJ6eSUyRmMtbS1wJTJGJTJDaHR0cCUzQSUyRiUyRnd3dy5taWxhci5wbCUyRnBhcnRuZXJ6eSUyRmRvdyUyRiUyQ2h0dHAlM0ElMkYlMkZ3d3cubWlsYXIucGwlMkZwYXJ0bmVyenklMkZkdXJlc2NvJTJGJTJDaHR0cCUzQSUyRiUyRnd3dy5taWxhci5wbCUyRnBhcnRuZXJ6eSUyRmVjYy1jcmFtZXIlMkYlMkNodHRwJTNBJTJGJTJGd3d3Lm1pbGFyLnBsJTJGcGFydG5lcnp5JTJGZm9sbGVyJTJDaHR0cCUzQSUyRiUyRnd3dy5taWxhci5wbCUyRnBhcnRuZXJ6eSUyRmhlZHJpY2glMkNodHRwJTNBJTJGJTJGd3d3Lm1pbGFyLnBsJTJGcGFydG5lcnp5JTJGaGVua2VsJTJDaHR0cCUzQSUyRiUyRnd3dy5taWxhci5wbCUyRnBhcnRuZXJ6eSUyRmhlcmFldXMlMkNodHRwJTNBJTJGJTJGd3d3Lm1pbGFyLnBsJTJGcGFydG5lcnp5JTJGam9zdC1jaGVtaWNhbHMlMkNodHRwJTNBJTJGJTJGd3d3Lm1pbGFyLnBsJTJGcGFydG5lcnp5JTJGcG9seXByb2Nlc3MlMkNodHRwJTNBJTJGJTJGd3d3Lm1pbGFyLnBsJTJGcGFydG5lcnp5JTJGb2JvLXdlcmtlJTJDaHR0cCUzQSUyRiUyRnd3dy5taWxhci5wbCUyRnBhcnRuZXJ6eSUyRmlwdCUyQ2h0dHAlM0ElMkYlMkZ3d3cubWlsYXIucGwlMkZwYXJ0bmVyenklMkZwZXJtYWJvbmQlMkNodHRwJTNBJTJGJTJGd3d3Lm1pbGFyLnBsJTJGcGFydG5lcnp5JTJGcm9tZXglMkNodHRwJTNBJTJGJTJGd3d3Lm1pbGFyLnBsJTJGcGFydG5lcnp5JTJGcnVudG9wJTJDaHR0cCUzQSUyRiUyRnd3dy5taWxhci5wbCUyRnBhcnRuZXJ6eSUyRnNhZXJ0ZXglMkNodHRwJTNBJTJGJTJGd3d3Lm1pbGFyLnBsJTJGcGFydG5lcnp5JTJGc3BvbGNoZW1pZSUyQ2h0dHAlM0ElMkYlMkZ3d3cubWlsYXIucGwlMkZwYXJ0bmVyenklMkZzdGFubm9sJTJDaHR0cCUzQSUyRiUyRnd3dy5taWxhci5wbCUyRnBhcnRuZXJ6eSUyRnN1ZWQtd2VzdC1jaGVtaWUlMkNodHRwJTNBJTJGJTJGd3d3Lm1pbGFyLnBsJTJGcGFydG5lcnp5JTJGc2NpZ3JpcCUyQ2h0dHAlM0ElMkYlMkZ3d3cubWlsYXIucGwlMkZwYXJ0bmVyenklMkZzeW50aGVuZSUyQ2h0dHAlM0ElMkYlMkZ3d3cubWlsYXIucGwlMkZwYXJ0bmVyenklMkZ0ZWNobmljYWwtdGV4dGlsZXMlMkNodHRwJTNBJTJGJTJGd3d3Lm1pbGFyLnBsJTJGcGFydG5lcnp5JTJGdm9nZWwlMkNodHRwJTNBJTJGJTJGd3d3Lm1pbGFyLnBsJTJGcGFydG5lcnp5JTJGdnVraSUyQ2h0dHAlM0ElMkYlMkZ3d3cubWlsYXIucGwlMkZwYXJ0bmVyenklMkZ3ZWlzcy1jaGVtaWUlMkNodHRwJTNBJTJGJTJGd3d3Lm1pbGFyLnBsJTJGcGFydG5lcnp5JTJGcmFtcGYlMkNodHRwJTNBJTJGJTJGd3d3Lm1pbGFyLnBsJTJGcGFydG5lcnp5JTJGdGhlcm0taGV4JTJGJTJDaHR0cCUzQSUyRiUyRnd3dy5taWxhci5wbCUyRnBhcnRuZXJ6eSUyRnRlaWppbi1hcmFtaWQ=&#8221;][\/vc_column][\/vc_row]<\/p>\n<\/div>","protected":false},"excerpt":{"rendered":"<p>[vc_row][vc_column][vc_column_text] Apie mus \u201eMilar\u201c \u2013 tai Vokietijos grupei \u201eBiesterfeld\u201c \u2013 pirmaujan\u010diam chemini\u0173 produkt\u0173 platintojui Europoje \u2013 priklausanti \u012fmon\u0117. Lenkijos rinkoje dirbame nuo 1990 met\u0173 ir si\u016blome savo klientams profesionalias technines konsultacijas bei plat\u0173 auk\u0161tos kokyb\u0117s specializuot\u0173 produkt\u0173 asortiment\u0105. [\/vc_column_text][\/vc_column][\/vc_row][vc_row full_width=&#8221;stretch_row&#8221;][vc_column][vc_raw_html]JTNDaHIlMjBjbGFzcyUzRCUyMmNlLWRpdiUyMiUyMHN0eWxlJTNEJTIyY3Vyc29yJTNBJTIwcG9pbnRlciUzQiUyMiUzRSUzQyUyRmhyJTNF[\/vc_raw_html][vc_column_text] Produktai [\/vc_column_text][vc_row_inner][vc_column_inner width=&#8221;1\/4&#8243;][vc_column_text] Kompozit\u0173 gamybai skirtos med\u017eiagos [\/vc_column_text][\/vc_column_inner][vc_column_inner width=&#8221;1\/4&#8243;][vc_column_text] Form\u0173 ir prototip\u0173 gamyba [\/vc_column_text][\/vc_column_inner][vc_column_inner width=&#8221;1\/4&#8243;][vc_column_text]<\/p>\n<div><a class=\"btn-filled btn\" href=\"https:\/\/www.milar.pl\/lt\/\" title=\"Home Page\">Read More<\/a><\/div>\n","protected":false},"author":1,"featured_media":0,"parent":0,"menu_order":0,"comment_status":"closed","ping_status":"closed","template":"page-templates\/full-width.php","meta":{"footnotes":""},"class_list":["post-2460","page","type-page","status-publish","hentry"],"aioseo_notices":[],"_links":{"self":[{"href":"https:\/\/www.milar.pl\/lt\/wp-json\/wp\/v2\/pages\/2460","targetHints":{"allow":["GET"]}}],"collection":[{"href":"https:\/\/www.milar.pl\/lt\/wp-json\/wp\/v2\/pages"}],"about":[{"href":"https:\/\/www.milar.pl\/lt\/wp-json\/wp\/v2\/types\/page"}],"author":[{"embeddable":true,"href":"https:\/\/www.milar.pl\/lt\/wp-json\/wp\/v2\/users\/1"}],"replies":[{"embeddable":true,"href":"https:\/\/www.milar.pl\/lt\/wp-json\/wp\/v2\/comments?post=2460"}],"version-history":[{"count":7,"href":"https:\/\/www.milar.pl\/lt\/wp-json\/wp\/v2\/pages\/2460\/revisions"}],"predecessor-version":[{"id":6175,"href":"https:\/\/www.milar.pl\/lt\/wp-json\/wp\/v2\/pages\/2460\/revisions\/6175"}],"wp:attachment":[{"href":"https:\/\/www.milar.pl\/lt\/wp-json\/wp\/v2\/media?parent=2460"}],"curies":[{"name":"wp","href":"https:\/\/api.w.org\/{rel}","templated":true}]}}