{"id":2465,"date":"2018-04-11T10:42:04","date_gmt":"2018-04-11T08:42:04","guid":{"rendered":"http:\/\/www.milar.pl\/new-site-milar-pl\/?page_id=2465"},"modified":"2018-04-11T10:42:20","modified_gmt":"2018-04-11T08:42:20","slug":"list-of-products","status":"publish","type":"page","link":"https:\/\/www.milar.pl\/lt\/list-of-products\/","title":{"rendered":"Produkt\u0173 s\u0105ra\u0161as"},"content":{"rendered":"<h1>Produkt\u0173 s\u0105ra\u0161as<\/h1>\n<p>Svetain\u0117 bus ruo\u0161iama.<\/p>\n","protected":false},"excerpt":{"rendered":"<p>Produkt\u0173 s\u0105ra\u0161as Svetain\u0117 bus ruo\u0161iama.<\/p>\n","protected":false},"author":1,"featured_media":0,"parent":0,"menu_order":0,"comment_status":"closed","ping_status":"closed","template":"page-templates\/full-width.php","meta":{"footnotes":""},"class_list":["post-2465","page","type-page","status-publish","hentry"],"aioseo_notices":[],"_links":{"self":[{"href":"https:\/\/www.milar.pl\/lt\/wp-json\/wp\/v2\/pages\/2465","targetHints":{"allow":["GET"]}}],"collection":[{"href":"https:\/\/www.milar.pl\/lt\/wp-json\/wp\/v2\/pages"}],"about":[{"href":"https:\/\/www.milar.pl\/lt\/wp-json\/wp\/v2\/types\/page"}],"author":[{"embeddable":true,"href":"https:\/\/www.milar.pl\/lt\/wp-json\/wp\/v2\/users\/1"}],"replies":[{"embeddable":true,"href":"https:\/\/www.milar.pl\/lt\/wp-json\/wp\/v2\/comments?post=2465"}],"version-history":[{"count":2,"href":"https:\/\/www.milar.pl\/lt\/wp-json\/wp\/v2\/pages\/2465\/revisions"}],"predecessor-version":[{"id":2467,"href":"https:\/\/www.milar.pl\/lt\/wp-json\/wp\/v2\/pages\/2465\/revisions\/2467"}],"wp:attachment":[{"href":"https:\/\/www.milar.pl\/lt\/wp-json\/wp\/v2\/media?parent=2465"}],"curies":[{"name":"wp","href":"https:\/\/api.w.org\/{rel}","templated":true}]}}