{"id":2468,"date":"2018-04-11T10:42:48","date_gmt":"2018-04-11T08:42:48","guid":{"rendered":"http:\/\/www.milar.pl\/new-site-milar-pl\/?page_id=2468"},"modified":"2018-04-11T10:45:02","modified_gmt":"2018-04-11T08:45:02","slug":"materials-for-composites-production","status":"publish","type":"page","link":"https:\/\/www.milar.pl\/lt\/materials-for-composites-production\/","title":{"rendered":"Kompozit\u0173 gamybai skirtos med\u017eiagos"},"content":{"rendered":"<h1>Kompozit\u0173 gamybai skirtos med\u017eiagos<\/h1>\n<h2>Si\u016blomos med\u017eiagos:<\/h2>\n<ul>\n<li>Armavimas\n<ul>\n<li>stiklo dembliai<\/li>\n<\/ul>\n<\/li>\n<li style=\"list-style-type: none;\">\n<ul>\n<li>stiklo audiniai<\/li>\n<\/ul>\n<\/li>\n<li style=\"list-style-type: none;\">\n<ul>\n<li>si\u016bti stiklo audiniai<\/li>\n<\/ul>\n<\/li>\n<li style=\"list-style-type: none;\">\n<ul>\n<li>stiklo audini\u0173 dembliai<\/li>\n<\/ul>\n<\/li>\n<li style=\"list-style-type: none;\">\n<ul>\n<li>RTM skirti audiniai<\/li>\n<\/ul>\n<\/li>\n<li style=\"list-style-type: none;\">\n<ul>\n<li>anglies audiniai<\/li>\n<\/ul>\n<\/li>\n<li style=\"list-style-type: none;\">\n<ul>\n<li>aramido audiniai<\/li>\n<\/ul>\n<\/li>\n<li style=\"list-style-type: none;\">\n<ul>\n<li>hibridai<\/li>\n<\/ul>\n<\/li>\n<li>Gijin\u0117s med\u017eiagos (si\u016blai)\n<ul>\n<li>stiklo si\u016blai<\/li>\n<\/ul>\n<\/li>\n<li style=\"list-style-type: none;\">\n<ul>\n<li>aramido si\u016blai<\/li>\n<\/ul>\n<\/li>\n<li style=\"list-style-type: none;\">\n<ul>\n<li>anglies si\u016blai<\/li>\n<\/ul>\n<\/li>\n<li>Prepregai<\/li>\n<li>Korin\u0117s med\u017eiagos (lengvo pagrindo)\n<ul>\n<li>koriai<\/li>\n<\/ul>\n<\/li>\n<li style=\"list-style-type: none;\">\n<ul>\n<li>koriai PP pagrindu<\/li>\n<\/ul>\n<\/li>\n<li style=\"list-style-type: none;\">\n<ul>\n<li>balza<\/li>\n<\/ul>\n<\/li>\n<li style=\"list-style-type: none;\">\n<ul>\n<li>PVC put\u0173 plok\u0161t\u0117s<\/li>\n<\/ul>\n<\/li>\n<li style=\"list-style-type: none;\">\n<ul>\n<li>PET put\u0173 plok\u0161t\u0117s<\/li>\n<\/ul>\n<\/li>\n<li style=\"list-style-type: none;\">\n<ul>\n<li>PU put\u0173 plok\u0161t\u0117s<\/li>\n<\/ul>\n<\/li>\n<li style=\"list-style-type: none;\">\n<ul>\n<li>SAERfoam<\/li>\n<\/ul>\n<\/li>\n<li>Dervos\n<ul>\n<li>poliesterio dervos<\/li>\n<\/ul>\n<\/li>\n<li style=\"list-style-type: none;\">\n<ul>\n<li>vinilo esterio dervos<\/li>\n<\/ul>\n<\/li>\n<li style=\"list-style-type: none;\">\n<ul>\n<li>epoksidin\u0117s dervos<\/li>\n<\/ul>\n<\/li>\n<li>Gelkautai\n<ul>\n<li>ortoftaliniai gelkautai<\/li>\n<\/ul>\n<\/li>\n<li style=\"list-style-type: none;\">\n<ul>\n<li>izoftaliniai gelkautai<\/li>\n<\/ul>\n<\/li>\n<li style=\"list-style-type: none;\">\n<ul>\n<li>ISO-NPG gelkautai<\/li>\n<\/ul>\n<\/li>\n<li style=\"list-style-type: none;\">\n<ul>\n<li>vinilo esterio gelkautai<\/li>\n<\/ul>\n<\/li>\n<li style=\"list-style-type: none;\">\n<ul>\n<li>special\u016bs gelkautai<\/li>\n<\/ul>\n<\/li>\n<li style=\"list-style-type: none;\">\n<ul>\n<li>poliesterio klijai<\/li>\n<\/ul>\n<\/li>\n<li>Atskyrimo med\u017eiagos\n<ul>\n<li>vidin\u0117s atskyrimo priemon\u0117s<\/li>\n<\/ul>\n<\/li>\n<li style=\"list-style-type: none;\">\n<ul>\n<li>pusiau permanentin\u0117s atskyrimo priemon\u0117s<\/li>\n<\/ul>\n<\/li>\n<li style=\"list-style-type: none;\">\n<ul>\n<li>atskyrimo priemon\u0117s va\u0161ko pagrindu<\/li>\n<\/ul>\n<\/li>\n<li style=\"list-style-type: none;\">\n<ul>\n<li>atskyrimo priemon\u0117s vandens pagrindu<\/li>\n<\/ul>\n<\/li>\n<li style=\"list-style-type: none;\">\n<ul>\n<li>polimerinio betono atskyrimo priemon\u0117s<\/li>\n<\/ul>\n<\/li>\n<li style=\"list-style-type: none;\">\n<ul>\n<li>valymo priemon\u0117s<\/li>\n<\/ul>\n<\/li>\n<li>Pagalbin\u0117s med\u017eiagos\n<ul>\n<li>infuzijos med\u017eiagos<\/li>\n<\/ul>\n<\/li>\n<li style=\"list-style-type: none;\">\n<ul>\n<li>vakuuminio mai\u0161o med\u017eiagos<\/li>\n<\/ul>\n<\/li>\n<li style=\"list-style-type: none;\">\n<ul>\n<li>autoklavo med\u017eiagos<\/li>\n<\/ul>\n<\/li>\n<\/ul>\n<h3>Pagrindin\u0117s naudojimo sritys (rinkos, pramon\u0117s \u0161akos):<\/h3>\n<ul>\n<li>Transportas<\/li>\n<li>Jachtos<\/li>\n<li>L\u0117ktuvai<\/li>\n<li>Karo pramon\u0117<\/li>\n<li>Automobili\u0173 pramon\u0117<\/li>\n<li>Telekomunikacija<\/li>\n<\/ul>\n","protected":false},"excerpt":{"rendered":"<p>Kompozit\u0173 gamybai skirtos med\u017eiagos Si\u016blomos med\u017eiagos: Armavimas stiklo dembliai stiklo audiniai si\u016bti stiklo audiniai stiklo audini\u0173 dembliai RTM skirti audiniai anglies audiniai aramido audiniai hibridai Gijin\u0117s med\u017eiagos (si\u016blai) stiklo si\u016blai aramido si\u016blai anglies si\u016blai Prepregai Korin\u0117s med\u017eiagos (lengvo pagrindo) koriai koriai PP pagrindu balza PVC put\u0173 plok\u0161t\u0117s PET put\u0173 plok\u0161t\u0117s PU put\u0173 plok\u0161t\u0117s SAERfoam Dervos<\/p>\n<div><a class=\"btn-filled btn\" href=\"https:\/\/www.milar.pl\/lt\/materials-for-composites-production\/\" title=\"Kompozit\u0173 gamybai skirtos med\u017eiagos\">Read More<\/a><\/div>\n","protected":false},"author":1,"featured_media":0,"parent":0,"menu_order":0,"comment_status":"closed","ping_status":"closed","template":"page-templates\/sidebar-right.php","meta":{"footnotes":""},"class_list":["post-2468","page","type-page","status-publish","hentry"],"aioseo_notices":[],"_links":{"self":[{"href":"https:\/\/www.milar.pl\/lt\/wp-json\/wp\/v2\/pages\/2468","targetHints":{"allow":["GET"]}}],"collection":[{"href":"https:\/\/www.milar.pl\/lt\/wp-json\/wp\/v2\/pages"}],"about":[{"href":"https:\/\/www.milar.pl\/lt\/wp-json\/wp\/v2\/types\/page"}],"author":[{"embeddable":true,"href":"https:\/\/www.milar.pl\/lt\/wp-json\/wp\/v2\/users\/1"}],"replies":[{"embeddable":true,"href":"https:\/\/www.milar.pl\/lt\/wp-json\/wp\/v2\/comments?post=2468"}],"version-history":[{"count":2,"href":"https:\/\/www.milar.pl\/lt\/wp-json\/wp\/v2\/pages\/2468\/revisions"}],"predecessor-version":[{"id":2470,"href":"https:\/\/www.milar.pl\/lt\/wp-json\/wp\/v2\/pages\/2468\/revisions\/2470"}],"wp:attachment":[{"href":"https:\/\/www.milar.pl\/lt\/wp-json\/wp\/v2\/media?parent=2468"}],"curies":[{"name":"wp","href":"https:\/\/api.w.org\/{rel}","templated":true}]}}