{"id":2471,"date":"2018-04-11T10:43:33","date_gmt":"2018-04-11T08:43:33","guid":{"rendered":"http:\/\/www.milar.pl\/new-site-milar-pl\/?page_id=2471"},"modified":"2018-04-11T10:43:47","modified_gmt":"2018-04-11T08:43:47","slug":"materials-for-construction-buildings","status":"publish","type":"page","link":"https:\/\/www.milar.pl\/lt\/materials-for-construction-buildings\/","title":{"rendered":"Statybin\u0117s med\u017eiagos"},"content":{"rendered":"<h1>Statybin\u0117s med\u017eiagos<\/h1>\n<p class=\"NormalnyWeb1\"><strong><u>\u201eKRYSTALFLEX\u201c \u2013 TPU pl\u0117vel\u0117s<\/u><\/strong><\/p>\n<p class=\"NormalnyWeb1\">\u201eKRYSTALFLEX\u201c (R) \u2013 tai technologiniu po\u017ei\u016briu vienas pla\u010diausiai \u017einom\u0173 saugaus laminuoto stiklo gamybos med\u017eiag\u0173 sektoriaus prek\u0117s \u017eenkl\u0173.<\/p>\n<p class=\"NormalnyWeb1\">Daugiau nei 30 met\u0173 tobulinamas ir pl\u0117tojamas platus termoplastini\u0173 poliuretano elastomer\u0173 (TPU) asortimentas, kur\u012f sudaro optin\u0117s alifatin\u0117s pl\u0117vel\u0117s, atitinka grie\u017e\u010diausius reikalavimus, keliamus laminuoto stiklo gamintoj\u0173, kurie nori sukurti tvarius saugi\u0173 ir neper\u0161aunam\u0173 stikl\u0173 sprendimus, skirtus automobili\u0173 pramonei, aviacijai, kariuomenei, gele\u017einkeliams ir statyboms.<\/p>\n<p class=\"NormalnyWeb1\">Poliuretano pl\u0117vel\u0117s \u201eKRYSTALFLEX\u201c (R) yra naudojamos sujungti stikl\u0105 ir auk\u0161tos kokyb\u0117s, didelio atsparumo sm\u016bgiams plastik\u0105, pavyzd\u017eiui, polikarbonat\u0105, tokiu b\u016bdu sukuriant kompozicin\u012f stikl\u0105, pasi\u017eymint\u012f labai geru atsparumu mechaniniams pa\u017eeidimams ir kulk\u0173 sm\u016bgiams.<\/p>\n<p class=\"NormalnyWeb1\">\u0160ios pl\u0117vel\u0117s buvo sukurtos siekiant suderinti skirting\u0105 efektyvum\u0105 ir laminuoto stiklo su plastikais, pavyzd\u017eiui, polikarbonatu ir akrilu, gamybos reikalavimus.<\/p>\n<p class=\"NormalnyWeb1\">Nor\u0117dami gauti papildomos informacijos, apsilankykite:<\/p>\n<p class=\"NormalnyWeb1\">Produkt\u0173 ap\u017evalga<\/p>\n<p class=\"NormalnyWeb1\">\n<p class=\"NormalnyWeb1\"><strong><u>\u201eROMEX MB\u201c \u2013 epoksidin\u0117s liejamos grindys<\/u><\/strong><\/p>\n<p class=\"NormalnyWeb1\">\u201eROMEX MB\u201c \u2013 tai \u012fmon\u0117, kuri specializuojasi betono apsaugai skirt\u0173 epoksidini\u0173 liejam\u0173 grind\u0173 (epoksidini\u0173 dang\u0173) gamybos srityje. D\u0117l vidutinio dyd\u017eio gamybos apimties ir ilgamet\u0117s dirban\u010di\u0173 specialist\u0173 patirties, \u0161i \u012fmon\u0117 gali pasi\u016blyti auk\u0161\u010diausios kokyb\u0117s produkt\u0105, pagamint\u0105 Vokietijoje. Be pa\u010di\u0173 med\u017eiag\u0173, taip pat si\u016blome konsultacijas ir specializuot\u0173 darbuotoj\u0173 komandos vykdom\u0173 u\u017eduo\u010di\u0173 prie\u017ei\u016br\u0105. Viena \u012fmon\u0117, u\u017etikrinanti konsultavim\u0105, gamyb\u0105 ir pritaikym\u0105, garantuoja visi\u0161k\u0105 proceso kontrol\u0119 ir klaid\u0173 galimyb\u0117s suma\u017einim\u0105. Lankstus po\u017ei\u016bris suteikia galimyb\u0119 atlikti liejimo darbus savaitgaliais (\u0161e\u0161tadien\u012f ir sekmadien\u012f), nesukeliant prastov\u0173. Specialios, greitai kiet\u0117jan\u010dios sud\u0117tin\u0117s dalys suteikia galimyb\u0119 atlikti smulkius darbus arba remontuoti nakties metu.<\/p>\n<p class=\"NormalnyWeb1\">Be kit\u0173, taip pat si\u016blome maisto pramonei, automobili\u0173 stov\u0117jimo aik\u0161tel\u0117ms ir didel\u0117mis apkrovomis veikiam\u0173 pavir\u0161i\u0173 dangas. O m\u016bs\u0173 specializacija \u2013 ESD antistatin\u0117s grind\u0173 dangos.<\/p>\n<p class=\"NormalnyWeb1\">\n<p class=\"NormalnyWeb1\">Tipin\u0117s dang\u0173 sistemos:<\/p>\n<p class=\"Normalny1\">\u201eRompox 1005\u201c \u2013 standartinis produktas, skirtas sand\u0117liams ir gamybos cechams<\/p>\n<p class=\"Normalny1\">\u201eRompox 1009\u201c \u2013 maisto pramonei, taip pat dr\u0117gnoms patalpoms skirta danga<\/p>\n<p class=\"Normalny1\">\u201eRompox 1507\u201c \u2013 maisto pramonei skirta danga, pasi\u017eyminti cheminiu atsparumu dr\u0117gmei<\/p>\n<p class=\"Normalny1\">\u201eRompox 1107\u201c \u2013 ESD danga ATEX zonoms<\/p>\n<p class=\"Normalny1\">\u201eRompox 1080\u201c \u2013 elastinga danga, atspari dinamin\u0117ms apkrovoms ir sm\u016bgiams<\/p>\n<p class=\"Normalny1\">\u201eRompox 1204\u201c \u2013 chemi\u0161kai atsparus hermetikas, skirtas maisto pramonei, \u0161varioms patalpoms<\/p>\n<p class=\"Normalny1\">\u201eRompox 1505\u201c \u2013 standartinis gruntas, skirtas \u012fvairioms panaudojimo sritims<\/p>\n<p class=\"NormalnyWeb1\">\n<p class=\"NormalnyWeb1\"><strong><u>\u201eROMEX PFM\u201c \u2013 polimero si\u016bli\u0173 glaistas<\/u><\/strong><\/p>\n<p class=\"NormalnyWeb1\">\u201eROMEX PFM\u201c priklauso \u201eROMEX\u201c AG ir yra specializuotas epoksidini\u0173 glaist\u0173 gamintojas. \u012emon\u0117 \u201eROMEX\u201c yra polimero skiediniu gamybos pradinink\u0117 ir iki \u0161i\u0173 dien\u0173 i\u0161laiko savo lyderio pozicij\u0105 \u0161ioje srityje bei si\u016blo vis naujus sprendimus.<\/p>\n<p class=\"NormalnyWeb1\">Unikali polimerin\u0117 sud\u0117tis suteikia paprasto, \u0161varaus ir greito panaudojimo galimyb\u0119, kurios n\u0117ra naudojant standartinius glaistus.<\/p>\n<p class=\"NormalnyWeb1\">\n<p class=\"NormalnyWeb1\"><strong><u>\u201eCOREX\u201c \u2013 korin\u0117s aliuminio plok\u0161t\u0117s (honeycomb)<\/u><\/strong><\/p>\n<p class=\"NormalnyWeb1\">I\u0161ple\u010diamos (i\u0161tempiamos) korin\u0117s aliuminio plok\u0161t\u0117s \u2013 tai \u012fdomi alternatyva pastatuose, prekybos kioskuose, pastog\u0117se ir pan. naudojamoms lengvoms grind\u0173 plok\u0161t\u0117ms i\u0161 put\u0173.<\/p>\n<p class=\"NormalnyWeb1\">\n<p class=\"NormalnyWeb1\"><strong><u>\u201eTHERMHEX\u201c \u2013 korin\u0117s polipropileno plok\u0161t\u0117s<\/u><\/strong><\/p>\n<p class=\"NormalnyWeb1\">Plok\u0161t\u0117s su korio formos polipropileno pagrindu \u2013 tai lengva dangoms skirta med\u017eiaga. Atsi\u017evelgiant \u012f paprast\u0105 korio formos konstrukcij\u0105, jos yra naudojamos ten, kur svarbus nedidelis produkto svoris ir didelis jo standumas. \u201eHoneycomb-PP\u201c plok\u0161\u010di\u0173 naudojimo sritys, tai, vis\u0173 pirma, \u0161ilumos izoliacijos ir lengv\u0173 pertvar\u0173 statyba, lengvi prekybiniai statiniai, reklama.<\/p>\n","protected":false},"excerpt":{"rendered":"<p>Statybin\u0117s med\u017eiagos \u201eKRYSTALFLEX\u201c \u2013 TPU pl\u0117vel\u0117s \u201eKRYSTALFLEX\u201c (R) \u2013 tai technologiniu po\u017ei\u016briu vienas pla\u010diausiai \u017einom\u0173 saugaus laminuoto stiklo gamybos med\u017eiag\u0173 sektoriaus prek\u0117s \u017eenkl\u0173. Daugiau nei 30 met\u0173 tobulinamas ir pl\u0117tojamas platus termoplastini\u0173 poliuretano elastomer\u0173 (TPU) asortimentas, kur\u012f sudaro optin\u0117s alifatin\u0117s pl\u0117vel\u0117s, atitinka grie\u017e\u010diausius reikalavimus, keliamus laminuoto stiklo gamintoj\u0173, kurie nori sukurti tvarius saugi\u0173 ir neper\u0161aunam\u0173<\/p>\n<div><a class=\"btn-filled btn\" href=\"https:\/\/www.milar.pl\/lt\/materials-for-construction-buildings\/\" title=\"Statybin\u0117s med\u017eiagos\">Read More<\/a><\/div>\n","protected":false},"author":1,"featured_media":0,"parent":0,"menu_order":0,"comment_status":"closed","ping_status":"closed","template":"page-templates\/sidebar-right.php","meta":{"footnotes":""},"class_list":["post-2471","page","type-page","status-publish","hentry"],"aioseo_notices":[],"_links":{"self":[{"href":"https:\/\/www.milar.pl\/lt\/wp-json\/wp\/v2\/pages\/2471","targetHints":{"allow":["GET"]}}],"collection":[{"href":"https:\/\/www.milar.pl\/lt\/wp-json\/wp\/v2\/pages"}],"about":[{"href":"https:\/\/www.milar.pl\/lt\/wp-json\/wp\/v2\/types\/page"}],"author":[{"embeddable":true,"href":"https:\/\/www.milar.pl\/lt\/wp-json\/wp\/v2\/users\/1"}],"replies":[{"embeddable":true,"href":"https:\/\/www.milar.pl\/lt\/wp-json\/wp\/v2\/comments?post=2471"}],"version-history":[{"count":2,"href":"https:\/\/www.milar.pl\/lt\/wp-json\/wp\/v2\/pages\/2471\/revisions"}],"predecessor-version":[{"id":2473,"href":"https:\/\/www.milar.pl\/lt\/wp-json\/wp\/v2\/pages\/2471\/revisions\/2473"}],"wp:attachment":[{"href":"https:\/\/www.milar.pl\/lt\/wp-json\/wp\/v2\/media?parent=2471"}],"curies":[{"name":"wp","href":"https:\/\/api.w.org\/{rel}","templated":true}]}}