{"id":2474,"date":"2018-04-11T10:45:44","date_gmt":"2018-04-11T08:45:44","guid":{"rendered":"http:\/\/www.milar.pl\/new-site-milar-pl\/?page_id=2474"},"modified":"2018-04-11T10:46:10","modified_gmt":"2018-04-11T08:46:10","slug":"materials-for-electronics","status":"publish","type":"page","link":"https:\/\/www.milar.pl\/lt\/materials-for-electronics\/","title":{"rendered":"Elektronikos med\u017eiagos"},"content":{"rendered":"<div class=\"wpb-content-wrapper\"><p>[vc_row][vc_column][vc_column_text]<\/p>\n<h1>Elektronikos med\u017eiagos<\/h1>\n<h2>Si\u016blomos med\u017eiagos:<\/h2>\n<ul>\n<li>Apsaugin\u0117s dangos, lakai (conformal coating)<\/li>\n<li>Elektronikos silikonai\n<ul>\n<li>Silikono klijai ir hermetikai<\/li>\n<\/ul>\n<\/li>\n<li style=\"list-style-type: none;\">\n<ul>\n<li>Silikono hermetikai ir geliai<\/li>\n<\/ul>\n<\/li>\n<li>Komponent\u0173 sandarinimas ir apsaugin\u0117s dervos\n<ul>\n<li>Poliuretano dervos<\/li>\n<\/ul>\n<\/li>\n<li style=\"list-style-type: none;\">\n<ul>\n<li>Epoksidin\u0117s dervos<\/li>\n<\/ul>\n<\/li>\n<li>UV med\u017eiagos\n<ul>\n<li>UV klijai<\/li>\n<\/ul>\n<\/li>\n<li style=\"list-style-type: none;\">\n<ul>\n<li>UV sandarinimo ir hermetizavimo dervos<\/li>\n<\/ul>\n<\/li>\n<li style=\"list-style-type: none;\">\n<ul>\n<li>UV lakai<\/li>\n<\/ul>\n<\/li>\n<li style=\"list-style-type: none;\">\n<ul>\n<li>UV laminavimo med\u017eiagos<\/li>\n<\/ul>\n<\/li>\n<li style=\"list-style-type: none;\">\n<ul>\n<li>UV maskavimas<\/li>\n<\/ul>\n<\/li>\n<li>\u0160ilumai laid\u017eios med\u017eiagos\n<ul>\n<li>\u0160ilumai laid\u016bs klijai<\/li>\n<\/ul>\n<\/li>\n<li style=\"list-style-type: none;\">\n<ul>\n<li>\u0160ilumai laid\u016bs hermetikai<\/li>\n<\/ul>\n<\/li>\n<li style=\"list-style-type: none;\">\n<ul>\n<li>\u0160ilumai laid\u017eios pastos<\/li>\n<\/ul>\n<\/li>\n<li>Litavimo med\u017eiagos\n<ul>\n<li>Litavimo pastos<\/li>\n<\/ul>\n<\/li>\n<li style=\"list-style-type: none;\">\n<ul>\n<li>SMT klijai<\/li>\n<\/ul>\n<\/li>\n<li style=\"list-style-type: none;\">\n<ul>\n<li>Lydmetalis<\/li>\n<\/ul>\n<\/li>\n<li style=\"list-style-type: none;\">\n<ul>\n<li>Litavimo vielos<\/li>\n<\/ul>\n<\/li>\n<li>Litavimo fliusai<\/li>\n<li>Elektrochemija: elektronikos valymo ir riebal\u0173 \u0161alinimo priemon\u0117s<\/li>\n<li>Papildomi produktai<\/li>\n<\/ul>\n<h2>Pagrindin\u0117s naudojimo sritys (rinkos, pramon\u0117s \u0161akos):<\/h2>\n<ul>\n<li>Automobiliai<\/li>\n<li>Telekomunikacija<\/li>\n<li>Kompiuteriai<\/li>\n<li>Pramonin\u0117 ir asmenin\u0117 elektronika<\/li>\n<li>Medicina<\/li>\n<li>Karo pramon\u0117<\/li>\n<li>Energetikos elektronika<\/li>\n<li>LED ap\u0161vietimas<\/li>\n<li>Indukciniai ir pasyv\u016bs elementai<\/li>\n<li>Fotovoltiniai elementai<\/li>\n<li>Kiti elektronikos ir elektros prietaisai<\/li>\n<\/ul>\n<p>[\/vc_column_text][\/vc_column][\/vc_row]<\/p>\n<\/div>","protected":false},"excerpt":{"rendered":"<p>[vc_row][vc_column][vc_column_text] Elektronikos med\u017eiagos Si\u016blomos med\u017eiagos: Apsaugin\u0117s dangos, lakai (conformal coating) Elektronikos silikonai Silikono klijai ir hermetikai Silikono hermetikai ir geliai Komponent\u0173 sandarinimas ir apsaugin\u0117s dervos Poliuretano dervos Epoksidin\u0117s dervos UV med\u017eiagos UV klijai UV sandarinimo ir hermetizavimo dervos UV lakai UV laminavimo med\u017eiagos UV maskavimas \u0160ilumai laid\u017eios med\u017eiagos \u0160ilumai laid\u016bs klijai \u0160ilumai laid\u016bs hermetikai \u0160ilumai<\/p>\n<div><a class=\"btn-filled btn\" href=\"https:\/\/www.milar.pl\/lt\/materials-for-electronics\/\" title=\"Elektronikos med\u017eiagos\">Read More<\/a><\/div>\n","protected":false},"author":1,"featured_media":0,"parent":0,"menu_order":0,"comment_status":"closed","ping_status":"closed","template":"page-templates\/sidebar-right.php","meta":{"footnotes":""},"class_list":["post-2474","page","type-page","status-publish","hentry"],"aioseo_notices":[],"_links":{"self":[{"href":"https:\/\/www.milar.pl\/lt\/wp-json\/wp\/v2\/pages\/2474","targetHints":{"allow":["GET"]}}],"collection":[{"href":"https:\/\/www.milar.pl\/lt\/wp-json\/wp\/v2\/pages"}],"about":[{"href":"https:\/\/www.milar.pl\/lt\/wp-json\/wp\/v2\/types\/page"}],"author":[{"embeddable":true,"href":"https:\/\/www.milar.pl\/lt\/wp-json\/wp\/v2\/users\/1"}],"replies":[{"embeddable":true,"href":"https:\/\/www.milar.pl\/lt\/wp-json\/wp\/v2\/comments?post=2474"}],"version-history":[{"count":2,"href":"https:\/\/www.milar.pl\/lt\/wp-json\/wp\/v2\/pages\/2474\/revisions"}],"predecessor-version":[{"id":2476,"href":"https:\/\/www.milar.pl\/lt\/wp-json\/wp\/v2\/pages\/2474\/revisions\/2476"}],"wp:attachment":[{"href":"https:\/\/www.milar.pl\/lt\/wp-json\/wp\/v2\/media?parent=2474"}],"curies":[{"name":"wp","href":"https:\/\/api.w.org\/{rel}","templated":true}]}}