{"id":2477,"date":"2018-04-11T10:46:35","date_gmt":"2018-04-11T08:46:35","guid":{"rendered":"http:\/\/www.milar.pl\/new-site-milar-pl\/?page_id=2477"},"modified":"2018-04-11T10:48:13","modified_gmt":"2018-04-11T08:48:13","slug":"materials-for-the-power-industry-and-electrical-engineering","status":"publish","type":"page","link":"https:\/\/www.milar.pl\/lt\/materials-for-the-power-industry-and-electrical-engineering\/","title":{"rendered":"Energetiko ir elektrotechnikos med\u017eiagos"},"content":{"rendered":"<h1>Energetiko ir elektrotechnikos med\u017eiagos<\/h1>\n<h2>Si\u016blomos med\u017eiagos:<\/h2>\n<ul>\n<li>Liejamos epoksidin\u0117s dervos<\/li>\n<li>Epoksidin\u0117s ir poliuretano sandarinimo ir hermetizavimo dervos<\/li>\n<li>Impregnavimo lakai ir dervos<\/li>\n<li>Silikonai<\/li>\n<li>RTV silikonai<\/li>\n<li>HTV, LSR silikonai<\/li>\n<li>Epoksidin\u0117s, poliesterio ir fenolio formavimo med\u017eiagos<\/li>\n<li>Neorganinis izoliacinis popierius<\/li>\n<li>Varikliai ir generatoriai<\/li>\n<\/ul>\n<h2>Pagrindin\u0117s naudojimo sritys (rinkos, pramon\u0117s \u0161akos):<\/h2>\n<ul>\n<li>Izoliatoriai<\/li>\n<li>Srov\u0117s transformatoriai<\/li>\n<li>Elektros izoliacijos laminatai<\/li>\n<li>Transformatoriai<\/li>\n<li>Kabeli\u0173 jungtys<\/li>\n<li>Korpusai, d\u0117\u017eut\u0117s ir izoliuotos jungtys<\/li>\n<\/ul>\n","protected":false},"excerpt":{"rendered":"<p>Energetiko ir elektrotechnikos med\u017eiagos Si\u016blomos med\u017eiagos: Liejamos epoksidin\u0117s dervos Epoksidin\u0117s ir poliuretano sandarinimo ir hermetizavimo dervos Impregnavimo lakai ir dervos Silikonai RTV silikonai HTV, LSR silikonai Epoksidin\u0117s, poliesterio ir fenolio formavimo med\u017eiagos Neorganinis izoliacinis popierius Varikliai ir generatoriai Pagrindin\u0117s naudojimo sritys (rinkos, pramon\u0117s \u0161akos): Izoliatoriai Srov\u0117s transformatoriai Elektros izoliacijos laminatai Transformatoriai Kabeli\u0173 jungtys Korpusai, d\u0117\u017eut\u0117s<\/p>\n<div><a class=\"btn-filled btn\" href=\"https:\/\/www.milar.pl\/lt\/materials-for-the-power-industry-and-electrical-engineering\/\" title=\"Energetiko ir elektrotechnikos med\u017eiagos\">Read More<\/a><\/div>\n","protected":false},"author":1,"featured_media":0,"parent":0,"menu_order":0,"comment_status":"closed","ping_status":"closed","template":"page-templates\/sidebar-right.php","meta":{"footnotes":""},"class_list":["post-2477","page","type-page","status-publish","hentry"],"aioseo_notices":[],"_links":{"self":[{"href":"https:\/\/www.milar.pl\/lt\/wp-json\/wp\/v2\/pages\/2477","targetHints":{"allow":["GET"]}}],"collection":[{"href":"https:\/\/www.milar.pl\/lt\/wp-json\/wp\/v2\/pages"}],"about":[{"href":"https:\/\/www.milar.pl\/lt\/wp-json\/wp\/v2\/types\/page"}],"author":[{"embeddable":true,"href":"https:\/\/www.milar.pl\/lt\/wp-json\/wp\/v2\/users\/1"}],"replies":[{"embeddable":true,"href":"https:\/\/www.milar.pl\/lt\/wp-json\/wp\/v2\/comments?post=2477"}],"version-history":[{"count":3,"href":"https:\/\/www.milar.pl\/lt\/wp-json\/wp\/v2\/pages\/2477\/revisions"}],"predecessor-version":[{"id":2480,"href":"https:\/\/www.milar.pl\/lt\/wp-json\/wp\/v2\/pages\/2477\/revisions\/2480"}],"wp:attachment":[{"href":"https:\/\/www.milar.pl\/lt\/wp-json\/wp\/v2\/media?parent=2477"}],"curies":[{"name":"wp","href":"https:\/\/api.w.org\/{rel}","templated":true}]}}