{"id":2481,"date":"2018-04-11T10:49:26","date_gmt":"2018-04-11T08:49:26","guid":{"rendered":"http:\/\/www.milar.pl\/new-site-milar-pl\/?page_id=2481"},"modified":"2018-04-11T10:50:49","modified_gmt":"2018-04-11T08:50:49","slug":"tooling-materials","status":"publish","type":"page","link":"https:\/\/www.milar.pl\/lt\/tooling-materials\/","title":{"rendered":"Form\u0173 ir prototip\u0173 gamyba"},"content":{"rendered":"<div class=\"wpb-content-wrapper\"><p>[vc_row][vc_column][vc_column_text]<\/p>\n<h1>Form\u0173 ir prototip\u0173 gamyba<\/h1>\n<h3>Produktai formoms, \u012frankiams, modeliams ir prototipams<\/h3>\n<h3>Si\u016blomos med\u017eiagos:<\/h3>\n<ul>\n<li>Plok\u0161t\u0117s ir pastos modeliams ir \u012frankiams\n<ul>\n<li>Modeliavimo plok\u0161t\u0117s<\/li>\n<\/ul>\n<\/li>\n<li style=\"list-style-type: none;\">\n<ul>\n<li>Form\u0173 plok\u0161t\u0117s<\/li>\n<\/ul>\n<\/li>\n<li style=\"list-style-type: none;\">\n<ul>\n<li>Liejami PU blokai<\/li>\n<\/ul>\n<\/li>\n<li style=\"list-style-type: none;\">\n<ul>\n<li>Rankiniu ar ma\u0161ininiu b\u016bdu apdorojami glaistai ir pastos<\/li>\n<\/ul>\n<\/li>\n<li>Laminavimo gelkautai ir laminavimo dervos\n<ul>\n<li>Epoksido ir poliuretano gelkautai<\/li>\n<\/ul>\n<\/li>\n<li style=\"list-style-type: none;\">\n<ul>\n<li>Epoksidin\u0117s laminavimo dervos<\/li>\n<\/ul>\n<\/li>\n<li style=\"list-style-type: none;\">\n<ul>\n<li>Epoksidin\u0117s laminavimo pastos<\/li>\n<\/ul>\n<\/li>\n<li>Liejini\u0173 dervos\n<ul>\n<li>Epoksidin\u0117s dervos<\/li>\n<\/ul>\n<\/li>\n<li style=\"list-style-type: none;\">\n<ul>\n<li>Greitai kiet\u0117jantys poliuretanai<\/li>\n<\/ul>\n<\/li>\n<li style=\"list-style-type: none;\">\n<ul>\n<li>\u201eMassCasting\u201c \u2013 dideli\u0173 gabarit\u0173 liejini\u0173 derva<\/li>\n<\/ul>\n<\/li>\n<li style=\"list-style-type: none;\">\n<ul>\n<li>Elastingi poliuretanai<\/li>\n<\/ul>\n<\/li>\n<li>Prototip\u0173 ir ma\u017e\u0173 gamybos partij\u0173 dervos\n<ul>\n<li>Prototip\u0173 dervos \u2013 \u017eemo sl\u0117gio \u012fpur\u0161kimas (RIM)<\/li>\n<\/ul>\n<\/li>\n<li style=\"list-style-type: none;\">\n<ul>\n<li>Prototip\u0173 dervos \u2013 vakuuminis liejimas (Vacuum Casting)<\/li>\n<\/ul>\n<\/li>\n<li>Liejimo form\u0173 silikonai\n<ul>\n<li>Adityviniai silikonai<\/li>\n<\/ul>\n<\/li>\n<li style=\"list-style-type: none;\">\n<ul>\n<li>Kondensaciniai silikonai<\/li>\n<\/ul>\n<\/li>\n<li style=\"list-style-type: none;\">\n<ul>\n<li>Special\u016bs silikonai<\/li>\n<\/ul>\n<\/li>\n<li>Poliesterio ir vinilo esterio liejimo sistemos\n<ul>\n<li>Modeli\u0173 pavir\u0161iaus u\u017ebaigimo med\u017eiagos<\/li>\n<\/ul>\n<\/li>\n<li style=\"list-style-type: none;\">\n<ul>\n<li>Nesusitraukian\u010dios form\u0173 gamybos sistemos<\/li>\n<\/ul>\n<\/li>\n<li>Akrilin\u0117s dervos\n<ul>\n<li>Pagrindin\u0117s sistemos<\/li>\n<\/ul>\n<\/li>\n<li style=\"list-style-type: none;\">\n<ul>\n<li>Specialios sistemos<\/li>\n<\/ul>\n<\/li>\n<li style=\"list-style-type: none;\">\n<ul>\n<li>Papildomi produktai<\/li>\n<\/ul>\n<\/li>\n<li>Pagalbiniai produktai\n<ul>\n<li>Atskyrimo med\u017eiagos<\/li>\n<\/ul>\n<\/li>\n<li style=\"list-style-type: none;\">\n<ul>\n<li>U\u017epildai<\/li>\n<\/ul>\n<\/li>\n<li style=\"list-style-type: none;\">\n<ul>\n<li>Kalibruoti va\u0161ko lak\u0161tai<\/li>\n<\/ul>\n<\/li>\n<li style=\"list-style-type: none;\">\n<ul>\n<li>Da\u017eikliai<\/li>\n<\/ul>\n<\/li>\n<\/ul>\n<h3>Pagrindin\u0117s naudojimo sritys (rinkos, pramon\u0117s \u0161akos):<\/h3>\n<ul>\n<li>Nam\u0173 apyvokos prietaisai<\/li>\n<li>Statyba<\/li>\n<li>Keramika<\/li>\n<li>Energetika ir elektronika<\/li>\n<li>V\u0117jo energetika<\/li>\n<li>Kalnakasyba<\/li>\n<li>Jachtos ir valtys<\/li>\n<li>Technin\u0117 prie\u017ei\u016bra<\/li>\n<li>Aviacija<\/li>\n<li>Ma\u0161inos ir \u012frenginiai<\/li>\n<li>Medicina<\/li>\n<li>Automobili\u0173 pramon\u0117<\/li>\n<li>Liejimas<\/li>\n<li>Plastik\u0173 perdirbimas<\/li>\n<li>Reklama<\/li>\n<li>Sportas ir rekreacija<\/li>\n<li>Menas<\/li>\n<li>Teatras ir kinas<\/li>\n<li>Telekomunikacija<\/li>\n<li>Gele\u017einkeli\u0173 transportas<\/li>\n<li>Ginkluot\u0117<\/li>\n<\/ul>\n<p>[\/vc_column_text][\/vc_column][\/vc_row]<\/p>\n<\/div>","protected":false},"excerpt":{"rendered":"<p>[vc_row][vc_column][vc_column_text] Form\u0173 ir prototip\u0173 gamyba Produktai formoms, \u012frankiams, modeliams ir prototipams Si\u016blomos med\u017eiagos: Plok\u0161t\u0117s ir pastos modeliams ir \u012frankiams Modeliavimo plok\u0161t\u0117s Form\u0173 plok\u0161t\u0117s Liejami PU blokai Rankiniu ar ma\u0161ininiu b\u016bdu apdorojami glaistai ir pastos Laminavimo gelkautai ir laminavimo dervos Epoksido ir poliuretano gelkautai Epoksidin\u0117s laminavimo dervos Epoksidin\u0117s laminavimo pastos Liejini\u0173 dervos Epoksidin\u0117s dervos Greitai kiet\u0117jantys<\/p>\n<div><a class=\"btn-filled btn\" href=\"https:\/\/www.milar.pl\/lt\/tooling-materials\/\" title=\"Form\u0173 ir prototip\u0173 gamyba\">Read More<\/a><\/div>\n","protected":false},"author":1,"featured_media":0,"parent":0,"menu_order":0,"comment_status":"closed","ping_status":"closed","template":"page-templates\/sidebar-right.php","meta":{"footnotes":""},"class_list":["post-2481","page","type-page","status-publish","hentry"],"aioseo_notices":[],"_links":{"self":[{"href":"https:\/\/www.milar.pl\/lt\/wp-json\/wp\/v2\/pages\/2481","targetHints":{"allow":["GET"]}}],"collection":[{"href":"https:\/\/www.milar.pl\/lt\/wp-json\/wp\/v2\/pages"}],"about":[{"href":"https:\/\/www.milar.pl\/lt\/wp-json\/wp\/v2\/types\/page"}],"author":[{"embeddable":true,"href":"https:\/\/www.milar.pl\/lt\/wp-json\/wp\/v2\/users\/1"}],"replies":[{"embeddable":true,"href":"https:\/\/www.milar.pl\/lt\/wp-json\/wp\/v2\/comments?post=2481"}],"version-history":[{"count":4,"href":"https:\/\/www.milar.pl\/lt\/wp-json\/wp\/v2\/pages\/2481\/revisions"}],"predecessor-version":[{"id":2485,"href":"https:\/\/www.milar.pl\/lt\/wp-json\/wp\/v2\/pages\/2481\/revisions\/2485"}],"wp:attachment":[{"href":"https:\/\/www.milar.pl\/lt\/wp-json\/wp\/v2\/media?parent=2481"}],"curies":[{"name":"wp","href":"https:\/\/api.w.org\/{rel}","templated":true}]}}