{"id":2579,"date":"2018-04-12T09:11:08","date_gmt":"2018-04-12T07:11:08","guid":{"rendered":"http:\/\/www.milar.pl\/new-site-milar-pl\/?page_id=2579"},"modified":"2025-03-18T09:07:23","modified_gmt":"2025-03-18T08:07:23","slug":"general-information","status":"publish","type":"page","link":"https:\/\/www.milar.pl\/lv\/general-information\/","title":{"rendered":"Visp\u0101r\u012bg\u0101 inform\u0101cija"},"content":{"rendered":"<h1>Visp\u0101r\u012bg\u0101 inform\u0101cija<\/h1>\n<p class=\"Normalny1\"><strong>Visp\u0101r\u012bg\u0101 inform\u0101cija<\/strong><\/p>\n<p class=\"Normalny1\">\u201cMilar\u201d ir uz\u0146\u0113mums, kas pieder V\u0101cijas uz\u0146\u0113mumu grupai &#8220;Biesterfeld&#8221; &#8211; Eiropas vado\u0161ajam \u0137\u012bmisko produktu izplat\u012bt\u0101jam.<\/p>\n<p class=\"Normalny1\">Polijas tirg\u016b darbojamies kop\u0161 1990.gada, pied\u0101v\u0101jot saviem klientiem profesion\u0101lu tehnisko atbalstu un pla\u0161u kl\u0101stu augstas kvalit\u0101tes specializ\u0113to produktu.<\/p>\n<p>Pied\u0101v\u0101jum\u0101 ietilpst:<\/p>\n<ul>\n<li>Materi\u0101li kompoz\u012btu ra\u017eo\u0161anai<\/li>\n<li>Materi\u0101li mode\u013cu, veid\u0146u, prototipu izgatavo\u0161anai<\/li>\n<li>Materi\u0101li elektronikas, elektrotehnikas un ener\u0123\u0113tikas nozarei<\/li>\n<li>L\u012bmes, sm\u0113rvielas, atdal\u012b\u0161anas l\u012bdzek\u013ci<\/li>\n<li>Silikona gumijas, gumijas mais\u012bjumi un gumijas piedevas<\/li>\n<li>Papildu produkti<\/li>\n<\/ul>\n<p class=\"Normalny1\">Sadarb\u012bba ar daudziem ra\u017eot\u0101jiem \u013cauj mums pied\u0101v\u0101t pla\u0161u izejvielu kl\u0101stu da\u017e\u0101d\u0101m ra\u017eo\u0161anas nozar\u0113m. Pasaul\u0113 atz\u012bti pieg\u0101d\u0101t\u0101ji ar\u012b garant\u0113 pieg\u0101d\u0101to izejvielu augsto kvalit\u0101ti un pieeju jaun\u0101kaj\u0101m tehnolo\u0123ij\u0101m.<\/p>\n<p class=\"Normalny1\">Kompetents person\u0101ls pal\u012bdz\u0113s Jums izv\u0113l\u0113ties piem\u0113rot\u0101ko produktu vai ieviest jauno tehnolo\u0123iju.<\/p>\n","protected":false},"excerpt":{"rendered":"<p>Visp\u0101r\u012bg\u0101 inform\u0101cija Visp\u0101r\u012bg\u0101 inform\u0101cija \u201cMilar\u201d ir uz\u0146\u0113mums, kas pieder V\u0101cijas uz\u0146\u0113mumu grupai &#8220;Biesterfeld&#8221; &#8211; Eiropas vado\u0161ajam \u0137\u012bmisko produktu izplat\u012bt\u0101jam. Polijas tirg\u016b darbojamies kop\u0161 1990.gada, pied\u0101v\u0101jot saviem klientiem profesion\u0101lu tehnisko atbalstu un pla\u0161u kl\u0101stu augstas kvalit\u0101tes specializ\u0113to produktu. Pied\u0101v\u0101jum\u0101 ietilpst: Materi\u0101li kompoz\u012btu ra\u017eo\u0161anai Materi\u0101li mode\u013cu, veid\u0146u, prototipu izgatavo\u0161anai Materi\u0101li elektronikas, elektrotehnikas un ener\u0123\u0113tikas nozarei L\u012bmes, sm\u0113rvielas,<\/p>\n<div><a class=\"btn-filled btn\" href=\"https:\/\/www.milar.pl\/lv\/general-information\/\" title=\"Visp\u0101r\u012bg\u0101 inform\u0101cija\">Read More<\/a><\/div>\n","protected":false},"author":1,"featured_media":0,"parent":0,"menu_order":0,"comment_status":"closed","ping_status":"closed","template":"page-templates\/full-width.php","meta":{"footnotes":""},"class_list":["post-2579","page","type-page","status-publish","hentry"],"aioseo_notices":[],"_links":{"self":[{"href":"https:\/\/www.milar.pl\/lv\/wp-json\/wp\/v2\/pages\/2579","targetHints":{"allow":["GET"]}}],"collection":[{"href":"https:\/\/www.milar.pl\/lv\/wp-json\/wp\/v2\/pages"}],"about":[{"href":"https:\/\/www.milar.pl\/lv\/wp-json\/wp\/v2\/types\/page"}],"author":[{"embeddable":true,"href":"https:\/\/www.milar.pl\/lv\/wp-json\/wp\/v2\/users\/1"}],"replies":[{"embeddable":true,"href":"https:\/\/www.milar.pl\/lv\/wp-json\/wp\/v2\/comments?post=2579"}],"version-history":[{"count":4,"href":"https:\/\/www.milar.pl\/lv\/wp-json\/wp\/v2\/pages\/2579\/revisions"}],"predecessor-version":[{"id":6222,"href":"https:\/\/www.milar.pl\/lv\/wp-json\/wp\/v2\/pages\/2579\/revisions\/6222"}],"wp:attachment":[{"href":"https:\/\/www.milar.pl\/lv\/wp-json\/wp\/v2\/media?parent=2579"}],"curies":[{"name":"wp","href":"https:\/\/api.w.org\/{rel}","templated":true}]}}