{"id":2583,"date":"2018-04-12T09:13:25","date_gmt":"2018-04-12T07:13:25","guid":{"rendered":"http:\/\/www.milar.pl\/new-site-milar-pl\/?page_id=2583"},"modified":"2018-04-26T16:39:56","modified_gmt":"2018-04-26T14:39:56","slug":"quality","status":"publish","type":"page","link":"https:\/\/www.milar.pl\/lv\/general-information\/quality\/","title":{"rendered":"Kvalit\u0101te"},"content":{"rendered":"<div class=\"wpb-content-wrapper\"><p>[vc_row][vc_column][vc_column_text]<\/p>\n<h1>Kvalit\u0101te<\/h1>\n<p>P\u0101rst\u0101vam pieg\u0101d\u0101t\u0101jus ar stabilu poz\u012bciju tirg\u016b. M\u016bsu pied\u0101v\u0101tie produkti atbilst virknei stingru standartu, ko apliecina daudzi sertifik\u0101ti, kas ir pieejami m\u016bsu pieg\u0101d\u0101t\u0101ju t\u012bmek\u013ca vietn\u0113s.<\/p>\n<p>&#8220;Biesterfeld&#8221; un &#8220;Milar&#8221;, k\u0101 partneri Eirop\u0101, ir sa\u0146\u0113mu\u0161i daudzus apliecin\u0101jumus un sertifik\u0101tus attiec\u012bb\u0101 uz m\u016bsu p\u0101rst\u0101v\u0113to ra\u017eot\u0101ju izgatavoto produktu apkalpo\u0161anu un tirgo\u0161anu.<\/p>\n<ul>\n<li><a href=\"http:\/\/www.biesterfeld-spezialchemie.com\/de\/de\/unternehmen\/qualitaet-reach.html\" target=\"_blank\" rel=\"noopener\">Biesterfeld kvalit\u0101te<\/a><\/li>\n<\/ul>\n<p>[\/vc_column_text][\/vc_column][\/vc_row][vc_row][vc_column width=&#8221;1\/3&#8243;][vc_single_image image=&#8221;2016&#8243; img_size=&#8221;100&#215;142&#8243; onclick=&#8221;custom_link&#8221; link=&#8221;http:\/\/www.milar.pl\/wp-content\/uploads\/2018\/02\/1-ISO-MILAR-Biesterfeld.pdf&#8221;][\/vc_column][vc_column width=&#8221;1\/3&#8243;][vc_single_image image=&#8221;2015&#8243; img_size=&#8221;100&#215;142&#8243; onclick=&#8221;custom_link&#8221; img_link_target=&#8221;_blank&#8221; link=&#8221;http:\/\/www.milar.pl\/wp-content\/uploads\/2018\/02\/2-certyfikat-iso.jpg&#8221;][\/vc_column][vc_column width=&#8221;1\/3&#8243;][vc_single_image image=&#8221;2014&#8243; img_size=&#8221;100&#215;142&#8243; onclick=&#8221;custom_link&#8221; link=&#8221;http:\/\/www.milar.pl\/wp-content\/uploads\/2018\/02\/3-certyfikat-iso-eng.jpg&#8221;][\/vc_column][\/vc_row]<\/p>\n<\/div>","protected":false},"excerpt":{"rendered":"<p>[vc_row][vc_column][vc_column_text] Kvalit\u0101te P\u0101rst\u0101vam pieg\u0101d\u0101t\u0101jus ar stabilu poz\u012bciju tirg\u016b. M\u016bsu pied\u0101v\u0101tie produkti atbilst virknei stingru standartu, ko apliecina daudzi sertifik\u0101ti, kas ir pieejami m\u016bsu pieg\u0101d\u0101t\u0101ju t\u012bmek\u013ca vietn\u0113s. &#8220;Biesterfeld&#8221; un &#8220;Milar&#8221;, k\u0101 partneri Eirop\u0101, ir sa\u0146\u0113mu\u0161i daudzus apliecin\u0101jumus un sertifik\u0101tus attiec\u012bb\u0101 uz m\u016bsu p\u0101rst\u0101v\u0113to ra\u017eot\u0101ju izgatavoto produktu apkalpo\u0161anu un tirgo\u0161anu. Biesterfeld kvalit\u0101te [\/vc_column_text][\/vc_column][\/vc_row][vc_row][vc_column width=&#8221;1\/3&#8243;][vc_single_image image=&#8221;2016&#8243; img_size=&#8221;100&#215;142&#8243; onclick=&#8221;custom_link&#8221;<\/p>\n<div><a class=\"btn-filled btn\" href=\"https:\/\/www.milar.pl\/lv\/general-information\/quality\/\" title=\"Kvalit\u0101te\">Read More<\/a><\/div>\n","protected":false},"author":1,"featured_media":0,"parent":2579,"menu_order":0,"comment_status":"closed","ping_status":"closed","template":"page-templates\/full-width.php","meta":{"footnotes":""},"class_list":["post-2583","page","type-page","status-publish","hentry"],"aioseo_notices":[],"_links":{"self":[{"href":"https:\/\/www.milar.pl\/lv\/wp-json\/wp\/v2\/pages\/2583","targetHints":{"allow":["GET"]}}],"collection":[{"href":"https:\/\/www.milar.pl\/lv\/wp-json\/wp\/v2\/pages"}],"about":[{"href":"https:\/\/www.milar.pl\/lv\/wp-json\/wp\/v2\/types\/page"}],"author":[{"embeddable":true,"href":"https:\/\/www.milar.pl\/lv\/wp-json\/wp\/v2\/users\/1"}],"replies":[{"embeddable":true,"href":"https:\/\/www.milar.pl\/lv\/wp-json\/wp\/v2\/comments?post=2583"}],"version-history":[{"count":4,"href":"https:\/\/www.milar.pl\/lv\/wp-json\/wp\/v2\/pages\/2583\/revisions"}],"predecessor-version":[{"id":2685,"href":"https:\/\/www.milar.pl\/lv\/wp-json\/wp\/v2\/pages\/2583\/revisions\/2685"}],"up":[{"embeddable":true,"href":"https:\/\/www.milar.pl\/lv\/wp-json\/wp\/v2\/pages\/2579"}],"wp:attachment":[{"href":"https:\/\/www.milar.pl\/lv\/wp-json\/wp\/v2\/media?parent=2583"}],"curies":[{"name":"wp","href":"https:\/\/api.w.org\/{rel}","templated":true}]}}