{"id":2587,"date":"2018-04-12T09:22:27","date_gmt":"2018-04-12T07:22:27","guid":{"rendered":"http:\/\/www.milar.pl\/new-site-milar-pl\/?page_id=2587"},"modified":"2018-04-12T09:23:46","modified_gmt":"2018-04-12T07:23:46","slug":"additional-materials-and-equipment","status":"publish","type":"page","link":"https:\/\/www.milar.pl\/lv\/additional-materials-and-equipment\/","title":{"rendered":"Papildus materi\u0101li un iek\u0101rtas"},"content":{"rendered":"<h1>Papildus materi\u0101li un iek\u0101rtas<\/h1>\n<p>Sadarbojamies ar iek\u0101rtu ra\u017eot\u0101jiem, ar kuriem varam kop\u0101 ieviest PILNU TEHNOLO\u0122ISKO PROCESU.<\/p>\n<p>Izmantojot m\u016bsu pied\u0101v\u0101tos materi\u0101lus, ievie\u0161am tehnolo\u0123ijas, kas balst\u012btas uz:<\/p>\n<p>&#8211; iek\u0101rt\u0101m un tehnolo\u0123iskaj\u0101m l\u012bnij\u0101m sve\u0137u mais\u012bjumu vakuuma form\u0113\u0161anai<br \/>\n&#8211; iek\u0101rt\u0101m un tehnolo\u0123iskaj\u0101m l\u012bnij\u0101m sve\u0137u iesmidzin\u0101\u0161anai<br \/>\n&#8211; iek\u0101rt\u0101m un tehnolo\u0123iskaj\u0101m l\u012bnij\u0101m vakuuma lie\u0161anai<br \/>\n&#8211; iek\u0101rt\u0101m un tehnolo\u0123iskaj\u0101m l\u012bnij\u0101m ADG, APG, RADG tehnolo\u0123ij\u0101m<br \/>\n&#8211; iek\u0101rt\u0101m un tehnolo\u0123iskaj\u0101m l\u012bnij\u0101m transformatoru vakuuma \u017e\u0101v\u0113\u0161anai<br \/>\n&#8211; iek\u0101rt\u0101m un tehnolo\u0123iskaj\u0101m l\u012bnij\u0101m vakuuma pies\u016bcin\u0101\u0161anai<br \/>\n&#8211; iek\u0101rt\u0101m un tehnolo\u0123iskaj\u0101m l\u012bnij\u0101m tinumu impregn\u0113\u0161anai<br \/>\n&#8211; iek\u0101rt\u0101m un tehnolo\u0123iskaj\u0101m l\u012bnij\u0101m inf\u016bzijas un vakuuma maisi\u0146a tehnolo\u0123ijai<br \/>\n&#8211; iek\u0101rt\u0101m un tehnolo\u0123iskaj\u0101m l\u012bnij\u0101m mitrai sat\u012b\u0161anai<br \/>\n&#8211; iek\u0101rt\u0101m un tehnolo\u0123iskaj\u0101m l\u012bnij\u0101m transformatoru e\u013c\u013cas sagatavo\u0161anai un re\u0123ener\u0113\u0161anai<br \/>\n&#8211; iek\u0101rt\u0101m un tehnolo\u0123iskaj\u0101m l\u012bnij\u0101m pultr\u016bzijai<br \/>\n&#8211; iek\u0101rt\u0101m un tehnolo\u0123iskaj\u0101m l\u012bnij\u0101m RTM tehnolo\u0123ijai<br \/>\n&#8211; iek\u0101rt\u0101m un tehnolo\u0123iskaj\u0101m l\u012bnij\u0101m gumiju un silikonu pres\u0113\u0161anai<br \/>\n&#8211; iek\u0101rt\u0101m un tehnolo\u0123iskaj\u0101m l\u012bnij\u0101m silikonu un citu elastom\u0113ru iesmidzin\u0101\u0161anai<br \/>\n&#8211; iek\u0101rt\u0101m un tehnolo\u0123iskaj\u0101m l\u012bnij\u0101m preimpegr\u0113to materi\u0101lu (prepregu) apstr\u0101dei<br \/>\n&#8211; iek\u0101rt\u0101m un tehnolo\u0123iskaj\u0101m l\u012bnij\u0101m elektronikas iekaus\u0113\u0161anai<br \/>\n&#8211; iek\u0101rt\u0101m un tehnolo\u0123iskaj\u0101m l\u012bnij\u0101m p\u0101rkl\u0101jumu veido\u0161anai<br \/>\n&#8211; iek\u0101rt\u0101m un tehnolo\u0123iskaj\u0101m l\u012bnij\u0101m \u0101trai prototip\u0113\u0161anai<br \/>\n&#8211; iek\u0101rt\u0101m un tehnolo\u0123iskaj\u0101m l\u012bnij\u0101m l\u012bm\u0113\u0161anas procesam<br \/>\n&#8211; iek\u0101rt\u0101m un tehnolo\u0123iskaj\u0101m l\u012bnij\u0101m UV l\u012bmju un sve\u0137u saciet\u0113\u0161anai (UV apstaro\u0161ana)<\/p>\n<p>&nbsp;<\/p>\n<p class=\"NormalnyWeb1\">\n","protected":false},"excerpt":{"rendered":"<p>Papildus materi\u0101li un iek\u0101rtas Sadarbojamies ar iek\u0101rtu ra\u017eot\u0101jiem, ar kuriem varam kop\u0101 ieviest PILNU TEHNOLO\u0122ISKO PROCESU. Izmantojot m\u016bsu pied\u0101v\u0101tos materi\u0101lus, ievie\u0161am tehnolo\u0123ijas, kas balst\u012btas uz: &#8211; iek\u0101rt\u0101m un tehnolo\u0123iskaj\u0101m l\u012bnij\u0101m sve\u0137u mais\u012bjumu vakuuma form\u0113\u0161anai &#8211; iek\u0101rt\u0101m un tehnolo\u0123iskaj\u0101m l\u012bnij\u0101m sve\u0137u iesmidzin\u0101\u0161anai &#8211; iek\u0101rt\u0101m un tehnolo\u0123iskaj\u0101m l\u012bnij\u0101m vakuuma lie\u0161anai &#8211; iek\u0101rt\u0101m un tehnolo\u0123iskaj\u0101m l\u012bnij\u0101m ADG, APG,<\/p>\n<div><a class=\"btn-filled btn\" href=\"https:\/\/www.milar.pl\/lv\/additional-materials-and-equipment\/\" title=\"Papildus materi\u0101li un iek\u0101rtas\">Read More<\/a><\/div>\n","protected":false},"author":1,"featured_media":0,"parent":0,"menu_order":0,"comment_status":"closed","ping_status":"closed","template":"page-templates\/sidebar-right.php","meta":{"footnotes":""},"class_list":["post-2587","page","type-page","status-publish","hentry"],"aioseo_notices":[],"_links":{"self":[{"href":"https:\/\/www.milar.pl\/lv\/wp-json\/wp\/v2\/pages\/2587","targetHints":{"allow":["GET"]}}],"collection":[{"href":"https:\/\/www.milar.pl\/lv\/wp-json\/wp\/v2\/pages"}],"about":[{"href":"https:\/\/www.milar.pl\/lv\/wp-json\/wp\/v2\/types\/page"}],"author":[{"embeddable":true,"href":"https:\/\/www.milar.pl\/lv\/wp-json\/wp\/v2\/users\/1"}],"replies":[{"embeddable":true,"href":"https:\/\/www.milar.pl\/lv\/wp-json\/wp\/v2\/comments?post=2587"}],"version-history":[{"count":2,"href":"https:\/\/www.milar.pl\/lv\/wp-json\/wp\/v2\/pages\/2587\/revisions"}],"predecessor-version":[{"id":2590,"href":"https:\/\/www.milar.pl\/lv\/wp-json\/wp\/v2\/pages\/2587\/revisions\/2590"}],"wp:attachment":[{"href":"https:\/\/www.milar.pl\/lv\/wp-json\/wp\/v2\/media?parent=2587"}],"curies":[{"name":"wp","href":"https:\/\/api.w.org\/{rel}","templated":true}]}}