{"id":2605,"date":"2018-04-12T09:38:50","date_gmt":"2018-04-12T07:38:50","guid":{"rendered":"http:\/\/www.milar.pl\/new-site-milar-pl\/?page_id=2605"},"modified":"2025-02-06T12:36:12","modified_gmt":"2025-02-06T11:36:12","slug":"home-page","status":"publish","type":"page","link":"https:\/\/www.milar.pl\/lv\/","title":{"rendered":"Home Page"},"content":{"rendered":"<div class=\"wpb-content-wrapper\"><p>[vc_row][vc_column][vc_column_text]<\/p>\n<h1><span id=\"result_box\" class=\"short_text\" lang=\"lv\"><span class=\"\">Laipni l\u016bdzam Milar<\/span><\/span><\/h1>\n<p class=\"Normalny1\">\u201cMilar\u201d ir uz\u0146\u0113mums, kas pieder V\u0101cijas uz\u0146\u0113mumu <strong>grupai &#8220;Biesterfeld&#8221;<\/strong> &#8211; Eiropas vado\u0161ajam \u0137\u012bmisko produktu izplat\u012bt\u0101jam.<\/p>\n<p class=\"Normalny1\">Polijas tirg\u016b darbojamies kop\u0161 1990.gada, pied\u0101v\u0101jot saviem klientiem profesion\u0101lu tehnisko atbalstu un pla\u0161u kl\u0101stu augstas kvalit\u0101tes specializ\u0113to produktu<\/p>\n<p>[\/vc_column_text][\/vc_column][\/vc_row][vc_row full_width=&#8221;stretch_row&#8221;][vc_column][vc_raw_html]JTNDaHIlMjBjbGFzcyUzRCUyMmNlLWRpdiUyMiUyMHN0eWxlJTNEJTIyY3Vyc29yJTNBJTIwcG9pbnRlciUzQiUyMiUzRSUzQyUyRmhyJTNF[\/vc_raw_html][vc_column_text]<\/p>\n<h3>Produkti<\/h3>\n<p>[\/vc_column_text][vc_row_inner][vc_column_inner width=&#8221;1\/4&#8243;][vc_column_text]<\/p>\n<p style=\"text-align: center;\"><a href=\"http:\/\/www.milar.pl\/lv\/materials-for-composites-production\/\"><img loading=\"lazy\" decoding=\"async\" class=\"aligncenter\" src=\"http:\/\/milar.home.pl\/new-site-milar-pl\/wp-content\/themes\/milar\/inc\/img\/kompozyty.svg\" alt=\"\" width=\"135\" height=\"135\" \/>Materi\u0101li kompoz\u012btu ra\u017eo\u0161anai<\/a><\/p>\n<p>[\/vc_column_text][\/vc_column_inner][vc_column_inner width=&#8221;1\/4&#8243;][vc_column_text]<\/p>\n<p style=\"text-align: center;\"><a href=\"http:\/\/www.milar.pl\/lv\/tooling-materials\/\"><img loading=\"lazy\" decoding=\"async\" class=\"aligncenter\" src=\"http:\/\/milar.home.pl\/new-site-milar-pl\/wp-content\/themes\/milar\/inc\/img\/materialy-uzupelniajace-i-maszyny.svg\" alt=\"\" width=\"135\" height=\"135\" \/>Instrumenti<\/a><\/p>\n<p>[\/vc_column_text][\/vc_column_inner][vc_column_inner width=&#8221;1\/4&#8243;][vc_column_text]<\/p>\n<p style=\"text-align: center;\"><a href=\"http:\/\/www.milar.pl\/lv\/materials-for-electronics\/\"><img loading=\"lazy\" decoding=\"async\" class=\"aligncenter\" src=\"http:\/\/milar.home.pl\/new-site-milar-pl\/wp-content\/themes\/milar\/inc\/img\/elektronika.svg\" alt=\"\" width=\"135\" height=\"135\" \/>Materi\u0101li elektronikas nozarei<\/a><\/p>\n<p>[\/vc_column_text][\/vc_column_inner][vc_column_inner width=&#8221;1\/4&#8243;][vc_column_text]<\/p>\n<p style=\"text-align: center;\"><a href=\"http:\/\/www.milar.pl\/lv\/materials-for-the-power-industry-and-electrical-engineering\/\"><img loading=\"lazy\" decoding=\"async\" class=\"aligncenter\" src=\"http:\/\/milar.home.pl\/new-site-milar-pl\/wp-content\/themes\/milar\/inc\/img\/materialy-dla-energetyki.svg\" alt=\"\" width=\"135\" height=\"135\" \/>Materi\u0101li ener\u0123\u0113tikas un elektrotehnikas nozarei<\/a><\/p>\n<p>[\/vc_column_text][\/vc_column_inner][\/vc_row_inner][vc_row_inner][vc_column_inner width=&#8221;1\/4&#8243;][vc_column_text]<\/p>\n<p style=\"text-align: center;\"><a href=\"http:\/\/www.milar.pl\/lv\/adhesives-lubricants-and-release-agents\/\"><img loading=\"lazy\" decoding=\"async\" class=\"aligncenter\" src=\"http:\/\/milar.home.pl\/new-site-milar-pl\/wp-content\/themes\/milar\/inc\/img\/kleje.svg \" alt=\"\" width=\"135\" height=\"135\" \/>L\u012bmes un sm\u0113rvielas<\/a><\/p>\n<p>[\/vc_column_text][\/vc_column_inner][vc_column_inner el_class=&#8221;ukryte&#8221; width=&#8221;1\/4&#8243; el_id=&#8221;ukryte&#8221;][vc_column_text]<\/p>\n<p style=\"text-align: center;\"><a href=\"http:\/\/www.milar.pl\/gumy-i-dodatki\"><img loading=\"lazy\" decoding=\"async\" class=\"aligncenter\" src=\"http:\/\/milar.home.pl\/new-site-milar-pl\/wp-content\/themes\/milar\/inc\/img\/gumyidodatki.svg\" alt=\"\" width=\"135\" height=\"135\" \/>Gumy i dodatki<\/a><\/p>\n<p>[\/vc_column_text][\/vc_column_inner][vc_column_inner width=&#8221;1\/4&#8243;][vc_column_text]<\/p>\n<p style=\"text-align: center;\"><a href=\"http:\/\/www.milar.pl\/lv\/materials-for-construction-buildings\/\"><img loading=\"lazy\" decoding=\"async\" class=\"aligncenter\" src=\"http:\/\/milar.home.pl\/new-site-milar-pl\/wp-content\/themes\/milar\/inc\/img\/materialy-dla-budownictwa.svg\" alt=\"\" width=\"135\" height=\"135\" \/>B\u016bvmateri\u0101li<\/a><\/p>\n<p>[\/vc_column_text][\/vc_column_inner][vc_column_inner width=&#8221;1\/4&#8243;][vc_column_text]<\/p>\n<p style=\"text-align: center;\"><a href=\"http:\/\/www.milar.pl\/lv\/additional-materials-and-equipment\/\"><img loading=\"lazy\" decoding=\"async\" class=\"aligncenter\" src=\"http:\/\/milar.home.pl\/new-site-milar-pl\/wp-content\/themes\/milar\/inc\/img\/uzupelniajace.svg\" alt=\"\" width=\"135\" height=\"135\" \/>Papildus materi\u0101li un iek\u0101rtas<\/a><\/p>\n<p>[\/vc_column_text][\/vc_column_inner][\/vc_row_inner][vc_raw_html]JTNDaHIlMjBjbGFzcyUzRCUyMmNlLWRpdiUyMiUyMHN0eWxlJTNEJTIyY3Vyc29yJTNBJTIwcG9pbnRlciUzQiUyMiUzRSUzQyUyRmhyJTNF[\/vc_raw_html][\/vc_column][\/vc_row][vc_row][vc_column width=&#8221;1\/3&#8243;][vc_column_text]<\/p>\n<h3>Kontaktinform\u0101cija<\/h3>\n<p><span style=\"color: #cb3f1d;\">Milar Sp. z o.o.<\/span><\/p>\n<p>47 Graniczna street<br \/>\n05-825 Grodzisk Mazowiecki<br \/>\nPoland<br \/>\nPhone: +48 &#8211; 22 &#8211; 75 58 52 1<br \/>\n<a href=\"mailto:milar@milar.pl\">milar@milar.pl<\/a><br \/>\n<a href=\"http:\/\/www.milar.pl\">www.milar.pl<\/a>[\/vc_column_text][\/vc_column][vc_column width=&#8221;2\/3&#8243;][vc_gmaps link=&#8221;#E-8_JTNDaWZyYW1lJTIwc3JjJTNEJTIyaHR0cHMlM0ElMkYlMkZ3d3cuZ29vZ2xlLmNvbSUyRm1hcHMlMkZlbWJlZCUzRnBiJTNEJTIxMW0xOCUyMTFtMTIlMjExbTMlMjExZDI0NTAuMDgxMjI1MTIzNzQ1JTIxMmQyMC42MDMzNzI1MTUxMjI3NDYlMjEzZDUyLjExNDY1MDg3OTczOTQ5JTIxMm0zJTIxMWYwJTIxMmYwJTIxM2YwJTIxM20yJTIxMWkxMDI0JTIxMmk3NjglMjE0ZjEzLjElMjEzbTMlMjExbTIlMjExczB4NDcxOTQ4Y2FiNTVlNWVkYiUyNTNBMHg3ZDcxNzk0YTQzNTIxNTI0JTIxMnNNaWxhciUyQlNwLiUyQnolMkJvLm8uJTIxNWUwJTIxM20yJTIxMXNwbCUyMTJzcGwlMjE0djE1MTkyNDMzNzIwODAlMjIlMjB3aWR0aCUzRCUyMjYwMCUyMiUyMGhlaWdodCUzRCUyMjM1MCUyMiUyMGZyYW1lYm9yZGVyJTNEJTIyMCUyMiUyMHN0eWxlJTNEJTIyYm9yZGVyJTNBMCUyMiUyMGFsbG93ZnVsbHNjcmVlbiUzRSUzQyUyRmlmcmFtZSUzRQ==&#8221; size=&#8221;&#8221;][\/vc_column][\/vc_row][vc_row full_width=&#8221;stretch_row&#8221;][vc_column][vc_raw_html]JTNDaHIlMjBjbGFzcyUzRCUyMmNlLWRpdiUyMiUyMHN0eWxlJTNEJTIyY3Vyc29yJTNBJTIwcG9pbnRlciUzQiUyMiUzRSUzQyUyRmhyJTNF[\/vc_raw_html][vc_column_text]<\/p>\n<h3>M\u016bsu pieg\u0101d\u0101t\u0101ji<\/h3>\n<p>[\/vc_column_text][vc_images_carousel images=&#8221;1812,2934,1815,2128,1816,1817,2742,2935,2118,1818,1819,1820,1822,1823,1824,1825,1826,2117,2130,1830,1827,2125,1833,1834,1835,1837,1838,2131,2122,1840,1841,1845,1846,1847,2116,2120,2121&#8243; img_size=&#8221;&#8221; onclick=&#8221;custom_link&#8221; slides_per_view=&#8221;4&#8243; autoplay=&#8221;yes&#8221; hide_pagination_control=&#8221;yes&#8221; wrap=&#8221;yes&#8221; custom_links=&#8221;#E-8_aHR0cCUzQSUyRiUyRnd3dy5taWxhci5wbCUyRnBhcnRuZXJ6eSUyRmFjcnlzdGFsJTJGJTJDaHR0cCUzQSUyRiUyRnd3dy5taWxhci5wbCUyRnBhcnRuZXJ6eSUyRmFpcnRlY2glMkYlMkNodHRwJTNBJTJGJTJGd3d3Lm1pbGFyLnBsJTJGcGFydG5lcnp5JTJGYW1iZXJzaWwlMkYlMkNodHRwJTNBJTJGJTJGd3d3Lm1pbGFyLnBsJTJGcGFydG5lcnp5JTJGYWlyZXglMkYlMkNodHRwJTNBJTJGJTJGd3d3Lm1pbGFyLnBsJTJGcGFydG5lcnp5JTJGYXRnJTJGJTJDaHR0cCUzQSUyRiUyRnd3dy5taWxhci5wbCUyRnBhcnRuZXJ6eSUyRmNhcnRpZXJhLWRpby1uZWJiaXVubyUyRiUyQ2h0dHAlM0ElMkYlMkZ3d3cubWlsYXIucGwlMkZwYXJ0bmVyenklMkZjaHQtZ3JvdXAlMkYlMkNodHRwJTNBJTJGJTJGd3d3Lm1pbGFyLnBsJTJGcGFydG5lcnp5JTJGZHVwb250JTJGJTJDaHR0cCUzQSUyRiUyRnd3dy5taWxhci5wbCUyRnBhcnRuZXJ6eSUyRmR5bWF4JTJGJTJDaHR0cCUzQSUyRiUyRnd3dy5taWxhci5wbCUyRnBhcnRuZXJ6eSUyRmMtbS1wJTJGJTJDaHR0cCUzQSUyRiUyRnd3dy5taWxhci5wbCUyRnBhcnRuZXJ6eSUyRmRvdyUyRiUyQ2h0dHAlM0ElMkYlMkZ3d3cubWlsYXIucGwlMkZwYXJ0bmVyenklMkZkdXJlc2NvJTJGJTJDaHR0cCUzQSUyRiUyRnd3dy5taWxhci5wbCUyRnBhcnRuZXJ6eSUyRmVjYy1jcmFtZXIlMkYlMkNodHRwJTNBJTJGJTJGd3d3Lm1pbGFyLnBsJTJGcGFydG5lcnp5JTJGZm9sbGVyJTJDaHR0cCUzQSUyRiUyRnd3dy5taWxhci5wbCUyRnBhcnRuZXJ6eSUyRmhlZHJpY2glMkNodHRwJTNBJTJGJTJGd3d3Lm1pbGFyLnBsJTJGcGFydG5lcnp5JTJGaGVua2VsJTJDaHR0cCUzQSUyRiUyRnd3dy5taWxhci5wbCUyRnBhcnRuZXJ6eSUyRmhlcmFldXMlMkNodHRwJTNBJTJGJTJGd3d3Lm1pbGFyLnBsJTJGcGFydG5lcnp5JTJGam9zdC1jaGVtaWNhbHMlMkNodHRwJTNBJTJGJTJGd3d3Lm1pbGFyLnBsJTJGcGFydG5lcnp5JTJGcG9seXByb2Nlc3MlMkNodHRwJTNBJTJGJTJGd3d3Lm1pbGFyLnBsJTJGcGFydG5lcnp5JTJGb2JvLXdlcmtlJTJDaHR0cCUzQSUyRiUyRnd3dy5taWxhci5wbCUyRnBhcnRuZXJ6eSUyRmlwdCUyQ2h0dHAlM0ElMkYlMkZ3d3cubWlsYXIucGwlMkZwYXJ0bmVyenklMkZwZXJtYWJvbmQlMkNodHRwJTNBJTJGJTJGd3d3Lm1pbGFyLnBsJTJGcGFydG5lcnp5JTJGcm9tZXglMkNodHRwJTNBJTJGJTJGd3d3Lm1pbGFyLnBsJTJGcGFydG5lcnp5JTJGcnVudG9wJTJDaHR0cCUzQSUyRiUyRnd3dy5taWxhci5wbCUyRnBhcnRuZXJ6eSUyRnNhZXJ0ZXglMkNodHRwJTNBJTJGJTJGd3d3Lm1pbGFyLnBsJTJGcGFydG5lcnp5JTJGc3BvbGNoZW1pZSUyQ2h0dHAlM0ElMkYlMkZ3d3cubWlsYXIucGwlMkZwYXJ0bmVyenklMkZzdGFubm9sJTJDaHR0cCUzQSUyRiUyRnd3dy5taWxhci5wbCUyRnBhcnRuZXJ6eSUyRnN1ZWQtd2VzdC1jaGVtaWUlMkNodHRwJTNBJTJGJTJGd3d3Lm1pbGFyLnBsJTJGcGFydG5lcnp5JTJGc2NpZ3JpcCUyQ2h0dHAlM0ElMkYlMkZ3d3cubWlsYXIucGwlMkZwYXJ0bmVyenklMkZzeW50aGVuZSUyQ2h0dHAlM0ElMkYlMkZ3d3cubWlsYXIucGwlMkZwYXJ0bmVyenklMkZ0ZWNobmljYWwtdGV4dGlsZXMlMkNodHRwJTNBJTJGJTJGd3d3Lm1pbGFyLnBsJTJGcGFydG5lcnp5JTJGdm9nZWwlMkNodHRwJTNBJTJGJTJGd3d3Lm1pbGFyLnBsJTJGcGFydG5lcnp5JTJGdnVraSUyQ2h0dHAlM0ElMkYlMkZ3d3cubWlsYXIucGwlMkZwYXJ0bmVyenklMkZ3ZWlzcy1jaGVtaWUlMkNodHRwJTNBJTJGJTJGd3d3Lm1pbGFyLnBsJTJGcGFydG5lcnp5JTJGcmFtcGYlMkNodHRwJTNBJTJGJTJGd3d3Lm1pbGFyLnBsJTJGcGFydG5lcnp5JTJGdGhlcm0taGV4JTJGJTJDaHR0cCUzQSUyRiUyRnd3dy5taWxhci5wbCUyRnBhcnRuZXJ6eSUyRnRlaWppbi1hcmFtaWQ=&#8221;][\/vc_column][\/vc_row]<\/p>\n<\/div>","protected":false},"excerpt":{"rendered":"<p>[vc_row][vc_column][vc_column_text] Laipni l\u016bdzam Milar \u201cMilar\u201d ir uz\u0146\u0113mums, kas pieder V\u0101cijas uz\u0146\u0113mumu grupai &#8220;Biesterfeld&#8221; &#8211; Eiropas vado\u0161ajam \u0137\u012bmisko produktu izplat\u012bt\u0101jam. Polijas tirg\u016b darbojamies kop\u0161 1990.gada, pied\u0101v\u0101jot saviem klientiem profesion\u0101lu tehnisko atbalstu un pla\u0161u kl\u0101stu augstas kvalit\u0101tes specializ\u0113to produktu [\/vc_column_text][\/vc_column][\/vc_row][vc_row full_width=&#8221;stretch_row&#8221;][vc_column][vc_raw_html]JTNDaHIlMjBjbGFzcyUzRCUyMmNlLWRpdiUyMiUyMHN0eWxlJTNEJTIyY3Vyc29yJTNBJTIwcG9pbnRlciUzQiUyMiUzRSUzQyUyRmhyJTNF[\/vc_raw_html][vc_column_text] Produkti [\/vc_column_text][vc_row_inner][vc_column_inner width=&#8221;1\/4&#8243;][vc_column_text] Materi\u0101li kompoz\u012btu ra\u017eo\u0161anai [\/vc_column_text][\/vc_column_inner][vc_column_inner width=&#8221;1\/4&#8243;][vc_column_text] Instrumenti [\/vc_column_text][\/vc_column_inner][vc_column_inner width=&#8221;1\/4&#8243;][vc_column_text] Materi\u0101li elektronikas nozarei [\/vc_column_text][\/vc_column_inner][vc_column_inner width=&#8221;1\/4&#8243;][vc_column_text]<\/p>\n<div><a class=\"btn-filled btn\" href=\"https:\/\/www.milar.pl\/lv\/\" title=\"Home Page\">Read More<\/a><\/div>\n","protected":false},"author":1,"featured_media":0,"parent":0,"menu_order":0,"comment_status":"closed","ping_status":"closed","template":"page-templates\/full-width.php","meta":{"footnotes":""},"class_list":["post-2605","page","type-page","status-publish","hentry"],"aioseo_notices":[],"_links":{"self":[{"href":"https:\/\/www.milar.pl\/lv\/wp-json\/wp\/v2\/pages\/2605","targetHints":{"allow":["GET"]}}],"collection":[{"href":"https:\/\/www.milar.pl\/lv\/wp-json\/wp\/v2\/pages"}],"about":[{"href":"https:\/\/www.milar.pl\/lv\/wp-json\/wp\/v2\/types\/page"}],"author":[{"embeddable":true,"href":"https:\/\/www.milar.pl\/lv\/wp-json\/wp\/v2\/users\/1"}],"replies":[{"embeddable":true,"href":"https:\/\/www.milar.pl\/lv\/wp-json\/wp\/v2\/comments?post=2605"}],"version-history":[{"count":8,"href":"https:\/\/www.milar.pl\/lv\/wp-json\/wp\/v2\/pages\/2605\/revisions"}],"predecessor-version":[{"id":6174,"href":"https:\/\/www.milar.pl\/lv\/wp-json\/wp\/v2\/pages\/2605\/revisions\/6174"}],"wp:attachment":[{"href":"https:\/\/www.milar.pl\/lv\/wp-json\/wp\/v2\/media?parent=2605"}],"curies":[{"name":"wp","href":"https:\/\/api.w.org\/{rel}","templated":true}]}}