{"id":2610,"date":"2018-04-12T09:42:59","date_gmt":"2018-04-12T07:42:59","guid":{"rendered":"http:\/\/www.milar.pl\/new-site-milar-pl\/?page_id=2610"},"modified":"2018-04-12T09:44:09","modified_gmt":"2018-04-12T07:44:09","slug":"materials-for-composites-production","status":"publish","type":"page","link":"https:\/\/www.milar.pl\/lv\/materials-for-composites-production\/","title":{"rendered":"Materi\u0101li kompoz\u012btu ra\u017eo\u0161anai"},"content":{"rendered":"<h1>Materi\u0101li kompoz\u012btu ra\u017eo\u0161anai<\/h1>\n<h2>M\u016bsu pied\u0101v\u0101tie materi\u0101li:<\/h2>\n<ul>\n<li>Stiegrojumi\n<ul>\n<li>stikla \u0161\u0137iedras pakl\u0101ji<\/li>\n<li>austi stikla \u0161\u0137iedras audumi<\/li>\n<li>caur\u0161\u016bti (multi-aksil\u0101ri) stikla \u0161\u0137iedras audumi<\/li>\n<li>stikla \u0161\u0137iedras pakl\u0101jaudumi<\/li>\n<li>audumi sve\u0137u lie\u0161anas veidn\u0113m<\/li>\n<\/ul>\n<\/li>\n<\/ul>\n<ul>\n<li>oglek\u013ca \u0161kiedras audumi<\/li>\n<li>aram\u012bda audumi<\/li>\n<li>hibr\u012bdi<\/li>\n<li>Roving tipa \u0161\u0137iedras\n<ul>\n<li>roving tipa stikla \u0161\u0137iedras<\/li>\n<li>roving tipa aram\u012bda \u0161\u0137iedras<\/li>\n<li>roving tipa oglek\u013ca \u0161\u0137iedras<\/li>\n<\/ul>\n<\/li>\n<li>Preimpregn\u0113tie materi\u0101li (prepregi)<\/li>\n<li>Struktur\u0113juma materi\u0101li (vieglie materi\u0101li)\n<ul>\n<li>\u0161\u016bnveida<\/li>\n<li>PP \u0161\u016bnveida<\/li>\n<li>balsa koka<\/li>\n<li>PVS putas<\/li>\n<li>PET putas<\/li>\n<li>PU putas<\/li>\n<li>saist\u012bt\u0101s putas<\/li>\n<\/ul>\n<\/li>\n<li>Sve\u0137i\n<ul>\n<li>poliestera sve\u0137i<\/li>\n<li>vinilestera sve\u0137i<\/li>\n<li>epoks\u012bda sve\u0137i<\/li>\n<\/ul>\n<\/li>\n<li>G\u0113la p\u0101rkl\u0101jumi\n<ul>\n<li>ortoftalsk\u0101bes g\u0113la p\u0101rkl\u0101jumi<\/li>\n<li>izoftalsk\u0101bes g\u0113la p\u0101rkl\u0101jumi<\/li>\n<li>izo-neopentilglikola g\u0113la p\u0101rkl\u0101jumi<\/li>\n<li>vinilestera g\u0113la p\u0101rkl\u0101jumi<\/li>\n<li>speci\u0101lie g\u0113la p\u0101rkl\u0101jumi<\/li>\n<li>poliestera l\u012bmes<\/li>\n<\/ul>\n<\/li>\n<li>Atdal\u012b\u0161anas l\u012bdzek\u013ci\n<ul>\n<li>iek\u0161\u0113jie atdal\u012b\u0161anas l\u012bdzek\u013ci<\/li>\n<li>da\u013c\u0113ji past\u0101v\u012bgi atdal\u012b\u0161anas l\u012bdzek\u013ci<\/li>\n<li>vaska b\u0101zes atdal\u012b\u0161anas l\u012bdzek\u013ci<\/li>\n<li>\u016bdens b\u0101zes atdal\u012b\u0161anas l\u012bdzek\u013ci<\/li>\n<li>atdal\u012b\u0161anas l\u012bdzek\u013ci polim\u0113rbetonam<\/li>\n<li>t\u012br\u012b\u0161anas l\u012bdzek\u013ci<\/li>\n<\/ul>\n<\/li>\n<li>Pal\u012bgmateri\u0101li\n<ul>\n<li>materi\u0101li inf\u016bzijai<\/li>\n<li>materi\u0101li vakuuma maisi\u0146iem<\/li>\n<li>materi\u0101li autokl\u0101vam<\/li>\n<\/ul>\n<\/li>\n<\/ul>\n<h3>Galven\u0101s pielietojuma jomas:<\/h3>\n<ul>\n<li>Transports<\/li>\n<li>Jahtas<\/li>\n<li>Lidma\u0161\u012bnas<\/li>\n<li>Bru\u0146otie sp\u0113ki<\/li>\n<li>R\u016bpniec\u012bba<\/li>\n<li>Autob\u016bve<\/li>\n<li>Telekomunik\u0101cija<\/li>\n<\/ul>\n","protected":false},"excerpt":{"rendered":"<p>Materi\u0101li kompoz\u012btu ra\u017eo\u0161anai M\u016bsu pied\u0101v\u0101tie materi\u0101li: Stiegrojumi stikla \u0161\u0137iedras pakl\u0101ji austi stikla \u0161\u0137iedras audumi caur\u0161\u016bti (multi-aksil\u0101ri) stikla \u0161\u0137iedras audumi stikla \u0161\u0137iedras pakl\u0101jaudumi audumi sve\u0137u lie\u0161anas veidn\u0113m oglek\u013ca \u0161kiedras audumi aram\u012bda audumi hibr\u012bdi Roving tipa \u0161\u0137iedras roving tipa stikla \u0161\u0137iedras roving tipa aram\u012bda \u0161\u0137iedras roving tipa oglek\u013ca \u0161\u0137iedras Preimpregn\u0113tie materi\u0101li (prepregi) Struktur\u0113juma materi\u0101li (vieglie materi\u0101li) \u0161\u016bnveida<\/p>\n<div><a class=\"btn-filled btn\" href=\"https:\/\/www.milar.pl\/lv\/materials-for-composites-production\/\" title=\"Materi\u0101li kompoz\u012btu ra\u017eo\u0161anai\">Read More<\/a><\/div>\n","protected":false},"author":1,"featured_media":0,"parent":0,"menu_order":0,"comment_status":"closed","ping_status":"closed","template":"page-templates\/sidebar-right.php","meta":{"footnotes":""},"class_list":["post-2610","page","type-page","status-publish","hentry"],"aioseo_notices":[],"_links":{"self":[{"href":"https:\/\/www.milar.pl\/lv\/wp-json\/wp\/v2\/pages\/2610","targetHints":{"allow":["GET"]}}],"collection":[{"href":"https:\/\/www.milar.pl\/lv\/wp-json\/wp\/v2\/pages"}],"about":[{"href":"https:\/\/www.milar.pl\/lv\/wp-json\/wp\/v2\/types\/page"}],"author":[{"embeddable":true,"href":"https:\/\/www.milar.pl\/lv\/wp-json\/wp\/v2\/users\/1"}],"replies":[{"embeddable":true,"href":"https:\/\/www.milar.pl\/lv\/wp-json\/wp\/v2\/comments?post=2610"}],"version-history":[{"count":1,"href":"https:\/\/www.milar.pl\/lv\/wp-json\/wp\/v2\/pages\/2610\/revisions"}],"predecessor-version":[{"id":2611,"href":"https:\/\/www.milar.pl\/lv\/wp-json\/wp\/v2\/pages\/2610\/revisions\/2611"}],"wp:attachment":[{"href":"https:\/\/www.milar.pl\/lv\/wp-json\/wp\/v2\/media?parent=2610"}],"curies":[{"name":"wp","href":"https:\/\/api.w.org\/{rel}","templated":true}]}}