{"id":2613,"date":"2018-04-12T09:44:32","date_gmt":"2018-04-12T07:44:32","guid":{"rendered":"http:\/\/www.milar.pl\/new-site-milar-pl\/?page_id=2613"},"modified":"2018-04-12T09:45:19","modified_gmt":"2018-04-12T07:45:19","slug":"materials-for-construction-buildings","status":"publish","type":"page","link":"https:\/\/www.milar.pl\/lv\/materials-for-construction-buildings\/","title":{"rendered":"B\u016bvmateri\u0101li"},"content":{"rendered":"<h1>B\u016bvmateri\u0101li<\/h1>\n<p><strong><u>KRYSTALFLEX &#8211; TPU membr\u0101nas<\/u><\/strong><\/p>\n<p>KRYSTALFLEX (R)\u00a0 ir viens no paz\u012bstam\u0101kajiem z\u012bmoliem sav\u0101 nozar\u0113 \u2013 lamin\u0113ta dro\u0161\u012bbas stikla ra\u017eo\u0161an\u0101.<\/p>\n<p>Optisko, alif\u0101tisko membr\u0101nu veidojo\u0161o termoplasta poliuret\u0101na elastom\u0113ru (TPU) pla\u0161ais kl\u0101sts jau vair\u0101k nek\u0101 30 gadus tiek past\u0101v\u012bgi uzlabots un att\u012bst\u012bts, sekojot visstingr\u0101kaj\u0101m lamin\u0113ta stikla ra\u017eot\u0101jiem izvirz\u012btaj\u0101m pras\u012bb\u0101m. Krystalflex \u013cauj pied\u0101v\u0101t dro\u0161us risin\u0101jumus lo\u017eu necaurlaid\u012bga un dro\u0161a stikla ra\u017eo\u0161an\u0101; \u0161\u0101ds stikls nepiecie\u0161ams autob\u016bves nozar\u0113, lidma\u0161\u012bnu b\u016bvniec\u012bb\u0101, milit\u0101raj\u0101 nozar\u0113, dzelzce\u013ca nozar\u0113, k\u0101 ar\u012b da\u017e\u0101da veida izmanto\u0161anai b\u016bvniec\u012bb\u0101.<\/p>\n<p>Poliuret\u0101na membr\u0101nu KRYSTALFLEX (R) izmanto stikla un augstas kvalit\u0101tes triecieniztur\u012bgas plastmasas, piem\u0113ram, polikarbon\u0101ta, savienojumos, t\u0101d\u0113j\u0101di radot lo\u017eu necaurlaid\u012bgu stiklu, kas sp\u0113j iztur\u0113t neliela svara rad\u012btus meh\u0101niskus boj\u0101jumus.<\/p>\n<p>Membr\u0101nas lamin\u0113tam stiklam ar plastmasu (polikarbon\u0101ts ar akrilu) izstr\u0101d\u0101tas t\u0101, lai var\u0113tu apvienot efektivit\u0101ti ar ra\u017eo\u0161anas procesam izvirz\u012bto pras\u012bbu izpildi.<\/p>\n<p>Lai ieg\u016btu papildu inform\u0101ciju, l\u016bdzu, skatiet:<\/p>\n<p>Produktu p\u0101rskats<\/p>\n<p>&nbsp;<\/p>\n<p><strong><u>ROMEX MB &#8211; epoks\u012bda p\u0101rkl\u0101jumi<\/u><\/strong><\/p>\n<p>&#8220;ROMEX MB&#8221; ir \u0123imenes uz\u0146\u0113mums, kas specializ\u0113jas epoks\u012bda p\u0101rkl\u0101jumu ra\u017eo\u0161an\u0101 betona aizsardz\u012bbai (epoks\u012bda gr\u012bdas). Pateicoties vid\u0113ja m\u0113roga ra\u017eo\u0161anai un speci\u0101listiem ar ilggad\u0113ju pieredzi, uz\u0146\u0113mums var pied\u0101v\u0101t augst\u0101k\u0101s kvalit\u0101tes produktu &#8220;Made in Germany&#8221;. Bez materi\u0101liem, m\u0113s pied\u0101v\u0101jam specializ\u0113t\u0101s konsult\u0101cijas un darba uzraudz\u012bbu. Ar vienu avotu (konsult\u0101cija-ra\u017eo\u0161ana-pielieto\u0161ana) tiek nodro\u0161in\u0101ta pilna procesa kontrole un minimiz\u0113ta k\u013c\u016bdas iesp\u0113ja. Papildu elast\u012bgumu nodro\u0161ina iesp\u0113ja veikt l\u0113jumus ned\u0113\u013cas nogal\u0113 (sestdien, sv\u0113tdien), lai nov\u0113rstu d\u012bkst\u0101ves. Speci\u0101las, \u0101tri ciet\u0113jo\u0161as sist\u0113mas \u013cauj ar\u012b veikt nelielus darbus vai remontus nakt\u012b.<\/p>\n<p>Pied\u0101v\u0101jam ar\u012b gr\u012bdas p\u0101rtikas r\u016bpniec\u012bbai, autost\u0101vviet\u0101m un gr\u012bdas ar lielu kravnes\u012bbu, un m\u016bsu specialit\u0101ti &#8211; antistatiskus ESD p\u0101rkl\u0101jumus.<\/p>\n<p>&nbsp;<\/p>\n<p>Tipiskas p\u0101rkl\u0101juma sist\u0113mas:<\/p>\n<p class=\"Normalny1\">Rompox 1005 \u2013 standarta produkti, uzglab\u0101\u0161anas un ra\u017eo\u0161anas telpu b\u016bvniec\u012bba<\/p>\n<p class=\"Normalny1\">Rompox 1009 \u2013 p\u0101rkl\u0101jums p\u0101rtikas r\u016bpniec\u012bbai, ar\u012b mitr\u0101m telp\u0101m<\/p>\n<p class=\"Normalny1\">Rompox 1507 \u2013 p\u0101rkl\u0101jums p\u0101rtikas r\u016bpniec\u012bbai, iztur\u012bgs pret \u0137imik\u0101lij\u0101m un mitrumu<\/p>\n<p class=\"Normalny1\">Rompox 1107 \u2013 ESD p\u0101rkl\u0101jums, ATEX zonas<\/p>\n<p class=\"Normalny1\">Rompox 1080 \u2013 elast\u012bgs p\u0101rkl\u0101jums, iztur\u012bgs pret dinamisk\u0101m slodz\u0113m un triecieniem<\/p>\n<p class=\"Normalny1\">Rompox 1204 \u2013 \u0137\u012bmiski iztur\u012bgs herm\u0113ti\u0137is, p\u0101rtikas r\u016bpniec\u012bba, t\u012bras telpas<\/p>\n<p class=\"Normalny1\">Rompox 1505 \u2013 standarta grunts, da\u017e\u0101das pielieto\u0161anas jomas<\/p>\n<p>&nbsp;<\/p>\n<p><strong><u>ROMEX PFM <\/u><\/strong><u>\u2013 <\/u><strong><u>polim\u0113ra \u0161uvot\u0101ji<\/u><\/strong><\/p>\n<p>&#8220;ROMEX PFM&#8221; pieder &#8220;ROMEX AG&#8221;, kas specializ\u0113jas epoks\u012bda \u0161uvot\u0101ju ra\u017eo\u0161an\u0101 un pieg\u0101d\u0113. &#8220;Romex&#8221; ir l\u012bderis polim\u0113ru javu ra\u017eo\u0161an\u0101 un l\u012bdz \u0161odienai uztur vado\u0161o poz\u012bciju \u0161aj\u0101 nozar\u0113, pied\u0101v\u0101jot arvien jaunus risin\u0101jumus.<\/p>\n<p>Unik\u0101la polim\u0113ru kompoz\u012bcija nodro\u0161ina vienk\u0101r\u0161u, t\u012bru un \u0101tru uzkl\u0101\u0161anu, kas nav iesp\u0113jams, izmantojot tradicion\u0101lus \u0161uvot\u0101jus.<\/p>\n<p>&nbsp;<\/p>\n<p><strong><u>COREX &#8211; alum\u012bnija \u0161\u016bnveida pl\u0101ksnes <\/u><\/strong><\/p>\n<p>Izstiepjams alum\u012bnija \u0161\u016bnveida re\u017e\u0123is ir interesanta alternat\u012bva put\u0101m, b\u016bv\u0113jot vieglus gr\u012bdas pane\u013cus \u0113k\u0101s, izst\u0101\u017eu stendos, mezon\u012bnos, u.tml.<\/p>\n<p>&nbsp;<\/p>\n<p><strong><u>THERMHEX &#8211; polipropil\u0113na \u0161\u016bnveida pl\u0101ksnes<\/u><\/strong><\/p>\n<p>Pane\u013ci ar polipropil\u0113na \u0161\u016bnveida armat\u016bru ir viegls materi\u0101ls pane\u013cu b\u016bvniec\u012bbai. Pateicoties vienk\u0101r\u0161ai \u0161\u016bnveida konstrukcijai, t\u0101s apvieno mazu svaru ar lielu stingr\u012bbu. Honeycomb-PP galvenok\u0101rt tiek izmantotas izotermu un vieglu sienu, vieglu izst\u0101\u017eu konstrukciju un rekl\u0101mu izgatavo\u0161an\u0101.<\/p>\n<p>&nbsp;<\/p>\n","protected":false},"excerpt":{"rendered":"<p>B\u016bvmateri\u0101li KRYSTALFLEX &#8211; TPU membr\u0101nas KRYSTALFLEX (R)\u00a0 ir viens no paz\u012bstam\u0101kajiem z\u012bmoliem sav\u0101 nozar\u0113 \u2013 lamin\u0113ta dro\u0161\u012bbas stikla ra\u017eo\u0161an\u0101. Optisko, alif\u0101tisko membr\u0101nu veidojo\u0161o termoplasta poliuret\u0101na elastom\u0113ru (TPU) pla\u0161ais kl\u0101sts jau vair\u0101k nek\u0101 30 gadus tiek past\u0101v\u012bgi uzlabots un att\u012bst\u012bts, sekojot visstingr\u0101kaj\u0101m lamin\u0113ta stikla ra\u017eot\u0101jiem izvirz\u012btaj\u0101m pras\u012bb\u0101m. Krystalflex \u013cauj pied\u0101v\u0101t dro\u0161us risin\u0101jumus lo\u017eu necaurlaid\u012bga un dro\u0161a<\/p>\n<div><a class=\"btn-filled btn\" href=\"https:\/\/www.milar.pl\/lv\/materials-for-construction-buildings\/\" title=\"B\u016bvmateri\u0101li\">Read More<\/a><\/div>\n","protected":false},"author":1,"featured_media":0,"parent":0,"menu_order":0,"comment_status":"closed","ping_status":"closed","template":"page-templates\/sidebar-right.php","meta":{"footnotes":""},"class_list":["post-2613","page","type-page","status-publish","hentry"],"aioseo_notices":[],"_links":{"self":[{"href":"https:\/\/www.milar.pl\/lv\/wp-json\/wp\/v2\/pages\/2613","targetHints":{"allow":["GET"]}}],"collection":[{"href":"https:\/\/www.milar.pl\/lv\/wp-json\/wp\/v2\/pages"}],"about":[{"href":"https:\/\/www.milar.pl\/lv\/wp-json\/wp\/v2\/types\/page"}],"author":[{"embeddable":true,"href":"https:\/\/www.milar.pl\/lv\/wp-json\/wp\/v2\/users\/1"}],"replies":[{"embeddable":true,"href":"https:\/\/www.milar.pl\/lv\/wp-json\/wp\/v2\/comments?post=2613"}],"version-history":[{"count":2,"href":"https:\/\/www.milar.pl\/lv\/wp-json\/wp\/v2\/pages\/2613\/revisions"}],"predecessor-version":[{"id":2617,"href":"https:\/\/www.milar.pl\/lv\/wp-json\/wp\/v2\/pages\/2613\/revisions\/2617"}],"wp:attachment":[{"href":"https:\/\/www.milar.pl\/lv\/wp-json\/wp\/v2\/media?parent=2613"}],"curies":[{"name":"wp","href":"https:\/\/api.w.org\/{rel}","templated":true}]}}