{"id":2614,"date":"2018-04-12T09:44:41","date_gmt":"2018-04-12T07:44:41","guid":{"rendered":"http:\/\/www.milar.pl\/new-site-milar-pl\/?page_id=2614"},"modified":"2018-04-12T09:45:50","modified_gmt":"2018-04-12T07:45:50","slug":"materials-for-electronics","status":"publish","type":"page","link":"https:\/\/www.milar.pl\/lv\/materials-for-electronics\/","title":{"rendered":"Materi\u0101li elektronikas nozarei"},"content":{"rendered":"<div class=\"wpb-content-wrapper\"><p>[vc_row][vc_column][vc_column_text]<\/p>\n<h1>Materi\u0101li elektronikas nozarei<\/h1>\n<h2>M\u016bsu pied\u0101v\u0101tie materi\u0101li:<\/h2>\n<ul>\n<li>&#8220;Conformal coatings&#8221; lakas<\/li>\n<li>Silikoni elektronisk\u0101m ier\u012bc\u0113m\n<ul>\n<li>Silikona l\u012bmes un herm\u0113ti\u0137i<\/li>\n<li>Silikona masas un g\u0113li<\/li>\n<\/ul>\n<\/li>\n<li>Sve\u0137i komponentu bl\u012bv\u0113\u0161anai un nodro\u0161in\u0101\u0161anai\n<ul>\n<li>Poliuret\u0101na sve\u0137i<\/li>\n<li>Epoks\u012bda sve\u0137i<\/li>\n<\/ul>\n<\/li>\n<li>UV materi\u0101li\n<ul>\n<li>UV l\u012bmes<\/li>\n<li>Sve\u0137i UV aizlie\u0161anai un bl\u012bv\u0113\u0161anai<\/li>\n<li>UV lakas<\/li>\n<li>Materi\u0101li UV lamin\u0113\u0161anai<\/li>\n<li>UV maskas<\/li>\n<\/ul>\n<\/li>\n<li>Termiski vado\u0161i materi\u0101li\n<ul>\n<li>Termiski vado\u0161as l\u012bmes<\/li>\n<li>Termiski vado\u0161as masas<\/li>\n<li>Termiski vado\u0161as pastas<\/li>\n<\/ul>\n<\/li>\n<li>Materi\u0101li lod\u0113\u0161anai\n<ul>\n<li>Lod\u0113\u0161anas pastas<\/li>\n<li>SMT l\u012bmes<\/li>\n<li>Lodalva<\/li>\n<li>Lod\u0113\u0161anas stieples<\/li>\n<li>Ku\u0161\u0146i<\/li>\n<\/ul>\n<\/li>\n<li>Elektro \u0137imik\u0101lijas: t\u012br\u012bt\u0101ji un attaukot\u0101ji elektronisk\u0101m ier\u012bc\u0113m<\/li>\n<li>Papildu produkti<\/li>\n<\/ul>\n<h2>Galven\u0101s pielietojuma jomas:<\/h2>\n<ul>\n<li>Autob\u016bve<\/li>\n<li>Telekomunik\u0101cija<\/li>\n<li>Datori<\/li>\n<li>R\u016bpniec\u012bbas un pat\u0113r\u0113t\u0101ju elektronika<\/li>\n<li>Medic\u012bna<\/li>\n<li>Bru\u0146otie sp\u0113ki<\/li>\n<li>Elektrotehnika<\/li>\n<li>LED apgaismojums<\/li>\n<li>Indukt\u012bvie un pas\u012bvie elementi<\/li>\n<li>Fotoelementi<\/li>\n<li>Citas elektronikas \/ elektriskas ier\u012bces<\/li>\n<\/ul>\n<p>[\/vc_column_text][\/vc_column][\/vc_row]<\/p>\n<\/div>","protected":false},"excerpt":{"rendered":"<p>[vc_row][vc_column][vc_column_text] Materi\u0101li elektronikas nozarei M\u016bsu pied\u0101v\u0101tie materi\u0101li: &#8220;Conformal coatings&#8221; lakas Silikoni elektronisk\u0101m ier\u012bc\u0113m Silikona l\u012bmes un herm\u0113ti\u0137i Silikona masas un g\u0113li Sve\u0137i komponentu bl\u012bv\u0113\u0161anai un nodro\u0161in\u0101\u0161anai Poliuret\u0101na sve\u0137i Epoks\u012bda sve\u0137i UV materi\u0101li UV l\u012bmes Sve\u0137i UV aizlie\u0161anai un bl\u012bv\u0113\u0161anai UV lakas Materi\u0101li UV lamin\u0113\u0161anai UV maskas Termiski vado\u0161i materi\u0101li Termiski vado\u0161as l\u012bmes Termiski vado\u0161as masas<\/p>\n<div><a class=\"btn-filled btn\" href=\"https:\/\/www.milar.pl\/lv\/materials-for-electronics\/\" title=\"Materi\u0101li elektronikas nozarei\">Read More<\/a><\/div>\n","protected":false},"author":1,"featured_media":0,"parent":0,"menu_order":0,"comment_status":"closed","ping_status":"closed","template":"page-templates\/sidebar-right.php","meta":{"footnotes":""},"class_list":["post-2614","page","type-page","status-publish","hentry"],"aioseo_notices":[],"_links":{"self":[{"href":"https:\/\/www.milar.pl\/lv\/wp-json\/wp\/v2\/pages\/2614","targetHints":{"allow":["GET"]}}],"collection":[{"href":"https:\/\/www.milar.pl\/lv\/wp-json\/wp\/v2\/pages"}],"about":[{"href":"https:\/\/www.milar.pl\/lv\/wp-json\/wp\/v2\/types\/page"}],"author":[{"embeddable":true,"href":"https:\/\/www.milar.pl\/lv\/wp-json\/wp\/v2\/users\/1"}],"replies":[{"embeddable":true,"href":"https:\/\/www.milar.pl\/lv\/wp-json\/wp\/v2\/comments?post=2614"}],"version-history":[{"count":2,"href":"https:\/\/www.milar.pl\/lv\/wp-json\/wp\/v2\/pages\/2614\/revisions"}],"predecessor-version":[{"id":2618,"href":"https:\/\/www.milar.pl\/lv\/wp-json\/wp\/v2\/pages\/2614\/revisions\/2618"}],"wp:attachment":[{"href":"https:\/\/www.milar.pl\/lv\/wp-json\/wp\/v2\/media?parent=2614"}],"curies":[{"name":"wp","href":"https:\/\/api.w.org\/{rel}","templated":true}]}}