{"id":2619,"date":"2018-04-12T09:46:38","date_gmt":"2018-04-12T07:46:38","guid":{"rendered":"http:\/\/www.milar.pl\/new-site-milar-pl\/?page_id=2619"},"modified":"2018-04-12T09:48:29","modified_gmt":"2018-04-12T07:48:29","slug":"materials-for-the-power-industry-and-electrical-engineering","status":"publish","type":"page","link":"https:\/\/www.milar.pl\/lv\/materials-for-the-power-industry-and-electrical-engineering\/","title":{"rendered":"Materi\u0101li ener\u0123\u0113tikas un elektrotehnikas nozarei"},"content":{"rendered":"<h1>Materi\u0101li ener\u0123\u0113tikas un elektrotehnikas nozarei<\/h1>\n<h2>M\u016bsu pied\u0101v\u0101tie materi\u0101li:<\/h2>\n<ul>\n<li>Epoks\u012bda sve\u0137i l\u0113jumiem<\/li>\n<li>Epoks\u012bda un poliuret\u0101na sve\u0137i aizpild\u012b\u0161anai un bl\u012bv\u0113\u0161anai<\/li>\n<li>Lakas un sve\u0137i impregn\u0113\u0161anai<\/li>\n<li>Silikoni\n<ul>\n<li>RTV silikoni<\/li>\n<li>HTV, LSR silikoni<\/li>\n<\/ul>\n<\/li>\n<li>Epoks\u012bda, poliestera un fenola prespulveri<\/li>\n<li>Krep\u0113ts un neorganisks pap\u012brs<\/li>\n<\/ul>\n<h2>Galven\u0101s pielietojuma jomas:<\/h2>\n<ul>\n<li>Silikoni un \u0123eneratori<\/li>\n<li>Izolatori<\/li>\n<li>Transformatori<\/li>\n<li>Elektroizol\u0101cijas lamin\u0101ti<\/li>\n<li>Kabe\u013cu caurules<\/li>\n<li>Izol\u0113ti korpusi, k\u0101rbas un savienojumi<\/li>\n<\/ul>\n<p>&nbsp;<\/p>\n","protected":false},"excerpt":{"rendered":"<p>Materi\u0101li ener\u0123\u0113tikas un elektrotehnikas nozarei M\u016bsu pied\u0101v\u0101tie materi\u0101li: Epoks\u012bda sve\u0137i l\u0113jumiem Epoks\u012bda un poliuret\u0101na sve\u0137i aizpild\u012b\u0161anai un bl\u012bv\u0113\u0161anai Lakas un sve\u0137i impregn\u0113\u0161anai Silikoni RTV silikoni HTV, LSR silikoni Epoks\u012bda, poliestera un fenola prespulveri Krep\u0113ts un neorganisks pap\u012brs Galven\u0101s pielietojuma jomas: Silikoni un \u0123eneratori Izolatori Transformatori Elektroizol\u0101cijas lamin\u0101ti Kabe\u013cu caurules Izol\u0113ti korpusi, k\u0101rbas un savienojumi &nbsp;<\/p>\n","protected":false},"author":1,"featured_media":0,"parent":0,"menu_order":0,"comment_status":"closed","ping_status":"closed","template":"page-templates\/sidebar-right.php","meta":{"footnotes":""},"class_list":["post-2619","page","type-page","status-publish","hentry"],"aioseo_notices":[],"_links":{"self":[{"href":"https:\/\/www.milar.pl\/lv\/wp-json\/wp\/v2\/pages\/2619","targetHints":{"allow":["GET"]}}],"collection":[{"href":"https:\/\/www.milar.pl\/lv\/wp-json\/wp\/v2\/pages"}],"about":[{"href":"https:\/\/www.milar.pl\/lv\/wp-json\/wp\/v2\/types\/page"}],"author":[{"embeddable":true,"href":"https:\/\/www.milar.pl\/lv\/wp-json\/wp\/v2\/users\/1"}],"replies":[{"embeddable":true,"href":"https:\/\/www.milar.pl\/lv\/wp-json\/wp\/v2\/comments?post=2619"}],"version-history":[{"count":2,"href":"https:\/\/www.milar.pl\/lv\/wp-json\/wp\/v2\/pages\/2619\/revisions"}],"predecessor-version":[{"id":2624,"href":"https:\/\/www.milar.pl\/lv\/wp-json\/wp\/v2\/pages\/2619\/revisions\/2624"}],"wp:attachment":[{"href":"https:\/\/www.milar.pl\/lv\/wp-json\/wp\/v2\/media?parent=2619"}],"curies":[{"name":"wp","href":"https:\/\/api.w.org\/{rel}","templated":true}]}}