{"id":2620,"date":"2018-04-12T09:46:26","date_gmt":"2018-04-12T07:46:26","guid":{"rendered":"http:\/\/www.milar.pl\/new-site-milar-pl\/?page_id=2620"},"modified":"2018-04-12T09:47:20","modified_gmt":"2018-04-12T07:47:20","slug":"tooling-materials","status":"publish","type":"page","link":"https:\/\/www.milar.pl\/lv\/tooling-materials\/","title":{"rendered":"Instrumenti"},"content":{"rendered":"<div class=\"wpb-content-wrapper\"><p>[vc_row][vc_column][vc_column_text]<\/p>\n<h1>Instrumenti<\/h1>\n<h2>Produkti veidn\u0113m, instrumentiem, mode\u013ciem un prototipiem<\/h2>\n<h2>M\u016bsu pied\u0101v\u0101tie materi\u0101li:<\/h2>\n<ul>\n<li>Pl\u0101ksnes un pastas mode\u013ciem un instrumentiem\n<ul>\n<li>Pl\u0101ksnes mode\u013ciem<\/li>\n<li>Instrumentu pl\u0101ksnes<\/li>\n<li>Lietie bloki un veidnes<\/li>\n<li>Pastas un \u0161pakte\u013cmasas manu\u0101lai un meh\u0101niskai apstr\u0101dei<\/li>\n<\/ul>\n<\/li>\n<li>P\u0101rkl\u0101jumi un sve\u0137i lamin\u0113\u0161anai\n<ul>\n<li>Epoks\u012bda un poliuret\u0101na p\u0101rkl\u0101jumi<\/li>\n<li>Epoks\u012bda sve\u0137i lamin\u0113\u0161anai<\/li>\n<li>Epoks\u012bda pastas lamin\u0113\u0161anai<\/li>\n<\/ul>\n<\/li>\n<li>Sve\u0137i lie\u0161anai\n<ul>\n<li>Epoks\u012bda sve\u0137i<\/li>\n<li>\u0100tri ciet\u0113jo\u0161i poliuret\u0101na materi\u0101li<\/li>\n<li>MassCasting &#8211; sve\u0137i liela izm\u0113ra l\u0113jumiem<\/li>\n<li>Elast\u012bgi poliuret\u0101na materi\u0101li<\/li>\n<\/ul>\n<\/li>\n<li>Sve\u0137i prototipiem un maz\u0101m ra\u017eo\u0161anas partij\u0101m\n<ul>\n<li>Sve\u0137i prototipiem &#8211; zemspiediena iesmidzin\u0101\u0161ana (RIM)<\/li>\n<li>Sve\u0137i prototipiem &#8211; vakuuma lie\u0161ana (Vacuum Casting)<\/li>\n<\/ul>\n<\/li>\n<li>Form\u0113\u0161anas silikoni\n<ul>\n<li>Piedevu silikoni<\/li>\n<li>Kondens\u0101cijas silikoni<\/li>\n<li>Speci\u0101lie silikoni<\/li>\n<\/ul>\n<\/li>\n<li>Vinilestera un poliestera form\u0113\u0161anas sist\u0113mas\n<ul>\n<li>Materi\u0101li mode\u013cu apdarei<\/li>\n<li>\u0100tr\u0101s nesar\u016bko\u0161\u0101s form\u0113\u0161anas sist\u0113mas<\/li>\n<\/ul>\n<\/li>\n<li>Akrila sve\u0137i\n<ul>\n<li>Pamata sist\u0113mas<\/li>\n<li>Speci\u0101l\u0101s sist\u0113mas<\/li>\n<li>Papildu produkti<\/li>\n<\/ul>\n<\/li>\n<li>Pal\u012bgmateri\u0101li\n<ul>\n<li>Atdal\u012b\u0161anas l\u012bdzek\u013ci<\/li>\n<li>Pildvielas<\/li>\n<li>Kalibr\u0113tas vaska loksnes<\/li>\n<li>Kr\u0101svielas<\/li>\n<\/ul>\n<\/li>\n<\/ul>\n<h2>Galven\u0101s pielietojuma jomas:<\/h2>\n<ul>\n<li>Sadz\u012bves tehnika<\/li>\n<li>Celtniec\u012bba<\/li>\n<li>Keramika<\/li>\n<li>Ener\u0123\u0113tika un elektronika<\/li>\n<li>V\u0113ja ener\u0123ija<\/li>\n<li>Kalnr\u016bpniec\u012bba<\/li>\n<li>Jahtas un laivas<\/li>\n<li>Apkope<\/li>\n<li>Lidma\u0161\u012bnu b\u016bvniec\u012bba<\/li>\n<li>Ma\u0161\u012bnas un iek\u0101rtas<\/li>\n<li>Medic\u012bna<\/li>\n<li>Autob\u016bve<\/li>\n<li>Lietuves<\/li>\n<li>Plastmasas materi\u0101lu apstr\u0101de<\/li>\n<li>Rekl\u0101ma<\/li>\n<li>Sports un izklaide<\/li>\n<li>M\u0101ksla<\/li>\n<li>Te\u0101tris un kino<\/li>\n<li>Telekomunik\u0101cija<\/li>\n<li>Dzelzce\u013ca transports<\/li>\n<li>Bru\u0146ojums<\/li>\n<\/ul>\n<p>[\/vc_column_text][\/vc_column][\/vc_row]<\/p>\n<\/div>","protected":false},"excerpt":{"rendered":"<p>[vc_row][vc_column][vc_column_text] Instrumenti Produkti veidn\u0113m, instrumentiem, mode\u013ciem un prototipiem M\u016bsu pied\u0101v\u0101tie materi\u0101li: Pl\u0101ksnes un pastas mode\u013ciem un instrumentiem Pl\u0101ksnes mode\u013ciem Instrumentu pl\u0101ksnes Lietie bloki un veidnes Pastas un \u0161pakte\u013cmasas manu\u0101lai un meh\u0101niskai apstr\u0101dei P\u0101rkl\u0101jumi un sve\u0137i lamin\u0113\u0161anai Epoks\u012bda un poliuret\u0101na p\u0101rkl\u0101jumi Epoks\u012bda sve\u0137i lamin\u0113\u0161anai Epoks\u012bda pastas lamin\u0113\u0161anai Sve\u0137i lie\u0161anai Epoks\u012bda sve\u0137i \u0100tri ciet\u0113jo\u0161i poliuret\u0101na materi\u0101li MassCasting<\/p>\n<div><a class=\"btn-filled btn\" href=\"https:\/\/www.milar.pl\/lv\/tooling-materials\/\" title=\"Instrumenti\">Read More<\/a><\/div>\n","protected":false},"author":1,"featured_media":0,"parent":0,"menu_order":0,"comment_status":"closed","ping_status":"closed","template":"page-templates\/sidebar-right.php","meta":{"footnotes":""},"class_list":["post-2620","page","type-page","status-publish","hentry"],"aioseo_notices":[],"_links":{"self":[{"href":"https:\/\/www.milar.pl\/lv\/wp-json\/wp\/v2\/pages\/2620","targetHints":{"allow":["GET"]}}],"collection":[{"href":"https:\/\/www.milar.pl\/lv\/wp-json\/wp\/v2\/pages"}],"about":[{"href":"https:\/\/www.milar.pl\/lv\/wp-json\/wp\/v2\/types\/page"}],"author":[{"embeddable":true,"href":"https:\/\/www.milar.pl\/lv\/wp-json\/wp\/v2\/users\/1"}],"replies":[{"embeddable":true,"href":"https:\/\/www.milar.pl\/lv\/wp-json\/wp\/v2\/comments?post=2620"}],"version-history":[{"count":2,"href":"https:\/\/www.milar.pl\/lv\/wp-json\/wp\/v2\/pages\/2620\/revisions"}],"predecessor-version":[{"id":2623,"href":"https:\/\/www.milar.pl\/lv\/wp-json\/wp\/v2\/pages\/2620\/revisions\/2623"}],"wp:attachment":[{"href":"https:\/\/www.milar.pl\/lv\/wp-json\/wp\/v2\/media?parent=2620"}],"curies":[{"name":"wp","href":"https:\/\/api.w.org\/{rel}","templated":true}]}}